{"id":809,"date":"2025-01-10T19:26:17","date_gmt":"2025-01-10T19:26:17","guid":{"rendered":"https:\/\/rentamac.io\/?page_id=809"},"modified":"2025-02-20T16:47:55","modified_gmt":"2025-02-20T16:47:55","slug":"bize-ulasin","status":"publish","type":"page","link":"https:\/\/rentamac.io\/tr\/contact-us\/","title":{"rendered":"Bize Ula\u015f\u0131n"},"content":{"rendered":"<div data-elementor-type=\"wp-page\" data-elementor-id=\"809\" class=\"elementor elementor-809\" data-elementor-settings=\"{&quot;ha_cmc_init_switcher&quot;:&quot;no&quot;}\" data-elementor-post-type=\"page\">\n\t\t\t\t<div class=\"elementor-element elementor-element-17f60a2 e-flex e-con-boxed e-con e-parent\" data-id=\"17f60a2\" data-element_type=\"container\" data-e-type=\"container\" data-settings=\"{&quot;_ha_eqh_enable&quot;:false}\">\n\t\t\t\t\t<div class=\"e-con-inner\">\n\t\t\t\t<div class=\"elementor-element elementor-element-386e801 elementor-widget elementor-widget-heading\" data-id=\"386e801\" data-element_type=\"widget\" data-e-type=\"widget\" data-widget_type=\"heading.default\">\n\t\t\t\t<div class=\"elementor-widget-container\">\n\t\t\t\t\t<h2 class=\"elementor-heading-title elementor-size-default\">Bize Ula\u015f\u0131n <\/h2>\t\t\t\t<\/div>\n\t\t\t\t<\/div>\n\t\t\t\t<div class=\"elementor-element elementor-element-83f7499 elementor-widget elementor-widget-heading\" data-id=\"83f7499\" data-element_type=\"widget\" data-e-type=\"widget\" data-widget_type=\"heading.default\">\n\t\t\t\t<div class=\"elementor-widget-container\">\n\t\t\t\t\t<h3 class=\"elementor-heading-title elementor-size-default\">T\u00fcm Mac kiralama sorular\u0131n\u0131z i\u00e7in Rent a Mac ile ba\u011flant\u0131 kurun Destek ekibimize do\u011frudan ileti\u015fim kanallar\u0131 sa\u011flayarak ihtiya\u00e7lar\u0131n\u0131z i\u00e7in h\u0131zl\u0131 yard\u0131m sa\u011fl\u0131yoruz.<\/h3>\t\t\t\t<\/div>\n\t\t\t\t<\/div>\n\t\t\t\t\t<\/div>\n\t\t\t\t<\/div>\n\t\t<div class=\"elementor-element elementor-element-fa7694c e-flex e-con-boxed e-con e-parent\" data-id=\"fa7694c\" data-element_type=\"container\" data-e-type=\"container\" data-settings=\"{&quot;_ha_eqh_enable&quot;:false}\">\n\t\t\t\t\t<div class=\"e-con-inner\">\n\t\t\t\t\t<\/div>\n\t\t\t\t<\/div>\n\t\t\t\t<\/div>","protected":false},"excerpt":{"rendered":"<p>Bize Ula\u015f\u0131n T\u00fcm Mac kiralama sorular\u0131n\u0131z i\u00e7in Rent a Mac ile ba\u011flant\u0131 kurun Destek ekibimize do\u011frudan ileti\u015fim kanallar\u0131 sa\u011flayarak ihtiya\u00e7lar\u0131n\u0131z i\u00e7in h\u0131zl\u0131 yard\u0131m sa\u011fl\u0131yoruz. \u0130sim E-posta Mesaj G\u00f6nder<\/p>","protected":false},"author":1,"featured_media":0,"parent":0,"menu_order":0,"comment_status":"closed","ping_status":"closed","template":"","meta":{"footnotes":""},"class_list":["post-809","page","type-page","status-publish","hentry"],"_links":{"self":[{"href":"https:\/\/rentamac.io\/tr\/wp-json\/wp\/v2\/pages\/809","targetHints":{"allow":["GET"]}}],"collection":[{"href":"https:\/\/rentamac.io\/tr\/wp-json\/wp\/v2\/pages"}],"about":[{"href":"https:\/\/rentamac.io\/tr\/wp-json\/wp\/v2\/types\/page"}],"author":[{"embeddable":true,"href":"https:\/\/rentamac.io\/tr\/wp-json\/wp\/v2\/users\/1"}],"replies":[{"embeddable":true,"href":"https:\/\/rentamac.io\/tr\/wp-json\/wp\/v2\/comments?post=809"}],"version-history":[{"count":13,"href":"https:\/\/rentamac.io\/tr\/wp-json\/wp\/v2\/pages\/809\/revisions"}],"predecessor-version":[{"id":1109,"href":"https:\/\/rentamac.io\/tr\/wp-json\/wp\/v2\/pages\/809\/revisions\/1109"}],"wp:attachment":[{"href":"https:\/\/rentamac.io\/tr\/wp-json\/wp\/v2\/media?parent=809"}],"curies":[{"name":"wp","href":"https:\/\/api.w.org\/{rel}","templated":true}]}}