{"id":729,"date":"2025-01-09T18:43:38","date_gmt":"2025-01-09T18:43:38","guid":{"rendered":"https:\/\/rentamac.io\/?page_id=729"},"modified":"2025-11-11T18:25:40","modified_gmt":"2025-11-11T18:25:40","slug":"hi%cc%87zmet-sartlari","status":"publish","type":"page","link":"https:\/\/rentamac.io\/tr\/terms-of-service\/","title":{"rendered":"Hizmet Ko\u015fullar\u0131"},"content":{"rendered":"<div data-elementor-type=\"wp-page\" data-elementor-id=\"729\" class=\"elementor elementor-729\" data-elementor-settings=\"{&quot;ha_cmc_init_switcher&quot;:&quot;no&quot;}\" data-elementor-post-type=\"page\">\n\t\t\t\t<div class=\"elementor-element elementor-element-1e442b58 e-con-full e-flex e-con e-parent\" data-id=\"1e442b58\" data-element_type=\"container\" data-e-type=\"container\" data-settings=\"{&quot;background_background&quot;:&quot;classic&quot;,&quot;_ha_eqh_enable&quot;:false}\">\n\t\t<div class=\"elementor-element elementor-element-260621c e-flex e-con-boxed e-con e-child\" data-id=\"260621c\" data-element_type=\"container\" data-e-type=\"container\" data-settings=\"{&quot;_ha_eqh_enable&quot;:false}\">\n\t\t\t\t\t<div class=\"e-con-inner\">\n\t\t<div class=\"elementor-element elementor-element-c72fde3 e-grid e-con-full e-con e-child\" data-id=\"c72fde3\" data-element_type=\"container\" data-e-type=\"container\" data-settings=\"{&quot;_ha_eqh_enable&quot;:false}\">\n\t\t\t\t<div class=\"elementor-element elementor-element-d2dd03e elementor-widget elementor-widget-heading\" data-id=\"d2dd03e\" data-element_type=\"widget\" data-e-type=\"widget\" data-widget_type=\"heading.default\">\n\t\t\t\t<div class=\"elementor-widget-container\">\n\t\t\t\t\t<h2 class=\"elementor-heading-title elementor-size-default\">Hizmet Ko\u015fullar\u0131<\/h2>\t\t\t\t<\/div>\n\t\t\t\t<\/div>\n\t\t\t\t<div class=\"elementor-element elementor-element-d05d8e0 elementor-widget elementor-widget-image\" data-id=\"d05d8e0\" data-element_type=\"widget\" data-e-type=\"widget\" data-widget_type=\"image.default\">\n\t\t\t\t<div class=\"elementor-widget-container\">\n\t\t\t\t\t\t\t\t\t\t\t\t\t\t\t<img fetchpriority=\"high\" decoding=\"async\" width=\"300\" height=\"200\" src=\"https:\/\/rentamac.io\/wp-content\/uploads\/2025\/01\/1.svg\" class=\"attachment-medium size-medium wp-image-743\" alt=\"\" \/>\t\t\t\t\t\t\t\t\t\t\t\t\t\t\t<\/div>\n\t\t\t\t<\/div>\n\t\t\t\t<\/div>\n\t\t\t\t\t<\/div>\n\t\t\t\t<\/div>\n\t\t<div class=\"elementor-element elementor-element-1189045 e-flex e-con-boxed e-con e-child\" data-id=\"1189045\" data-element_type=\"container\" data-e-type=\"container\" data-settings=\"{&quot;_ha_eqh_enable&quot;:false}\">\n\t\t\t\t\t<div class=\"e-con-inner\">\n\t\t\t\t<div class=\"elementor-element elementor-element-c5a9145 elementor-widget elementor-widget-text-editor\" data-id=\"c5a9145\" data-element_type=\"widget\" data-e-type=\"widget\" data-widget_type=\"text-editor.default\">\n\t\t\t\t<div class=\"elementor-widget-container\">\n\t\t\t\t\t\t\t\t\t<h3><br \/><strong>1. Giri\u015f<\/strong><\/h3><p><strong>Amac\u0131m\u0131z:<\/strong><\/p><p>Bu Hizmet Ko\u015fullar\u0131 (\u201cKo\u015fullar\u201d) Rent a Mac'in hizmetlerini ve web sitesini kullan\u0131m\u0131n\u0131z\u0131 y\u00f6netir. Hizmetlerimizi kullanarak, siz (\u201ckullan\u0131c\u0131\u201d) ve WLF Digital Solutions LTD aras\u0131nda yasal olarak ba\u011flay\u0131c\u0131 bir s\u00f6zle\u015fme olu\u015fturan bu s\u00f6zle\u015fmede belirtilen \u015fartlar\u0131 kabul etmi\u015f olursunuz. Bu anla\u015fma, hizmetlerimizin kullan\u0131m\u0131na ili\u015fkin net beklentiler belirleyerek her iki taraf\u0131 da korur.<\/p><p><strong>Kabul:<\/strong><\/p><p>Hizmetlerimize eri\u015ferek veya hizmetlerimizi kullanarak, bu \u015eartlara uymay\u0131 kabul etmi\u015f olursunuz. Bu \u015eartlar\u0131 veya Gizlilik Politikam\u0131z ve Kabul Edilebilir Kullan\u0131m Politikam\u0131z dahil olmak \u00fczere politikalar\u0131m\u0131z\u0131n herhangi bir b\u00f6l\u00fcm\u00fcn\u00fc kabul etmiyorsan\u0131z, hizmetlerimizi kullanamazs\u0131n\u0131z. WLF Digital Solutions LTD, bu \u015eartlar\u0131 istedi\u011fi zaman g\u00fcncelleme hakk\u0131n\u0131 sakl\u0131 tutar ve de\u011fi\u015fiklikler web sitemizde yay\u0131nland\u0131ktan sonra y\u00fcr\u00fcrl\u00fc\u011fe girer. \u015eartlar\u0131 periyodik olarak g\u00f6zden ge\u00e7irmek sizin sorumlulu\u011funuzdad\u0131r.<\/p><hr \/><h3><strong>2. Sa\u011flanan Hizmetler<\/strong><\/h3><p><strong>A\u00e7\u0131klama:<\/strong><\/p><p>Rent a Mac, uzaktan Mac kiralama hizmetleri sunarak bireysel ve i\u015f ihtiya\u00e7lar\u0131na g\u00f6re uyarlanm\u0131\u015f premium macOS ortamlar\u0131na eri\u015fim sa\u011flar. Hizmetlerimiz yaz\u0131l\u0131m geli\u015ftirme, grafik tasar\u0131m ve test ortamlar\u0131 dahil olmak \u00fczere \u00e7e\u015fitli profesyonel ama\u00e7lar i\u00e7in tasarlanm\u0131\u015ft\u0131r.<\/p><p><strong>Uygunluk:<\/strong><\/p><p>Hizmetlerimize eri\u015fmek i\u00e7in en az 18 ya\u015f\u0131nda veya yarg\u0131 b\u00f6lgenizdeki yasal re\u015fit olma ya\u015f\u0131nda olman\u0131z gerekir. Kaydolarak, bu gereklili\u011fi kar\u015f\u0131lad\u0131\u011f\u0131n\u0131z\u0131 ve bu s\u00f6zle\u015fmeye girmek i\u00e7in yasal olarak yetkili oldu\u011funuzu onaylars\u0131n\u0131z. Bu gereklili\u011fi kar\u015f\u0131lamayan ki\u015filer taraf\u0131ndan olu\u015fturulan hesaplar, \u00f6nceden haber verilmeksizin ask\u0131ya al\u0131nabilir veya feshedilebilir.<\/p><hr \/><h3><strong>3. Kullan\u0131c\u0131 Sorumluluklar\u0131<\/strong><\/h3><p><strong>Hesap Bilgileri:<\/strong><\/p><p>Kay\u0131t i\u015flemi s\u0131ras\u0131nda do\u011fru, eksiksiz ve g\u00fcncel bilgiler vermeniz gerekmektedir. E-posta ve fatura bilgileri de dahil olmak \u00fczere hesap bilgilerinizi g\u00fcncel tutmak sizin sorumlulu\u011funuzdad\u0131r. Yanl\u0131\u015f veya yan\u0131lt\u0131c\u0131 bilgi vermek hesab\u0131n ask\u0131ya al\u0131nmas\u0131na veya feshedilmesine neden olabilir.<\/p><p><strong>Uyumluluk:<\/strong><\/p><p>Hizmetleri y\u00fcr\u00fcrl\u00fckteki t\u00fcm yasalara, y\u00f6netmeliklere ve bu \u015eartlara uygun olarak kullanmay\u0131 kabul edersiniz. Hesap kimlik bilgilerinizin yetkisiz payla\u015f\u0131m\u0131 yasakt\u0131r. Hesab\u0131n\u0131z \u00fczerinden ger\u00e7ekle\u015ftirilen her t\u00fcrl\u00fc faaliyetten yaln\u0131zca siz sorumlusunuz ve yetkisiz eri\u015fim veya g\u00fcvenlik ihlallerini derhal bize bildirmelisiniz.<\/p><hr \/><h3><strong>4. Kabul Edilebilir Kullan\u0131m Politikas\u0131<\/strong><\/h3><p data-start=\"171\" data-end=\"199\"><strong data-start=\"171\" data-end=\"197\">Yasaklanm\u0131\u015f Faaliyetler:<\/strong><\/p><ul data-start=\"200\" data-end=\"734\"><li data-start=\"200\" data-end=\"272\"><p data-start=\"202\" data-end=\"272\">Di\u011fer sistemlere veya a\u011flara yetkisiz eri\u015fim sa\u011flamaya \u00e7al\u0131\u015fmak.<\/p><\/li><li data-start=\"273\" data-end=\"366\"><p data-start=\"275\" data-end=\"366\">Vir\u00fcs veya fidye yaz\u0131l\u0131m\u0131 gibi k\u00f6t\u00fc ama\u00e7l\u0131 yaz\u0131l\u0131mlar\u0131 da\u011f\u0131tan faaliyetlerde bulunmak.<\/p><\/li><li data-start=\"367\" data-end=\"490\"><p data-start=\"369\" data-end=\"490\">Telif hakk\u0131 ihlali, doland\u0131r\u0131c\u0131l\u0131k veya yetkisiz veri madencili\u011fi dahil ancak bunlarla s\u0131n\u0131rl\u0131 olmamak \u00fczere yasa d\u0131\u015f\u0131 faaliyetler y\u00fcr\u00fctmek.<\/p><\/li><li data-start=\"491\" data-end=\"734\"><p data-start=\"493\" data-end=\"734\">\u0130stenmeyen e-postalar (\"spam\") g\u00f6ndermek, toplu veya otomatik mesajla\u015fma, a\u00e7\u0131k SMTP r\u00f6leleri \u00e7al\u0131\u015ft\u0131rmak, toplu hesap olu\u015fturmak veya ba\u015fka bir \u015fekilde spam trafi\u011fi olu\u015fturmak (analizleri, reklamlar\u0131 veya itibar sistemlerini manip\u00fcle etmek i\u00e7in tasarlanm\u0131\u015f trafik dahil).<\/p><\/li><\/ul><p data-start=\"736\" data-end=\"974\"><strong data-start=\"736\" data-end=\"752\">Y\u00fcr\u00fctme:<\/strong><br data-start=\"752\" data-end=\"755\" \/>Bu politikaya uyulmamas\u0131, hesab\u0131n derhal ask\u0131ya al\u0131nmas\u0131na veya feshedilmesine ve olas\u0131 yasal i\u015flemlere neden olabilir. WLF Digital Solutions LTD, kullan\u0131m\u0131 izleme ve \u015f\u00fcpheli ihlalleri soru\u015fturma hakk\u0131n\u0131 sakl\u0131 tutar.<\/p><p data-start=\"976\" data-end=\"1313\">Tamamen kendi takdirimize ba\u011fl\u0131 olarak, ola\u011fand\u0131\u015f\u0131, \u015f\u00fcpheli veya potansiyel olarak zararl\u0131 bir faaliyet tespit edilirse, WLF Digital Solutions LTD kullan\u0131c\u0131n\u0131n hesab\u0131n\u0131 ask\u0131ya alabilir veya engelleyebilir, kiralanan Mac'lere eri\u015fimi iptal edebilir ve \u00f6nceden haber vermeksizin ilgili verileri silebilir. Bu gibi durumlarda, kalan abonelik s\u00fcresine bak\u0131lmaks\u0131z\u0131n para iadesi yap\u0131lmayacakt\u0131r.<\/p><p data-start=\"1315\" data-end=\"1818\">Ayr\u0131ca WLF Digital Solutions LTD, eri\u015fimi geri y\u00fcklemeden \u00f6nce kullan\u0131c\u0131lardan M\u00fc\u015fterini Tan\u0131 (KYC) do\u011frulama s\u00fcrecini tamamlamalar\u0131n\u0131 talep etme hakk\u0131n\u0131 sakl\u0131 tutar. KYC s\u00fcreci ba\u015far\u0131yla tamamlan\u0131rsa, ask\u0131ya almaya neden olan faaliyetin ciddiyetine ve niteli\u011fine ba\u011fl\u0131 olarak kullan\u0131c\u0131n\u0131n hesab\u0131 yeniden etkinle\u015ftirilebilir ve kiralanan bir Mac'e eri\u015fim geri y\u00fcklenebilir. \u0130hlalin \u00e7ok ciddi oldu\u011fu d\u00fc\u015f\u00fcn\u00fcl\u00fcrse CodeNotion Limited, KYC tamamland\u0131ktan sonra bile hesab\u0131 kal\u0131c\u0131 olarak ask\u0131ya alma hakk\u0131n\u0131 sakl\u0131 tutar.<\/p><hr \/><h3><strong>5. Abonelik ve \u00d6deme<\/strong><\/h3><p><strong>Planlar:<\/strong><\/p><p>Esnek abonelik planlar\u0131 sunuyoruz, detayl\u0131 bilgi i\u00e7in <a href=\"https:\/\/rentamac.io\/tr\/fiyatlandirma\/\" target=\"_new\" rel=\"noopener\">Fiyatland\u0131rma<\/a> sayfa. Bu planlar g\u00fcnl\u00fck kiralamadan uzun vadeli se\u00e7eneklere kadar farkl\u0131 kullan\u0131c\u0131 ihtiya\u00e7lar\u0131na cevap vermektedir. Abonelik \u00fccretleri de\u011fi\u015febilir; ancak kullan\u0131c\u0131lar mevcut planlar\u0131n\u0131 etkileyen herhangi bir de\u011fi\u015fiklikten \u00f6nceden haberdar edilecektir.<\/p><p><strong>\u00d6deme Y\u00f6ntemleri:<\/strong><\/p><p>\u00d6demeler kredi\/banka kartlar\u0131 ve PayPal arac\u0131l\u0131\u011f\u0131yla kabul edilmektedir. T\u00fcm \u00f6demeler abonelik aktivasyonu s\u0131ras\u0131nda tamamlanmal\u0131d\u0131r. \u00d6demenin yap\u0131lmamas\u0131 hizmetlerin ask\u0131ya al\u0131nmas\u0131na neden olabilir.<\/p><p><strong>Fatura D\u00f6ng\u00fcs\u00fc:<\/strong><\/p><p>Abonelikler her fatura d\u00f6neminin ba\u015f\u0131nda otomatik olarak yenilenir. Kullan\u0131c\u0131lar yakla\u015fan yenilemeler hakk\u0131nda e-posta yoluyla bilgilendirilecektir. Otomatik yenilemeleri \u00f6nlemek i\u00e7in iptalleri y\u00f6netmek kullan\u0131c\u0131n\u0131n sorumlulu\u011fundad\u0131r.<\/p><hr \/><h3><strong>6. \u0130ptal ve \u0130adeler<\/strong><\/h3><p><strong>\u0130ptal:<\/strong><\/p><p>Kullan\u0131c\u0131lar aboneliklerini hesap ayarlar\u0131 \u00fczerinden istedikleri zaman iptal edebilirler. Sonraki d\u00f6nem i\u00e7in \u00fccret al\u0131nmamas\u0131 i\u00e7in iptal talepleri bir sonraki faturaland\u0131rma d\u00f6ng\u00fcs\u00fcnden \u00f6nce g\u00f6nderilmelidir. Hizmetlere eri\u015fim, mevcut faturaland\u0131rma d\u00f6ng\u00fcs\u00fcn\u00fcn sonuna kadar aktif kalacakt\u0131r.<\/p><p><strong>Para iadesi:<\/strong><\/p><p>Para iadeleri yaln\u0131zca teknik sorunlar veya sunucular\u0131n kullan\u0131lamamas\u0131 nedeniyle hizmetlerin kullan\u0131lamad\u0131\u011f\u0131 durumlarda yap\u0131l\u0131r. Para iadesi talepleri, olaydan sonraki 14 g\u00fcn i\u00e7inde iletilmelidir. Kullan\u0131lmayan s\u00fcre i\u00e7in geri \u00f6demeler WLF Digital Solutions LTD'nin takdirine ba\u011fl\u0131 olarak yap\u0131l\u0131r.<\/p><p><strong>Anla\u015fmazl\u0131klar:<\/strong><\/p><p>Bir kullan\u0131c\u0131 taraf\u0131ndan yap\u0131lan herhangi bir i\u015flem veya \u00f6demeye itiraz edilmesi durumunda, WLF Digital Solutions LTD, \u00f6nceden bildirimde bulunmaks\u0131z\u0131n, kullan\u0131c\u0131n\u0131n hesab\u0131yla ili\u015fkili t\u00fcm aktif abonelikleri derhal ask\u0131ya alma veya feshetme hakk\u0131n\u0131 sakl\u0131 tutar. Bu t\u00fcr bir fesih \u00fczerine, Mac \u00f6rnekleri dahil ancak bunlarla s\u0131n\u0131rl\u0131 olmamak \u00fczere kiralanan t\u00fcm cihazlar uzaktan silinecek ve ilgili kiralama s\u00f6zle\u015fmeleri derhal ge\u00e7erli olmak \u00fczere feshedilmi\u015f say\u0131lacakt\u0131r.<\/p><p>WLF Digital Solutions LTD, bu t\u00fcr anla\u015fmazl\u0131klar\u0131n sonucuna bak\u0131lmaks\u0131z\u0131n, \u00f6deme anla\u015fmazl\u0131klar\u0131na dahil olan kullan\u0131c\u0131lara herhangi bir yeni cihaz veya hizmet sa\u011flamayacak, kiralamayacak veya ba\u015fka bir \u015fekilde sunmayacakt\u0131r. \u015eirket ayr\u0131ca, sistemlerini, altyap\u0131s\u0131n\u0131 ve m\u00fclkiyet \u00e7\u0131karlar\u0131n\u0131 korumak i\u00e7in veri kald\u0131rma, eri\u015fim iptali ve y\u00fcr\u00fcrl\u00fckteki yasalar kapsam\u0131nda mevcut olan herhangi bir \u00e7\u00f6z\u00fcm\u00fcn takibi dahil ancak bunlarla s\u0131n\u0131rl\u0131 olmamak \u00fczere gerekli g\u00f6rd\u00fc\u011f\u00fc her t\u00fcrl\u00fc \u00f6nlemi alma hakk\u0131n\u0131 sakl\u0131 tutar.<\/p><p><strong>\u00a0<\/strong><\/p><hr \/><h3><strong>7. Veri Gizlili\u011fi ve G\u00fcvenli\u011fi<\/strong><\/h3><p><strong>Yarg\u0131 yetkisi:<\/strong><\/p><p>Bu Ko\u015fullar K\u0131br\u0131s yasalar\u0131na tabidir. Bu anla\u015fmadan do\u011fan her t\u00fcrl\u00fc anla\u015fmazl\u0131k K\u0131br\u0131s'ta bulunan mahkemelerde \u00e7\u00f6z\u00fclecektir.<\/p><hr \/><h3><strong>8. \u015eartlarda Yap\u0131lan De\u011fi\u015fiklikler<\/strong><\/h3><p><strong>De\u011fi\u015fiklikler:<\/strong><\/p><p>WLF Digital Solutions LTD, bu Ko\u015fullar\u0131 istedi\u011fi zaman de\u011fi\u015ftirme hakk\u0131n\u0131 sakl\u0131 tutar. De\u011fi\u015fiklikler web sitemizde yay\u0131nland\u0131ktan sonra y\u00fcr\u00fcrl\u00fc\u011fe girecektir. Kullan\u0131c\u0131lar\u0131n g\u00fcncellemelerden haberdar olmak i\u00e7in \u015eartlar\u0131 periyodik olarak g\u00f6zden ge\u00e7irmeleri tavsiye edilir.<\/p><hr \/><h3><strong>9. \u0130leti\u015fim Bilgileri<\/strong><\/h3><p><strong>Destek:<\/strong><\/p><p>Sorular\u0131n\u0131z, endi\u015feleriniz veya yard\u0131m i\u00e7in l\u00fctfen <a href=\"https:\/\/rentamac.io\/tr\/destek\/\" target=\"_new\" rel=\"noopener\">Destek<\/a> sayfas\u0131ndan veya \u015fu adresten bize ula\u015f\u0131n <a href=\"mailto:support@rentamac.io\">support@rentamac.io<\/a>. Destek ekibimiz, hesap veya hizmetle ilgili her t\u00fcrl\u00fc konuda yard\u0131mc\u0131 olmaya haz\u0131rd\u0131r.<\/p>\t\t\t\t\t\t\t\t<\/div>\n\t\t\t\t<\/div>\n\t\t\t\t\t<\/div>\n\t\t\t\t<\/div>\n\t\t\t\t<\/div>\n\t\t\t\t<\/div>","protected":false},"excerpt":{"rendered":"<p>Terms of Service 1. Introduction Purpose: These Terms of Service (&#8220;Terms&#8221;) govern your use of Rent a Mac&#8217;s services and website. By using our services, you agree to the terms outlined in this agreement, which form a legally binding contract between you (&#8220;the user&#8221;) and WLF Digital Solutions LTD. This agreement protects both parties by [&hellip;]<\/p>\n","protected":false},"author":1,"featured_media":0,"parent":0,"menu_order":0,"comment_status":"closed","ping_status":"closed","template":"","meta":{"footnotes":""},"class_list":["post-729","page","type-page","status-publish","hentry"],"_links":{"self":[{"href":"https:\/\/rentamac.io\/tr\/wp-json\/wp\/v2\/pages\/729","targetHints":{"allow":["GET"]}}],"collection":[{"href":"https:\/\/rentamac.io\/tr\/wp-json\/wp\/v2\/pages"}],"about":[{"href":"https:\/\/rentamac.io\/tr\/wp-json\/wp\/v2\/types\/page"}],"author":[{"embeddable":true,"href":"https:\/\/rentamac.io\/tr\/wp-json\/wp\/v2\/users\/1"}],"replies":[{"embeddable":true,"href":"https:\/\/rentamac.io\/tr\/wp-json\/wp\/v2\/comments?post=729"}],"version-history":[{"count":39,"href":"https:\/\/rentamac.io\/tr\/wp-json\/wp\/v2\/pages\/729\/revisions"}],"predecessor-version":[{"id":4111,"href":"https:\/\/rentamac.io\/tr\/wp-json\/wp\/v2\/pages\/729\/revisions\/4111"}],"wp:attachment":[{"href":"https:\/\/rentamac.io\/tr\/wp-json\/wp\/v2\/media?parent=729"}],"curies":[{"name":"wp","href":"https:\/\/api.w.org\/{rel}","templated":true}]}}