{"id":59,"date":"2024-12-11T14:56:31","date_gmt":"2024-12-11T14:56:31","guid":{"rendered":"https:\/\/rentamac.io\/?page_id=59"},"modified":"2025-01-13T18:38:32","modified_gmt":"2025-01-13T18:38:32","slug":"destek-2","status":"publish","type":"page","link":"https:\/\/rentamac.io\/tr\/support-2\/","title":{"rendered":"Bilmeniz gereken her \u015fey"},"content":{"rendered":"<div data-elementor-type=\"wp-page\" data-elementor-id=\"59\" class=\"elementor elementor-59\" data-elementor-settings=\"{&quot;ha_cmc_init_switcher&quot;:&quot;no&quot;}\" data-elementor-post-type=\"page\">\n\t\t\t\t<div class=\"elementor-element elementor-element-bb8587f e-flex e-con-boxed e-con e-parent\" data-id=\"bb8587f\" data-element_type=\"container\" data-e-type=\"container\" data-settings=\"{&quot;background_background&quot;:&quot;classic&quot;,&quot;_ha_eqh_enable&quot;:false}\">\n\t\t\t\t\t<div class=\"e-con-inner\">\n\t\t\t\t<div class=\"elementor-element elementor-element-7860d22 elementor-widget__width-inherit elementor-absolute elementor-hidden-tablet elementor-hidden-mobile ha-has-bg-overlay elementor-widget elementor-widget-spacer\" data-id=\"7860d22\" data-element_type=\"widget\" data-e-type=\"widget\" data-settings=\"{&quot;_position&quot;:&quot;absolute&quot;}\" data-widget_type=\"spacer.default\">\n\t\t\t\t<div class=\"elementor-widget-container\">\n\t\t\t\t\t\t\t<div class=\"elementor-spacer\">\n\t\t\t<div class=\"elementor-spacer-inner\"><\/div>\n\t\t<\/div>\n\t\t\t\t\t\t<\/div>\n\t\t\t\t<\/div>\n\t\t\t\t<div class=\"elementor-element elementor-element-e017306 elementor-widget__width-inherit elementor-absolute elementor-hidden-tablet elementor-hidden-mobile ha-has-bg-overlay elementor-widget elementor-widget-spacer\" data-id=\"e017306\" data-element_type=\"widget\" data-e-type=\"widget\" data-settings=\"{&quot;_position&quot;:&quot;absolute&quot;}\" data-widget_type=\"spacer.default\">\n\t\t\t\t<div class=\"elementor-widget-container\">\n\t\t\t\t\t\t\t<div class=\"elementor-spacer\">\n\t\t\t<div class=\"elementor-spacer-inner\"><\/div>\n\t\t<\/div>\n\t\t\t\t\t\t<\/div>\n\t\t\t\t<\/div>\n\t\t\t\t<div class=\"elementor-element elementor-element-5b061a3 elementor-widget__width-inherit elementor-absolute elementor-hidden-tablet elementor-hidden-mobile ha-has-bg-overlay elementor-widget elementor-widget-spacer\" data-id=\"5b061a3\" data-element_type=\"widget\" data-e-type=\"widget\" data-settings=\"{&quot;_position&quot;:&quot;absolute&quot;}\" data-widget_type=\"spacer.default\">\n\t\t\t\t<div class=\"elementor-widget-container\">\n\t\t\t\t\t\t\t<div class=\"elementor-spacer\">\n\t\t\t<div class=\"elementor-spacer-inner\"><\/div>\n\t\t<\/div>\n\t\t\t\t\t\t<\/div>\n\t\t\t\t<\/div>\n\t\t\t\t<div class=\"elementor-element elementor-element-624c19f elementor-widget__width-inherit elementor-absolute elementor-hidden-tablet elementor-hidden-mobile ha-has-bg-overlay elementor-widget elementor-widget-spacer\" data-id=\"624c19f\" data-element_type=\"widget\" data-e-type=\"widget\" data-settings=\"{&quot;_position&quot;:&quot;absolute&quot;}\" data-widget_type=\"spacer.default\">\n\t\t\t\t<div class=\"elementor-widget-container\">\n\t\t\t\t\t\t\t<div class=\"elementor-spacer\">\n\t\t\t<div class=\"elementor-spacer-inner\"><\/div>\n\t\t<\/div>\n\t\t\t\t\t\t<\/div>\n\t\t\t\t<\/div>\n\t\t\t\t<div class=\"elementor-element elementor-element-41fce97 elementor-widget__width-inherit elementor-absolute elementor-hidden-tablet elementor-hidden-mobile ha-has-bg-overlay elementor-widget elementor-widget-spacer\" data-id=\"41fce97\" data-element_type=\"widget\" data-e-type=\"widget\" data-settings=\"{&quot;_position&quot;:&quot;absolute&quot;}\" data-widget_type=\"spacer.default\">\n\t\t\t\t<div class=\"elementor-widget-container\">\n\t\t\t\t\t\t\t<div class=\"elementor-spacer\">\n\t\t\t<div class=\"elementor-spacer-inner\"><\/div>\n\t\t<\/div>\n\t\t\t\t\t\t<\/div>\n\t\t\t\t<\/div>\n\t\t\t\t<div class=\"elementor-element elementor-element-96227b7 elementor-widget__width-inherit elementor-absolute elementor-hidden-tablet elementor-hidden-mobile ha-has-bg-overlay elementor-widget elementor-widget-spacer\" data-id=\"96227b7\" data-element_type=\"widget\" data-e-type=\"widget\" data-settings=\"{&quot;_position&quot;:&quot;absolute&quot;}\" data-widget_type=\"spacer.default\">\n\t\t\t\t<div class=\"elementor-widget-container\">\n\t\t\t\t\t\t\t<div class=\"elementor-spacer\">\n\t\t\t<div class=\"elementor-spacer-inner\"><\/div>\n\t\t<\/div>\n\t\t\t\t\t\t<\/div>\n\t\t\t\t<\/div>\n\t\t\t\t<div class=\"elementor-element elementor-element-de4858b elementor-widget__width-inherit elementor-absolute elementor-hidden-tablet elementor-hidden-mobile ha-has-bg-overlay elementor-widget elementor-widget-spacer\" data-id=\"de4858b\" data-element_type=\"widget\" data-e-type=\"widget\" data-settings=\"{&quot;_position&quot;:&quot;absolute&quot;}\" data-widget_type=\"spacer.default\">\n\t\t\t\t<div class=\"elementor-widget-container\">\n\t\t\t\t\t\t\t<div class=\"elementor-spacer\">\n\t\t\t<div class=\"elementor-spacer-inner\"><\/div>\n\t\t<\/div>\n\t\t\t\t\t\t<\/div>\n\t\t\t\t<\/div>\n\t\t\t\t<div class=\"elementor-element elementor-element-91539ca elementor-widget__width-inherit elementor-absolute elementor-hidden-tablet elementor-hidden-mobile ha-has-bg-overlay elementor-widget elementor-widget-spacer\" data-id=\"91539ca\" data-element_type=\"widget\" data-e-type=\"widget\" data-settings=\"{&quot;_position&quot;:&quot;absolute&quot;}\" data-widget_type=\"spacer.default\">\n\t\t\t\t<div class=\"elementor-widget-container\">\n\t\t\t\t\t\t\t<div class=\"elementor-spacer\">\n\t\t\t<div class=\"elementor-spacer-inner\"><\/div>\n\t\t<\/div>\n\t\t\t\t\t\t<\/div>\n\t\t\t\t<\/div>\n\t\t\t\t<div class=\"elementor-element elementor-element-9cc9c20 elementor-widget__width-inherit elementor-absolute elementor-hidden-tablet elementor-hidden-mobile ha-has-bg-overlay elementor-widget elementor-widget-spacer\" data-id=\"9cc9c20\" data-element_type=\"widget\" data-e-type=\"widget\" data-settings=\"{&quot;_position&quot;:&quot;absolute&quot;}\" data-widget_type=\"spacer.default\">\n\t\t\t\t<div class=\"elementor-widget-container\">\n\t\t\t\t\t\t\t<div class=\"elementor-spacer\">\n\t\t\t<div class=\"elementor-spacer-inner\"><\/div>\n\t\t<\/div>\n\t\t\t\t\t\t<\/div>\n\t\t\t\t<\/div>\n\t\t\t\t<div class=\"elementor-element elementor-element-cb979a9 elementor-widget elementor-widget-spacer\" data-id=\"cb979a9\" data-element_type=\"widget\" data-e-type=\"widget\" data-widget_type=\"spacer.default\">\n\t\t\t\t<div class=\"elementor-widget-container\">\n\t\t\t\t\t\t\t<div class=\"elementor-spacer\">\n\t\t\t<div class=\"elementor-spacer-inner\"><\/div>\n\t\t<\/div>\n\t\t\t\t\t\t<\/div>\n\t\t\t\t<\/div>\n\t\t\t\t<div class=\"elementor-element elementor-element-58b8097 elementor-widget elementor-widget-heading\" data-id=\"58b8097\" data-element_type=\"widget\" data-e-type=\"widget\" data-widget_type=\"heading.default\">\n\t\t\t\t<div class=\"elementor-widget-container\">\n\t\t\t\t\t<h2 class=\"elementor-heading-title elementor-size-default\">Windows'ta iOS Uygulamalar\u0131 Nas\u0131l Geli\u015ftirilir? Geli\u015ftiriciler i\u00e7in Ad\u0131m Ad\u0131m K\u0131lavuz<\/h2>\t\t\t\t<\/div>\n\t\t\t\t<\/div>\n\t\t\t\t\t<\/div>\n\t\t\t\t<\/div>\n\t\t<div class=\"elementor-element elementor-element-2c7c189 e-flex e-con-boxed e-con e-parent\" data-id=\"2c7c189\" data-element_type=\"container\" data-e-type=\"container\" data-settings=\"{&quot;background_background&quot;:&quot;classic&quot;,&quot;_ha_eqh_enable&quot;:false}\">\n\t\t\t\t\t<div class=\"e-con-inner\">\n\t\t\t\t<div class=\"elementor-element elementor-element-1b2e0ce elementor-widget elementor-widget-image\" data-id=\"1b2e0ce\" data-element_type=\"widget\" data-e-type=\"widget\" data-widget_type=\"image.default\">\n\t\t\t\t<div class=\"elementor-widget-container\">\n\t\t\t\t\t\t\t\t\t\t\t\t\t\t\t<img fetchpriority=\"high\" decoding=\"async\" width=\"1826\" height=\"1137\" src=\"https:\/\/rentamac.io\/wp-content\/uploads\/2025\/01\/BLOGPIC.png\" class=\"attachment-2048x2048 size-2048x2048 wp-image-776\" alt=\"\" srcset=\"https:\/\/rentamac.io\/wp-content\/uploads\/2025\/01\/BLOGPIC.png 1826w, https:\/\/rentamac.io\/wp-content\/uploads\/2025\/01\/BLOGPIC-300x187.png 300w, https:\/\/rentamac.io\/wp-content\/uploads\/2025\/01\/BLOGPIC-1024x638.png 1024w, https:\/\/rentamac.io\/wp-content\/uploads\/2025\/01\/BLOGPIC-768x478.png 768w, https:\/\/rentamac.io\/wp-content\/uploads\/2025\/01\/BLOGPIC-1536x956.png 1536w\" sizes=\"(max-width: 1826px) 100vw, 1826px\" \/>\t\t\t\t\t\t\t\t\t\t\t\t\t\t\t<\/div>\n\t\t\t\t<\/div>\n\t\t<div class=\"elementor-element elementor-element-96c2246 e-con-full e-flex e-con e-child\" data-id=\"96c2246\" data-element_type=\"container\" data-e-type=\"container\" data-settings=\"{&quot;_ha_eqh_enable&quot;:false}\">\n\t\t\t\t<div class=\"elementor-element elementor-element-e61ef3e elementor-widget elementor-widget-text-editor\" data-id=\"e61ef3e\" data-element_type=\"widget\" data-e-type=\"widget\" data-widget_type=\"text-editor.default\">\n\t\t\t\t<div class=\"elementor-widget-container\">\n\t\t\t\t\t\t\t\t\t<h2 data-pm-slice=\"1 1 []\">Y\u0131llar boyunca, iOS uygulamalar\u0131 geli\u015ftirmenin parlak bir Mac ve onunla birlikte gelen t\u00fcm ara\u00e7lar\u0131 gerektiren \u00f6zel bir kul\u00fcp oldu\u011fu d\u00fc\u015f\u00fcn\u00fcl\u00fcyordu. Peki ya Apple ekosistemi i\u00e7in bir sonraki b\u00fcy\u00fck uygulamay\u0131 yaratma hayalleri olan bir Windows tutkunuysan\u0131z?\u00a0<\/h2>\t\t\t\t\t\t\t\t<\/div>\n\t\t\t\t<\/div>\n\t\t\t\t<\/div>\n\t\t<div class=\"elementor-element elementor-element-d8cecac e-con-full e-flex e-con e-child\" data-id=\"d8cecac\" data-element_type=\"container\" data-e-type=\"container\" data-settings=\"{&quot;_ha_eqh_enable&quot;:false}\">\n\t\t<div class=\"elementor-element elementor-element-d8ef8de e-con-full e-flex e-con e-child\" data-id=\"d8ef8de\" data-element_type=\"container\" data-e-type=\"container\" data-settings=\"{&quot;background_background&quot;:&quot;gradient&quot;,&quot;_ha_eqh_enable&quot;:false}\">\n\t\t<div class=\"elementor-element elementor-element-215ea91 e-con-full e-flex e-con e-child\" data-id=\"215ea91\" data-element_type=\"container\" data-e-type=\"container\" data-settings=\"{&quot;_ha_eqh_enable&quot;:false}\">\n\t\t\t\t<div class=\"elementor-element elementor-element-18752a0 elementor-widget elementor-widget-heading\" data-id=\"18752a0\" data-element_type=\"widget\" data-e-type=\"widget\" data-widget_type=\"heading.default\">\n\t\t\t\t<div class=\"elementor-widget-container\">\n\t\t\t\t\t<h2 class=\"elementor-heading-title elementor-size-default\">Platformlar Aras\u0131 Geli\u015ftirme \u00c7er\u00e7eveleri<\/h2>\t\t\t\t<\/div>\n\t\t\t\t<\/div>\n\t\t\t\t<\/div>\n\t\t\t\t<div class=\"elementor-element elementor-element-0469eac elementor-widget elementor-widget-spacer\" data-id=\"0469eac\" data-element_type=\"widget\" data-e-type=\"widget\" data-widget_type=\"spacer.default\">\n\t\t\t\t<div class=\"elementor-widget-container\">\n\t\t\t\t\t\t\t<div class=\"elementor-spacer\">\n\t\t\t<div class=\"elementor-spacer-inner\"><\/div>\n\t\t<\/div>\n\t\t\t\t\t\t<\/div>\n\t\t\t\t<\/div>\n\t\t\t\t<div class=\"elementor-element elementor-element-71851bd elementor-widget elementor-widget-text-editor\" data-id=\"71851bd\" data-element_type=\"widget\" data-e-type=\"widget\" data-widget_type=\"text-editor.default\">\n\t\t\t\t<div class=\"elementor-widget-container\">\n\t\t\t\t\t\t\t\t\t<p><strong>\u00c7apraz platform ara\u00e7lar\u0131, geli\u015ftiricilerin kodu bir kez yaz\u0131p iOS ve Android dahil olmak \u00fczere birden fazla platforma da\u011f\u0131tmas\u0131n\u0131 sa\u011flar.<\/strong><\/p><p><strong>React Native gibi platformlar aras\u0131 ara\u00e7lar, \u00f6zellikle Expo Application Services (EAS) ile birlikte, geli\u015ftiricilerin macOS'a do\u011frudan eri\u015fim olmadan iOS uygulamalar\u0131 olu\u015fturmas\u0131na olanak tan\u0131sa da baz\u0131 s\u0131n\u0131rlamalar vard\u0131r. \u00d6rne\u011fin, baz\u0131 geli\u015fmi\u015f yerel mod\u00fcller veya \u00f6zel yerel kodlar, uygun yap\u0131land\u0131rma ve test i\u00e7in bir macOS ortam\u0131 gerektirebilir. Ayr\u0131ca, belirli \u00f6zellikler ve yetenekler k\u0131s\u0131tl\u0131 oldu\u011fundan, \u00fccretli bir Apple Developer hesab\u0131 olmadan iOS uygulamalar\u0131 olu\u015fturmak ve da\u011f\u0131tmak zor olabilir. \u00a0 \u00a0 \u00a0 \u00a0 \u00a0 \u00a0 \u00a0 \u00a0 \u00a0 \u00a0 \u00a0 \u00a0 <\/strong><\/p>\t\t\t\t\t\t\t\t<\/div>\n\t\t\t\t<\/div>\n\t\t\t\t<div class=\"elementor-element elementor-element-85af91f elementor-widget elementor-widget-spacer\" data-id=\"85af91f\" data-element_type=\"widget\" data-e-type=\"widget\" data-widget_type=\"spacer.default\">\n\t\t\t\t<div class=\"elementor-widget-container\">\n\t\t\t\t\t\t\t<div class=\"elementor-spacer\">\n\t\t\t<div class=\"elementor-spacer-inner\"><\/div>\n\t\t<\/div>\n\t\t\t\t\t\t<\/div>\n\t\t\t\t<\/div>\n\t\t\t\t<\/div>\n\t\t<div class=\"elementor-element elementor-element-91a9f98 e-grid e-con-full e-con e-child\" data-id=\"91a9f98\" data-element_type=\"container\" data-e-type=\"container\" data-settings=\"{&quot;background_background&quot;:&quot;classic&quot;,&quot;_ha_eqh_enable&quot;:false}\">\n\t\t\t\t<div class=\"elementor-element elementor-element-762b2aa elementor-widget elementor-widget-heading\" data-id=\"762b2aa\" data-element_type=\"widget\" data-e-type=\"widget\" data-widget_type=\"heading.default\">\n\t\t\t\t<div class=\"elementor-widget-container\">\n\t\t\t\t\t<h2 class=\"elementor-heading-title elementor-size-default\">Sanal Makineler\nve Hackintosh<\/h2>\t\t\t\t<\/div>\n\t\t\t\t<\/div>\n\t\t\t\t<div class=\"elementor-element elementor-element-5fd12bd elementor-widget elementor-widget-text-editor\" data-id=\"5fd12bd\" data-element_type=\"widget\" data-e-type=\"widget\" data-widget_type=\"text-editor.default\">\n\t\t\t\t<div class=\"elementor-widget-container\">\n\t\t\t\t\t\t\t\t\t<p>Bir macOS sanal makinesi veya bir Hackintosh (Apple d\u0131\u015f\u0131 donan\u0131ma macOS y\u00fcklemek) kurmak potansiyel y\u00f6ntemlerdir ancak yasal ve teknik zorluklar\u0131 da beraberinde getirir. Apple'\u0131n lisans anla\u015fmalar\u0131 Apple olmayan donan\u0131mlarda macOS \u00e7al\u0131\u015ft\u0131rmay\u0131 yasaklamaktad\u0131r ve sanal makineler geli\u015ftirme i\u00e7in gereken performans\u0131 veya kararl\u0131l\u0131\u011f\u0131 sa\u011flayamayabilir.<\/p>\t\t\t\t\t\t\t\t<\/div>\n\t\t\t\t<\/div>\n\t\t\t\t<\/div>\n\t\t<div class=\"elementor-element elementor-element-99123a6 e-grid e-con-full e-con e-child\" data-id=\"99123a6\" data-element_type=\"container\" data-e-type=\"container\" data-settings=\"{&quot;_ha_eqh_enable&quot;:false}\">\n\t\t\t\t<div class=\"elementor-element elementor-element-ef0a2d7 elementor-widget elementor-widget-image\" data-id=\"ef0a2d7\" data-element_type=\"widget\" data-e-type=\"widget\" data-widget_type=\"image.default\">\n\t\t\t\t<div class=\"elementor-widget-container\">\n\t\t\t\t\t\t\t\t\t\t\t\t\t\t\t<img decoding=\"async\" width=\"800\" height=\"533\" src=\"https:\/\/rentamac.io\/wp-content\/uploads\/2025\/01\/freepik__upload__50571-1024x682.jpeg\" class=\"attachment-large size-large wp-image-778\" alt=\"\" srcset=\"https:\/\/rentamac.io\/wp-content\/uploads\/2025\/01\/freepik__upload__50571-1024x682.jpeg 1024w, https:\/\/rentamac.io\/wp-content\/uploads\/2025\/01\/freepik__upload__50571-300x200.jpeg 300w, https:\/\/rentamac.io\/wp-content\/uploads\/2025\/01\/freepik__upload__50571-768x512.jpeg 768w, https:\/\/rentamac.io\/wp-content\/uploads\/2025\/01\/freepik__upload__50571-1536x1024.jpeg 1536w, https:\/\/rentamac.io\/wp-content\/uploads\/2025\/01\/freepik__upload__50571-1200x800.jpeg 1200w, https:\/\/rentamac.io\/wp-content\/uploads\/2025\/01\/freepik__upload__50571.jpeg 2000w\" sizes=\"(max-width: 800px) 100vw, 800px\" \/>\t\t\t\t\t\t\t\t\t\t\t\t\t\t\t<\/div>\n\t\t\t\t<\/div>\n\t\t\t\t<div class=\"elementor-element elementor-element-dd18dea elementor-widget elementor-widget-text-editor\" data-id=\"dd18dea\" data-element_type=\"widget\" data-e-type=\"widget\" data-widget_type=\"text-editor.default\">\n\t\t\t\t<div class=\"elementor-widget-container\">\n\t\t\t\t\t\t\t\t\t<h3><strong>Bulut Tabanl\u0131 Mac Hizmetleri<\/strong><\/h3><p>Bulutta Mac kiralamak, macOS'e uzaktan eri\u015fim sa\u011flayarak Xcode ve di\u011fer yerel ara\u00e7lar\u0131n bir Windows PC'den kullan\u0131lmas\u0131na olanak tan\u0131r.<\/p><p>\u00a0<\/p><p><strong>Mac Kiralama<\/strong>: Uzak masa\u00fcst\u00fc ba\u011flant\u0131lar\u0131 arac\u0131l\u0131\u011f\u0131yla \u00fcst d\u00fczey Apple ayg\u0131tlar\u0131na esnek ve sorunsuz eri\u015fim sunar. Tam y\u00f6netici ayr\u0131cal\u0131klar\u0131yla geli\u015ftiriciler gerekli yaz\u0131l\u0131mlar\u0131 y\u00fckleyebilir ve geli\u015ftirme ortamlar\u0131n\u0131 verimli bir \u015fekilde y\u00f6netebilir. Y\u00f6netilen ve \u00f6zel bulut Mac sunucular\u0131 sa\u011flayarak geli\u015ftiricilerin uygulama geli\u015ftirme ve test i\u00e7in macOS ortamlar\u0131na uzaktan eri\u015fmesine olanak tan\u0131r.<\/p>\t\t\t\t\t\t\t\t<\/div>\n\t\t\t\t<\/div>\n\t\t\t\t<\/div>\n\t\t\t\t<\/div>\n\t\t<div class=\"elementor-element elementor-element-c0ba9af e-con-full e-flex e-con e-child\" data-id=\"c0ba9af\" data-element_type=\"container\" data-e-type=\"container\" data-settings=\"{&quot;_ha_eqh_enable&quot;:false}\">\n\t\t\t\t<div class=\"elementor-element elementor-element-671ff10 elementor-widget elementor-widget-spacer\" data-id=\"671ff10\" data-element_type=\"widget\" data-e-type=\"widget\" data-widget_type=\"spacer.default\">\n\t\t\t\t<div class=\"elementor-widget-container\">\n\t\t\t\t\t\t\t<div class=\"elementor-spacer\">\n\t\t\t<div class=\"elementor-spacer-inner\"><\/div>\n\t\t<\/div>\n\t\t\t\t\t\t<\/div>\n\t\t\t\t<\/div>\n\t\t\t\t<div class=\"elementor-element elementor-element-cccefef elementor-widget elementor-widget-text-editor\" data-id=\"cccefef\" data-element_type=\"widget\" data-e-type=\"widget\" data-widget_type=\"text-editor.default\">\n\t\t\t\t<div class=\"elementor-widget-container\">\n\t\t\t\t\t\t\t\t\t<h1>Rentamac.io'nun hizmetlerini kullanarak, geli\u015ftiriciler \u015funlar\u0131 yapabilir:<\/h1>\t\t\t\t\t\t\t\t<\/div>\n\t\t\t\t<\/div>\n\t\t<div class=\"elementor-element elementor-element-4e54e17 e-grid e-con-full e-con e-child\" data-id=\"4e54e17\" data-element_type=\"container\" data-e-type=\"container\" data-settings=\"{&quot;background_background&quot;:&quot;classic&quot;,&quot;_ha_eqh_enable&quot;:false}\">\n\t\t\t\t<div class=\"elementor-element elementor-element-5c7d12a elementor-widget elementor-widget-heading\" data-id=\"5c7d12a\" data-element_type=\"widget\" data-e-type=\"widget\" data-widget_type=\"heading.default\">\n\t\t\t\t<div class=\"elementor-widget-container\">\n\t\t\t\t\t<h2 class=\"elementor-heading-title elementor-size-default\">Tam bir macOS Ortam\u0131na Eri\u015fin: Bu, Xcode veya macOS'e \u00f6zg\u00fc di\u011fer ara\u00e7lar\u0131 gerektiren g\u00f6revler i\u00e7in \u00e7ok \u00f6nemlidir.<\/h2>\t\t\t\t<\/div>\n\t\t\t\t<\/div>\n\t\t\t\t<div class=\"elementor-element elementor-element-dc70118 elementor-widget elementor-widget-heading\" data-id=\"dc70118\" data-element_type=\"widget\" data-e-type=\"widget\" data-widget_type=\"heading.default\">\n\t\t\t\t<div class=\"elementor-widget-container\">\n\t\t\t\t\t<h2 class=\"elementor-heading-title elementor-size-default\">Ger\u00e7ek macOS Donan\u0131m\u0131nda Test ve Hata Ay\u0131klama: Uygulamalar\u0131n ger\u00e7ek Apple donan\u0131m\u0131 \u00fczerinde en iyi \u015fekilde \u00e7al\u0131\u015fmas\u0131n\u0131 sa\u011flama.<\/h2>\t\t\t\t<\/div>\n\t\t\t\t<\/div>\n\t\t\t\t<div class=\"elementor-element elementor-element-4db48a9 elementor-widget elementor-widget-heading\" data-id=\"4db48a9\" data-element_type=\"widget\" data-e-type=\"widget\" data-widget_type=\"heading.default\">\n\t\t\t\t<div class=\"elementor-widget-container\">\n\t\t\t\t\t<h2 class=\"elementor-heading-title elementor-size-default\">Geli\u015fmi\u015f Yerel Kod Entegrasyonlar\u0131n\u0131 \u0130\u015fleyin: Baz\u0131 yerel mod\u00fcller d\u00fczg\u00fcn kurulum ve test i\u00e7in macOS gerektirebilir.<\/h2>\t\t\t\t<\/div>\n\t\t\t\t<\/div>\n\t\t\t\t<div class=\"elementor-element elementor-element-1f08f72 elementor-widget elementor-widget-heading\" data-id=\"1f08f72\" data-element_type=\"widget\" data-e-type=\"widget\" data-widget_type=\"heading.default\">\n\t\t\t\t<div class=\"elementor-widget-container\">\n\t\t\t\t\t<h2 class=\"elementor-heading-title elementor-size-default\">Apple'\u0131n App Store Gereksinimlerine Uyun: Baz\u0131 uygulama ma\u011fazas\u0131 g\u00f6nderme i\u015flemleri yaln\u0131zca macOS'te ger\u00e7ekle\u015ftirilebilen eylemler gerektirir.<\/h2>\t\t\t\t<\/div>\n\t\t\t\t<\/div>\n\t\t\t\t<\/div>\n\t\t\t\t<\/div>\n\t\t<div class=\"elementor-element elementor-element-98a16a7 e-con-full e-flex e-con e-child\" data-id=\"98a16a7\" data-element_type=\"container\" data-e-type=\"container\" data-settings=\"{&quot;_ha_eqh_enable&quot;:false}\">\n\t\t\t\t<div class=\"elementor-element elementor-element-feea531 elementor-widget elementor-widget-spacer\" data-id=\"feea531\" data-element_type=\"widget\" data-e-type=\"widget\" data-widget_type=\"spacer.default\">\n\t\t\t\t<div class=\"elementor-widget-container\">\n\t\t\t\t\t\t\t<div class=\"elementor-spacer\">\n\t\t\t<div class=\"elementor-spacer-inner\"><\/div>\n\t\t<\/div>\n\t\t\t\t\t\t<\/div>\n\t\t\t\t<\/div>\n\t\t\t\t<div class=\"elementor-element elementor-element-9063ba8 elementor-widget elementor-widget-heading\" data-id=\"9063ba8\" data-element_type=\"widget\" data-e-type=\"widget\" data-widget_type=\"heading.default\">\n\t\t\t\t<div class=\"elementor-widget-container\">\n\t\t\t\t\t<h1 class=\"elementor-heading-title elementor-size-default\">Mac'inizi Uzaktan Kurma.<\/h1>\t\t\t\t<\/div>\n\t\t\t\t<\/div>\n\t\t\t\t<div class=\"elementor-element elementor-element-aefec63 elementor-widget elementor-widget-spacer\" data-id=\"aefec63\" data-element_type=\"widget\" data-e-type=\"widget\" data-widget_type=\"spacer.default\">\n\t\t\t\t<div class=\"elementor-widget-container\">\n\t\t\t\t\t\t\t<div class=\"elementor-spacer\">\n\t\t\t<div class=\"elementor-spacer-inner\"><\/div>\n\t\t<\/div>\n\t\t\t\t\t\t<\/div>\n\t\t\t\t<\/div>\n\t\t\t\t<\/div>\n\t\t<div class=\"elementor-element elementor-element-d10bb4f e-grid e-con-full e-con e-child\" data-id=\"d10bb4f\" data-element_type=\"container\" data-e-type=\"container\" data-settings=\"{&quot;_ha_eqh_enable&quot;:false}\">\n\t\t\t\t<div class=\"elementor-element elementor-element-e9e0064 elementor-widget elementor-widget-image\" data-id=\"e9e0064\" data-element_type=\"widget\" data-e-type=\"widget\" data-widget_type=\"image.default\">\n\t\t\t\t<div class=\"elementor-widget-container\">\n\t\t\t\t\t\t\t\t\t\t\t\t\t\t\t<img decoding=\"async\" width=\"640\" height=\"640\" src=\"https:\/\/rentamac.io\/wp-content\/uploads\/2025\/01\/remote-access.gif\" class=\"attachment-medium_large size-medium_large wp-image-784\" alt=\"\" \/>\t\t\t\t\t\t\t\t\t\t\t\t\t\t\t<\/div>\n\t\t\t\t<\/div>\n\t\t\t\t<div class=\"elementor-element elementor-element-e556f7d ha-has-bg-overlay elementor-widget elementor-widget-text-editor\" data-id=\"e556f7d\" data-element_type=\"widget\" data-e-type=\"widget\" data-widget_type=\"text-editor.default\">\n\t\t\t\t<div class=\"elementor-widget-container\">\n\t\t\t\t\t\t\t\t\t<p>Bir Mac'iniz varsa, uzaktan eri\u015fim i\u00e7in ayarlayabilir ve Windows PC'nizden ona ba\u011flanabilirsiniz. Bu y\u00f6ntem g\u00fcvenilir internet ba\u011flant\u0131s\u0131 ve uygun yap\u0131land\u0131rma gerektirir ancak mevcut donan\u0131m\u0131n\u0131z\u0131 kullanman\u0131za olanak tan\u0131r.<\/p><h6>\u00a0<\/h6><p>Windows PC'de iOS uygulamalar\u0131 geli\u015ftirmek zor olsa da, bu y\u00f6ntemler uygulanabilir \u00e7\u00f6z\u00fcmler sunar. Bir\u00e7ok geli\u015ftirici i\u00e7in bulut tabanl\u0131 Mac hizmetlerinden yararlanmak <a href=\"https:\/\/rentamac.io\/tr\/\" target=\"_new\" rel=\"noopener\">Mac Kiralama<\/a> gerekli geli\u015ftirme ara\u00e7lar\u0131na eri\u015fim sa\u011flarken fiziksel Mac donan\u0131m\u0131na olan ihtiyac\u0131 ortadan kald\u0131rarak uygun maliyetli ve verimli bir yakla\u015f\u0131m sunar.<\/p>\t\t\t\t\t\t\t\t<\/div>\n\t\t\t\t<\/div>\n\t\t\t\t<\/div>\n\t\t\t\t<div class=\"elementor-element elementor-element-8d9a947 elementor-widget elementor-widget-spacer\" data-id=\"8d9a947\" data-element_type=\"widget\" data-e-type=\"widget\" data-widget_type=\"spacer.default\">\n\t\t\t\t<div class=\"elementor-widget-container\">\n\t\t\t\t\t\t\t<div class=\"elementor-spacer\">\n\t\t\t<div class=\"elementor-spacer-inner\"><\/div>\n\t\t<\/div>\n\t\t\t\t\t\t<\/div>\n\t\t\t\t<\/div>\n\t\t\t\t\t<\/div>\n\t\t\t\t<\/div>\n\t\t\t\t<\/div>","protected":false},"excerpt":{"rendered":"<p>How to Develop iOS Apps on Windows: Step-by-Step Guide for Developers For years, developing iOS apps was thought to be an exclusive club, requiring a shiny Mac and all the tools that come with it. But what if you\u2019re a Windows enthusiast with dreams of creating the next big app for the Apple ecosystem?\u00a0 Cross-Platform [&hellip;]<\/p>\n","protected":false},"author":1,"featured_media":0,"parent":0,"menu_order":0,"comment_status":"closed","ping_status":"closed","template":"elementor_header_footer","meta":{"footnotes":""},"class_list":["post-59","page","type-page","status-publish","hentry"],"_links":{"self":[{"href":"https:\/\/rentamac.io\/tr\/wp-json\/wp\/v2\/pages\/59","targetHints":{"allow":["GET"]}}],"collection":[{"href":"https:\/\/rentamac.io\/tr\/wp-json\/wp\/v2\/pages"}],"about":[{"href":"https:\/\/rentamac.io\/tr\/wp-json\/wp\/v2\/types\/page"}],"author":[{"embeddable":true,"href":"https:\/\/rentamac.io\/tr\/wp-json\/wp\/v2\/users\/1"}],"replies":[{"embeddable":true,"href":"https:\/\/rentamac.io\/tr\/wp-json\/wp\/v2\/comments?post=59"}],"version-history":[{"count":33,"href":"https:\/\/rentamac.io\/tr\/wp-json\/wp\/v2\/pages\/59\/revisions"}],"predecessor-version":[{"id":978,"href":"https:\/\/rentamac.io\/tr\/wp-json\/wp\/v2\/pages\/59\/revisions\/978"}],"wp:attachment":[{"href":"https:\/\/rentamac.io\/tr\/wp-json\/wp\/v2\/media?parent=59"}],"curies":[{"name":"wp","href":"https:\/\/api.w.org\/{rel}","templated":true}]}}