{"id":2705,"date":"2025-04-24T10:19:54","date_gmt":"2025-04-24T10:19:54","guid":{"rendered":"https:\/\/rentamac.io\/?page_id=2705"},"modified":"2025-04-24T10:22:00","modified_gmt":"2025-04-24T10:22:00","slug":"nasil-baslanir","status":"publish","type":"page","link":"https:\/\/rentamac.io\/tr\/how-to-get-started\/","title":{"rendered":"Rentamac.io ile \u00e7al\u0131\u015fmaya ba\u015flay\u0131n"},"content":{"rendered":"<div data-elementor-type=\"wp-page\" data-elementor-id=\"2705\" class=\"elementor elementor-2705\" data-elementor-settings=\"{&quot;ha_cmc_init_switcher&quot;:&quot;no&quot;}\" data-elementor-post-type=\"page\">\n\t\t\t\t<div class=\"elementor-element elementor-element-b60e170 e-flex e-con-boxed e-con e-parent\" data-id=\"b60e170\" data-element_type=\"container\" data-e-type=\"container\" data-settings=\"{&quot;_ha_eqh_enable&quot;:false}\">\n\t\t\t\t\t<div class=\"e-con-inner\">\n\t\t\t\t<div class=\"elementor-element elementor-element-93dffa1 elementor-widget elementor-widget-image\" data-id=\"93dffa1\" data-element_type=\"widget\" data-e-type=\"widget\" data-widget_type=\"image.default\">\n\t\t\t\t<div class=\"elementor-widget-container\">\n\t\t\t\t\t\t\t\t\t\t\t\t\t\t\t<img fetchpriority=\"high\" decoding=\"async\" width=\"800\" height=\"533\" src=\"https:\/\/rentamac.io\/wp-content\/uploads\/2025\/04\/how_to_get_started_with_rentamac-1-1024x682.jpg\" class=\"attachment-large size-large wp-image-2714\" alt=\"Rentamac&#039;a nas\u0131l ba\u015flan\u0131r\" srcset=\"https:\/\/rentamac.io\/wp-content\/uploads\/2025\/04\/how_to_get_started_with_rentamac-1-1024x682.jpg 1024w, https:\/\/rentamac.io\/wp-content\/uploads\/2025\/04\/how_to_get_started_with_rentamac-1-300x200.jpg 300w, https:\/\/rentamac.io\/wp-content\/uploads\/2025\/04\/how_to_get_started_with_rentamac-1-768x512.jpg 768w, https:\/\/rentamac.io\/wp-content\/uploads\/2025\/04\/how_to_get_started_with_rentamac-1.jpg 1229w\" sizes=\"(max-width: 800px) 100vw, 800px\" \/>\t\t\t\t\t\t\t\t\t\t\t\t\t\t\t<\/div>\n\t\t\t\t<\/div>\n\t\t\t\t<div class=\"elementor-element elementor-element-ebf012e elementor-widget elementor-widget-text-editor\" data-id=\"ebf012e\" data-element_type=\"widget\" data-e-type=\"widget\" data-widget_type=\"text-editor.default\">\n\t\t\t\t<div class=\"elementor-widget-container\">\n\t\t\t\t\t\t\t\t\t<p>RentAMac.io'yu kullanmaya ba\u015flamak i\u00e7in bir plan se\u00e7meniz, tercih etti\u011finiz \u00f6deme se\u00e7ene\u011fini belirlemeniz, bir Mac mini'ye ba\u011flanman\u0131z ve \u00e7al\u0131\u015fma alan\u0131n\u0131z\u0131 ayarlaman\u0131z gerekiyor.<\/p><h3 style=\"font-family: Arial, sans-serif; color: #ffffff;\"><span style=\"font-weight: 400;\">Ad\u0131m 1. Bir plan se\u00e7in<\/span><\/h3><p>Bu ad\u0131mda, \u015fu adrese gidin\u00a0<a href=\"https:\/\/rentamac.io\/tr\/fiyatlandirma\/\">Fiyatland\u0131rma<\/a>\u00a0sekmesine t\u0131klay\u0131n, mevcut planlar\u0131 kontrol edin ve Plan Sat\u0131n Al d\u00fc\u011fmesine t\u0131klay\u0131n. Daha sonra \u00d6deme sayfas\u0131na y\u00f6nlendirileceksiniz.\u00a0<\/p><h3 style=\"font-family: Arial, sans-serif; color: #ffffff;\"><span style=\"font-weight: 400;\">Ad\u0131m 2. \u00d6deme y\u00f6ntemini se\u00e7in ve devam edin<\/span><\/h3><p>RentAMac.io, Link, Amazon Pay, Apple Pay ve kredi kart\u0131 se\u00e7ene\u011fi dahil olmak \u00fczere \u00e7e\u015fitli \u00f6deme y\u00f6ntemleri sunar.<\/p><p><img decoding=\"async\" class=\"aligncenter wp-image-2669 size-full\" src=\"https:\/\/rentamac.io\/wp-content\/uploads\/2025\/04\/subscribe-rentamac.jpg\" alt=\"Rentamac&#039;a abone olun\" width=\"1781\" height=\"1176\" srcset=\"https:\/\/rentamac.io\/wp-content\/uploads\/2025\/04\/subscribe-rentamac.jpg 1781w, https:\/\/rentamac.io\/wp-content\/uploads\/2025\/04\/subscribe-rentamac-300x198.jpg 300w, https:\/\/rentamac.io\/wp-content\/uploads\/2025\/04\/subscribe-rentamac-1024x676.jpg 1024w, https:\/\/rentamac.io\/wp-content\/uploads\/2025\/04\/subscribe-rentamac-768x507.jpg 768w, https:\/\/rentamac.io\/wp-content\/uploads\/2025\/04\/subscribe-rentamac-1536x1014.jpg 1536w\" sizes=\"(max-width: 1781px) 100vw, 1781px\" \/><\/p><h3 style=\"font-family: Arial, sans-serif; color: #ffffff;\"><span style=\"font-weight: 400;\">3. Ad\u0131m Mac mini'nizi se\u00e7in ve ba\u011flay\u0131n<\/span><\/h3><p>\u00d6deme i\u015fleme al\u0131nd\u0131ktan sonra, Mac cihaz kurulumunun durumunu yans\u0131tan Kurulum sayfas\u0131na y\u00f6nlendirilirsiniz.<\/p><p><img decoding=\"async\" class=\"aligncenter wp-image-2672 size-full\" src=\"https:\/\/rentamac.io\/wp-content\/uploads\/2025\/04\/mac-mini-setup-1-scaled.jpg\" alt=\"Mac mini kurulumu\" width=\"2560\" height=\"1273\" srcset=\"https:\/\/rentamac.io\/wp-content\/uploads\/2025\/04\/mac-mini-setup-1-scaled.jpg 2560w, https:\/\/rentamac.io\/wp-content\/uploads\/2025\/04\/mac-mini-setup-1-300x149.jpg 300w, https:\/\/rentamac.io\/wp-content\/uploads\/2025\/04\/mac-mini-setup-1-1024x509.jpg 1024w, https:\/\/rentamac.io\/wp-content\/uploads\/2025\/04\/mac-mini-setup-1-768x382.jpg 768w, https:\/\/rentamac.io\/wp-content\/uploads\/2025\/04\/mac-mini-setup-1-1536x764.jpg 1536w, https:\/\/rentamac.io\/wp-content\/uploads\/2025\/04\/mac-mini-setup-1-2048x1018.jpg 2048w\" sizes=\"(max-width: 2560px) 100vw, 2560px\" \/><\/p><p>Mac mini'nize ba\u011fland\u0131\u011f\u0131n\u0131zda, AnyDesk ba\u011flant\u0131lar\u0131 i\u00e7in kimlik bilgilerini ve Mac mini y\u00f6netici kimlik bilgilerini g\u00f6rebilece\u011finiz kontrol panelinde olursunuz.<\/p><p><img loading=\"lazy\" decoding=\"async\" class=\"aligncenter size-full wp-image-2615\" src=\"https:\/\/rentamac.io\/wp-content\/uploads\/2025\/04\/rentamac-anydesk-download.jpg\" alt=\"rentamac-anydesk-indir\" width=\"1920\" height=\"1080\" srcset=\"https:\/\/rentamac.io\/wp-content\/uploads\/2025\/04\/rentamac-anydesk-download.jpg 1920w, https:\/\/rentamac.io\/wp-content\/uploads\/2025\/04\/rentamac-anydesk-download-300x169.jpg 300w, https:\/\/rentamac.io\/wp-content\/uploads\/2025\/04\/rentamac-anydesk-download-1024x576.jpg 1024w, https:\/\/rentamac.io\/wp-content\/uploads\/2025\/04\/rentamac-anydesk-download-768x432.jpg 768w, https:\/\/rentamac.io\/wp-content\/uploads\/2025\/04\/rentamac-anydesk-download-1536x864.jpg 1536w\" sizes=\"(max-width: 1920px) 100vw, 1920px\" \/><\/p><p>AnyDesk'i kurup haz\u0131r hale getirdikten sonra AnyDesk ID'nizi kopyalay\u0131n ve AnyDesk uygulaman\u0131zdaki oturum a\u00e7ma alan\u0131na yap\u0131\u015ft\u0131r\u0131n:<\/p><p><img loading=\"lazy\" decoding=\"async\" class=\"aligncenter size-full wp-image-2614\" src=\"https:\/\/rentamac.io\/wp-content\/uploads\/2025\/04\/rentamac-anydesk-connect.jpg\" alt=\"rentamac-anydesk-connect\" width=\"1920\" height=\"1080\" srcset=\"https:\/\/rentamac.io\/wp-content\/uploads\/2025\/04\/rentamac-anydesk-connect.jpg 1920w, https:\/\/rentamac.io\/wp-content\/uploads\/2025\/04\/rentamac-anydesk-connect-300x169.jpg 300w, https:\/\/rentamac.io\/wp-content\/uploads\/2025\/04\/rentamac-anydesk-connect-1024x576.jpg 1024w, https:\/\/rentamac.io\/wp-content\/uploads\/2025\/04\/rentamac-anydesk-connect-768x432.jpg 768w, https:\/\/rentamac.io\/wp-content\/uploads\/2025\/04\/rentamac-anydesk-connect-1536x864.jpg 1536w\" sizes=\"(max-width: 1920px) 100vw, 1920px\" \/><\/p><p>Ard\u0131ndan, yetkilendirme penceresi g\u00f6r\u00fcnecektir. \u015eifrenizi yap\u0131\u015ft\u0131r\u0131n ve Tamam'a bas\u0131n.<\/p><h3 style=\"font-family: Arial, sans-serif; color: #ffffff;\"><span style=\"font-weight: 400;\">Ad\u0131m 5. Tad\u0131n\u0131 \u00e7\u0131kar\u0131n!<\/span><\/h3><p>Bu ad\u0131mda, uzaktaki Mac mini'nize ba\u011flan\u0131rs\u0131n\u0131z ve g\u00f6revleriniz \u00fczerinde \u00e7al\u0131\u015fmaya ba\u015flayabilirsiniz.<\/p><p><img loading=\"lazy\" decoding=\"async\" class=\"aligncenter wp-image-2673 size-full\" src=\"https:\/\/rentamac.io\/wp-content\/uploads\/2025\/04\/anydesk-view.jpg\" alt=\"Anydesk g\u00f6r\u00fcn\u00fcm\u00fc\" width=\"1536\" height=\"864\" srcset=\"https:\/\/rentamac.io\/wp-content\/uploads\/2025\/04\/anydesk-view.jpg 1536w, https:\/\/rentamac.io\/wp-content\/uploads\/2025\/04\/anydesk-view-300x169.jpg 300w, https:\/\/rentamac.io\/wp-content\/uploads\/2025\/04\/anydesk-view-1024x576.jpg 1024w, https:\/\/rentamac.io\/wp-content\/uploads\/2025\/04\/anydesk-view-768x432.jpg 768w\" sizes=\"(max-width: 1536px) 100vw, 1536px\" \/><\/p><p>Ekranda, y\u00f6netici haklar\u0131n\u0131z\u0131 g\u00f6steren bir pencere de vard\u0131r.\u00a0<\/p><p><img loading=\"lazy\" decoding=\"async\" class=\"aligncenter wp-image-2674 size-full\" src=\"https:\/\/rentamac.io\/wp-content\/uploads\/2025\/04\/anydesk-view-2.jpg\" alt=\"anydesk g\u00f6r\u00fcn\u00fcm\u00fc 2\" width=\"1536\" height=\"864\" srcset=\"https:\/\/rentamac.io\/wp-content\/uploads\/2025\/04\/anydesk-view-2.jpg 1536w, https:\/\/rentamac.io\/wp-content\/uploads\/2025\/04\/anydesk-view-2-300x169.jpg 300w, https:\/\/rentamac.io\/wp-content\/uploads\/2025\/04\/anydesk-view-2-1024x576.jpg 1024w, https:\/\/rentamac.io\/wp-content\/uploads\/2025\/04\/anydesk-view-2-768x432.jpg 768w\" sizes=\"(max-width: 1536px) 100vw, 1536px\" \/><\/p><p>Art\u0131k RentAMac ile bir Mac mini \u00fczerinde \u00e7al\u0131\u015fman\u0131n avantajlar\u0131n\u0131 ke\u015ffetmeye haz\u0131rs\u0131n\u0131z.\u00a0<\/p><p><span style=\"font-weight: bold;\"><i>\u00d6zel bir Mac bilgisayara \u00e7evrimi\u00e7i eri\u015fim sa\u011flamak m\u0131 istiyorsunuz?\u00a0<\/i><\/span><\/p><p><a href=\"https:\/\/rentamac.io\/tr\/\"><i>Mac Kiralama<\/i><\/a><i>\u00a0ve kiralama s\u00fcresi boyunca tam y\u00f6netici haklar\u0131na sahip \u00f6zel Mac mini'ye eri\u015fim elde edin!\u00a0<\/i><\/p>\t\t\t\t\t\t\t\t<\/div>\n\t\t\t\t<\/div>\n\t\t\t\t\t<\/div>\n\t\t\t\t<\/div>\n\t\t\t\t<\/div>","protected":false},"excerpt":{"rendered":"<p>To get started with RentAMac.io, you must select a plan, choose the preferred payment option, connect to a Mac mini, and set up your workspace. Step 1. Select a plan At this step, go to the\u00a0Pricing\u00a0tab in the menu, check the available plans, and click the Buy Plan button. You will then be redirected to [&hellip;]<\/p>\n","protected":false},"author":3,"featured_media":0,"parent":0,"menu_order":0,"comment_status":"closed","ping_status":"closed","template":"","meta":{"footnotes":""},"class_list":["post-2705","page","type-page","status-publish","hentry"],"_links":{"self":[{"href":"https:\/\/rentamac.io\/tr\/wp-json\/wp\/v2\/pages\/2705","targetHints":{"allow":["GET"]}}],"collection":[{"href":"https:\/\/rentamac.io\/tr\/wp-json\/wp\/v2\/pages"}],"about":[{"href":"https:\/\/rentamac.io\/tr\/wp-json\/wp\/v2\/types\/page"}],"author":[{"embeddable":true,"href":"https:\/\/rentamac.io\/tr\/wp-json\/wp\/v2\/users\/3"}],"replies":[{"embeddable":true,"href":"https:\/\/rentamac.io\/tr\/wp-json\/wp\/v2\/comments?post=2705"}],"version-history":[{"count":15,"href":"https:\/\/rentamac.io\/tr\/wp-json\/wp\/v2\/pages\/2705\/revisions"}],"predecessor-version":[{"id":2726,"href":"https:\/\/rentamac.io\/tr\/wp-json\/wp\/v2\/pages\/2705\/revisions\/2726"}],"wp:attachment":[{"href":"https:\/\/rentamac.io\/tr\/wp-json\/wp\/v2\/media?parent=2705"}],"curies":[{"name":"wp","href":"https:\/\/api.w.org\/{rel}","templated":true}]}}