{"id":729,"date":"2025-01-09T18:43:38","date_gmt":"2025-01-09T18:43:38","guid":{"rendered":"https:\/\/rentamac.io\/?page_id=729"},"modified":"2025-11-11T18:25:40","modified_gmt":"2025-11-11T18:25:40","slug":"termos-de-servico","status":"publish","type":"page","link":"https:\/\/rentamac.io\/pt\/terms-of-service\/","title":{"rendered":"Termos de Servi\u00e7o"},"content":{"rendered":"<div data-elementor-type=\"wp-page\" data-elementor-id=\"729\" class=\"elementor elementor-729\" data-elementor-settings=\"{&quot;ha_cmc_init_switcher&quot;:&quot;no&quot;}\" data-elementor-post-type=\"page\">\n\t\t\t\t<div class=\"elementor-element elementor-element-1e442b58 e-con-full e-flex e-con e-parent\" data-id=\"1e442b58\" data-element_type=\"container\" data-e-type=\"container\" data-settings=\"{&quot;background_background&quot;:&quot;classic&quot;,&quot;_ha_eqh_enable&quot;:false}\">\n\t\t<div class=\"elementor-element elementor-element-260621c e-flex e-con-boxed e-con e-child\" data-id=\"260621c\" data-element_type=\"container\" data-e-type=\"container\" data-settings=\"{&quot;_ha_eqh_enable&quot;:false}\">\n\t\t\t\t\t<div class=\"e-con-inner\">\n\t\t<div class=\"elementor-element elementor-element-c72fde3 e-grid e-con-full e-con e-child\" data-id=\"c72fde3\" data-element_type=\"container\" data-e-type=\"container\" data-settings=\"{&quot;_ha_eqh_enable&quot;:false}\">\n\t\t\t\t<div class=\"elementor-element elementor-element-d2dd03e elementor-widget elementor-widget-heading\" data-id=\"d2dd03e\" data-element_type=\"widget\" data-e-type=\"widget\" data-widget_type=\"heading.default\">\n\t\t\t\t<div class=\"elementor-widget-container\">\n\t\t\t\t\t<h2 class=\"elementor-heading-title elementor-size-default\">Termos de Servi\u00e7o<\/h2>\t\t\t\t<\/div>\n\t\t\t\t<\/div>\n\t\t\t\t<div class=\"elementor-element elementor-element-d05d8e0 elementor-widget elementor-widget-image\" data-id=\"d05d8e0\" data-element_type=\"widget\" data-e-type=\"widget\" data-widget_type=\"image.default\">\n\t\t\t\t<div class=\"elementor-widget-container\">\n\t\t\t\t\t\t\t\t\t\t\t\t\t\t\t<img fetchpriority=\"high\" decoding=\"async\" width=\"300\" height=\"200\" src=\"https:\/\/rentamac.io\/wp-content\/uploads\/2025\/01\/1.svg\" class=\"attachment-medium size-medium wp-image-743\" alt=\"\" \/>\t\t\t\t\t\t\t\t\t\t\t\t\t\t\t<\/div>\n\t\t\t\t<\/div>\n\t\t\t\t<\/div>\n\t\t\t\t\t<\/div>\n\t\t\t\t<\/div>\n\t\t<div class=\"elementor-element elementor-element-1189045 e-flex e-con-boxed e-con e-child\" data-id=\"1189045\" data-element_type=\"container\" data-e-type=\"container\" data-settings=\"{&quot;_ha_eqh_enable&quot;:false}\">\n\t\t\t\t\t<div class=\"e-con-inner\">\n\t\t\t\t<div class=\"elementor-element elementor-element-c5a9145 elementor-widget elementor-widget-text-editor\" data-id=\"c5a9145\" data-element_type=\"widget\" data-e-type=\"widget\" data-widget_type=\"text-editor.default\">\n\t\t\t\t<div class=\"elementor-widget-container\">\n\t\t\t\t\t\t\t\t\t<h3><br \/><strong>1. Introdu\u00e7\u00e3o<\/strong><\/h3><p><strong>Objetivo:<\/strong><\/p><p>Estes Termos de Servi\u00e7o (\u201cTermos\u201d) regem seu uso dos servi\u00e7os e do site do Rent a Mac. Ao usar nossos servi\u00e7os, voc\u00ea concorda com os termos descritos neste contrato, que formam um contrato legalmente vinculativo entre voc\u00ea (\u201co usu\u00e1rio\u201d) e a WLF Digital Solutions LTD. Este contrato protege ambas as partes ao definir expectativas claras com rela\u00e7\u00e3o ao uso de nossos servi\u00e7os.<\/p><p><strong>Aceita\u00e7\u00e3o:<\/strong><\/p><p>Ao acessar ou usar nossos servi\u00e7os, voc\u00ea concorda em cumprir estes Termos. Se n\u00e3o concordar com estes Termos ou com qualquer parte de nossas pol\u00edticas, inclusive nossa Pol\u00edtica de Privacidade e Pol\u00edtica de Uso Aceit\u00e1vel, voc\u00ea n\u00e3o poder\u00e1 usar nossos servi\u00e7os. A WLF Digital Solutions LTD reserva-se o direito de atualizar estes Termos a qualquer momento, com altera\u00e7\u00f5es que entrar\u00e3o em vigor ap\u00f3s a publica\u00e7\u00e3o em nosso site. \u00c9 sua responsabilidade revisar os Termos periodicamente.<\/p><hr \/><h3><strong>2. Servi\u00e7os prestados<\/strong><\/h3><p><strong>Descri\u00e7\u00e3o:<\/strong><\/p><p>A Rent a Mac oferece servi\u00e7os de aluguel remoto de Macs, fornecendo acesso a ambientes macOS premium adaptados \u00e0s necessidades individuais e comerciais. Nossos servi\u00e7os s\u00e3o projetados para v\u00e1rias finalidades profissionais, incluindo desenvolvimento de software, design gr\u00e1fico e ambientes de teste.<\/p><p><strong>Elegibilidade:<\/strong><\/p><p>Para acessar nossos servi\u00e7os, voc\u00ea deve ter pelo menos 18 anos de idade ou a maioridade legal em sua jurisdi\u00e7\u00e3o. Ao se registrar, voc\u00ea confirma que atende a esse requisito e que est\u00e1 legalmente autorizado a firmar este contrato. As contas criadas por indiv\u00edduos que n\u00e3o atendem a esse requisito est\u00e3o sujeitas a suspens\u00e3o ou rescis\u00e3o sem aviso pr\u00e9vio.<\/p><hr \/><h3><strong>3. Responsabilidades do usu\u00e1rio<\/strong><\/h3><p><strong>Informa\u00e7\u00f5es da conta:<\/strong><\/p><p>\u00c9 necess\u00e1rio fornecer informa\u00e7\u00f5es precisas, completas e atualizadas durante o processo de registro. \u00c9 sua responsabilidade manter os detalhes de sua conta atualizados, inclusive as informa\u00e7\u00f5es de e-mail e faturamento. O fornecimento de informa\u00e7\u00f5es falsas ou enganosas pode resultar na suspens\u00e3o ou no encerramento da conta.<\/p><p><strong>Conformidade:<\/strong><\/p><p>Voc\u00ea concorda em usar os servi\u00e7os de acordo com todas as leis e regulamentos aplic\u00e1veis e com estes Termos. \u00c9 proibido o compartilhamento n\u00e3o autorizado das credenciais de sua conta. Voc\u00ea \u00e9 o \u00fanico respons\u00e1vel por qualquer atividade conduzida por meio de sua conta e deve nos notificar imediatamente sobre qualquer acesso n\u00e3o autorizado ou viola\u00e7\u00f5es de seguran\u00e7a.<\/p><hr \/><h3><strong>4. Pol\u00edtica de uso aceit\u00e1vel<\/strong><\/h3><p data-start=\"171\" data-end=\"199\"><strong data-start=\"171\" data-end=\"197\">Atividades proibidas:<\/strong><\/p><ul data-start=\"200\" data-end=\"734\"><li data-start=\"200\" data-end=\"272\"><p data-start=\"202\" data-end=\"272\">Tentativa de obter acesso n\u00e3o autorizado a outros sistemas ou redes.<\/p><\/li><li data-start=\"273\" data-end=\"366\"><p data-start=\"275\" data-end=\"366\">Envolver-se em atividades que distribuem software malicioso, como v\u00edrus ou ransomware.<\/p><\/li><li data-start=\"367\" data-end=\"490\"><p data-start=\"369\" data-end=\"490\">Realizar atividades ilegais, incluindo, entre outras, viola\u00e7\u00e3o de direitos autorais, fraude ou minera\u00e7\u00e3o n\u00e3o autorizada de dados.<\/p><\/li><li data-start=\"491\" data-end=\"734\"><p data-start=\"493\" data-end=\"734\">Envio de e-mails n\u00e3o solicitados (\"spam\"), mensagens em massa ou automatizadas, opera\u00e7\u00e3o de rel\u00e9s SMTP abertos, cria\u00e7\u00e3o de contas em massa ou gera\u00e7\u00e3o de tr\u00e1fego de spam (inclusive tr\u00e1fego projetado para manipular sistemas de an\u00e1lise, an\u00fancios ou reputa\u00e7\u00e3o).<\/p><\/li><\/ul><p data-start=\"736\" data-end=\"974\"><strong data-start=\"736\" data-end=\"752\">Aplica\u00e7\u00e3o da lei:<\/strong><br data-start=\"752\" data-end=\"755\" \/>O n\u00e3o cumprimento desta pol\u00edtica pode resultar na suspens\u00e3o ou no encerramento imediato da conta e em poss\u00edveis a\u00e7\u00f5es legais. A WLF Digital Solutions LTD reserva-se o direito de monitorar o uso e investigar qualquer suspeita de viola\u00e7\u00e3o.<\/p><p data-start=\"976\" data-end=\"1313\">A nosso crit\u00e9rio exclusivo, se forem detectadas atividades incomuns, suspeitas ou potencialmente prejudiciais, a WLF Digital Solutions LTD poder\u00e1 suspender ou bloquear a conta do usu\u00e1rio, revogar o acesso ao(s) Mac(s) alugado(s) e limpar todos os dados associados sem aviso pr\u00e9vio. Nesses casos, nenhum reembolso ser\u00e1 emitido, independentemente do prazo restante da assinatura.<\/p><p data-start=\"1315\" data-end=\"1818\">Al\u00e9m disso, a WLF Digital Solutions LTD reserva-se o direito de exigir que os usu\u00e1rios concluam um processo de verifica\u00e7\u00e3o do Know Your Customer (KYC) antes de restaurar o acesso. Se o processo de KYC for conclu\u00eddo com \u00eaxito, a conta do usu\u00e1rio poder\u00e1 ser reativada e o acesso a um Mac alugado poder\u00e1 ser restaurado, dependendo da gravidade e da natureza da atividade que levou \u00e0 suspens\u00e3o. Se a viola\u00e7\u00e3o for considerada muito grave, a CodeNotion Limited se reserva o direito de suspender permanentemente a conta, mesmo ap\u00f3s a conclus\u00e3o do KYC.<\/p><hr \/><h3><strong>5. Assinatura e pagamento<\/strong><\/h3><p><strong>Planos:<\/strong><\/p><p>Oferecemos planos de assinatura flex\u00edveis, detalhados em nosso <a href=\"https:\/\/rentamac.io\/pt\/precificacao\/\" target=\"_new\" rel=\"noopener\">Pre\u00e7os<\/a> p\u00e1gina. Esses planos atendem \u00e0s diferentes necessidades dos usu\u00e1rios, desde alugu\u00e9is di\u00e1rios at\u00e9 op\u00e7\u00f5es de longo prazo. As taxas de assinatura est\u00e3o sujeitas a altera\u00e7\u00f5es; no entanto, os usu\u00e1rios ser\u00e3o notificados com anteced\u00eancia sobre quaisquer altera\u00e7\u00f5es que afetem seus planos atuais.<\/p><p><strong>Formas de pagamento:<\/strong><\/p><p>Os pagamentos s\u00e3o aceitos por meio de cart\u00f5es de cr\u00e9dito\/d\u00e9bito e PayPal. Todos os pagamentos devem ser conclu\u00eddos no momento da ativa\u00e7\u00e3o da assinatura. O n\u00e3o processamento do pagamento pode resultar na suspens\u00e3o dos servi\u00e7os.<\/p><p><strong>Ciclo de faturamento:<\/strong><\/p><p>As assinaturas s\u00e3o renovadas automaticamente no in\u00edcio de cada ciclo de faturamento. Os usu\u00e1rios ser\u00e3o notificados sobre as pr\u00f3ximas renova\u00e7\u00f5es por e-mail. \u00c9 responsabilidade do usu\u00e1rio gerenciar os cancelamentos para evitar renova\u00e7\u00f5es autom\u00e1ticas.<\/p><hr \/><h3><strong>6. Cancelamento e reembolsos<\/strong><\/h3><p><strong>Cancelamento:<\/strong><\/p><p>Os usu\u00e1rios podem cancelar suas assinaturas a qualquer momento por meio das configura\u00e7\u00f5es da conta. As solicita\u00e7\u00f5es de cancelamento devem ser enviadas antes do pr\u00f3ximo ciclo de faturamento para evitar cobran\u00e7as no per\u00edodo subsequente. O acesso aos servi\u00e7os permanecer\u00e1 ativo at\u00e9 o final do ciclo de faturamento atual.<\/p><p><strong>Reembolsos:<\/strong><\/p><p>Os reembolsos s\u00e3o emitidos somente nos casos em que os servi\u00e7os ficaram indispon\u00edveis devido a problemas t\u00e9cnicos ou indisponibilidade do servidor. As solicita\u00e7\u00f5es de reembolso devem ser enviadas em at\u00e9 14 dias ap\u00f3s o incidente. Os reembolsos por tempo n\u00e3o utilizado s\u00e3o emitidos a crit\u00e9rio da WLF Digital Solutions LTD.<\/p><p><strong>Disputas:<\/strong><\/p><p>Caso qualquer transa\u00e7\u00e3o ou pagamento feito por um usu\u00e1rio seja contestado, a WLF Digital Solutions LTD se reserva o direito absoluto, sem aviso pr\u00e9vio, de suspender ou rescindir imediatamente todas as assinaturas ativas associadas \u00e0 conta do usu\u00e1rio. Ap\u00f3s essa rescis\u00e3o, todos os dispositivos alugados, incluindo, entre outros, inst\u00e2ncias Mac, ser\u00e3o apagados remotamente, e os contratos de aluguel correspondentes ser\u00e3o considerados rescindidos com efeito imediato.<\/p><p>A WLF Digital Solutions LTD n\u00e3o fornecer\u00e1, alugar\u00e1 ou de outra forma disponibilizar\u00e1 quaisquer novos dispositivos ou servi\u00e7os a usu\u00e1rios envolvidos em disputas de pagamento, independentemente do resultado de tais disputas. A Empresa tamb\u00e9m se reserva o direito de tomar todas as medidas que julgar necess\u00e1rias para proteger seus sistemas, infraestrutura e interesses propriet\u00e1rios, incluindo, entre outros, a remo\u00e7\u00e3o de dados, a revoga\u00e7\u00e3o de acesso e a busca de quaisquer recursos dispon\u00edveis de acordo com a legisla\u00e7\u00e3o aplic\u00e1vel.<\/p><p><strong>\u00a0<\/strong><\/p><hr \/><h3><strong>7. Privacidade e seguran\u00e7a dos dados<\/strong><\/h3><p><strong>Jurisdi\u00e7\u00e3o:<\/strong><\/p><p>Estes Termos s\u00e3o regidos pelas leis do Chipre. Quaisquer disputas decorrentes deste contrato ser\u00e3o resolvidas nos tribunais localizados no Chipre.<\/p><hr \/><h3><strong>8. Altera\u00e7\u00f5es nos termos<\/strong><\/h3><p><strong>Modifica\u00e7\u00f5es:<\/strong><\/p><p>A WLF Digital Solutions LTD reserva-se o direito de modificar estes Termos a qualquer momento. As altera\u00e7\u00f5es entrar\u00e3o em vigor ap\u00f3s a publica\u00e7\u00e3o em nosso site. Os usu\u00e1rios s\u00e3o incentivados a revisar os Termos periodicamente para se manterem informados sobre as atualiza\u00e7\u00f5es.<\/p><hr \/><h3><strong>9. Informa\u00e7\u00f5es de contato<\/strong><\/h3><p><strong>Suporte:<\/strong><\/p><p>Em caso de d\u00favidas, preocupa\u00e7\u00f5es ou assist\u00eancia, visite nosso site <a href=\"https:\/\/rentamac.io\/pt\/suporte\/\" target=\"_new\" rel=\"noopener\">Suporte<\/a> ou entre em contato conosco em <a href=\"mailto:support@rentamac.io\">support@rentamac.io<\/a>. Nossa equipe de suporte est\u00e1 dispon\u00edvel para ajudar com qualquer problema relacionado \u00e0 conta ou ao servi\u00e7o.<\/p>\t\t\t\t\t\t\t\t<\/div>\n\t\t\t\t<\/div>\n\t\t\t\t\t<\/div>\n\t\t\t\t<\/div>\n\t\t\t\t<\/div>\n\t\t\t\t<\/div>","protected":false},"excerpt":{"rendered":"<p>Terms of Service 1. Introduction Purpose: These Terms of Service (&#8220;Terms&#8221;) govern your use of Rent a Mac&#8217;s services and website. By using our services, you agree to the terms outlined in this agreement, which form a legally binding contract between you (&#8220;the user&#8221;) and WLF Digital Solutions LTD. This agreement protects both parties by [&hellip;]<\/p>\n","protected":false},"author":1,"featured_media":0,"parent":0,"menu_order":0,"comment_status":"closed","ping_status":"closed","template":"","meta":{"footnotes":""},"class_list":["post-729","page","type-page","status-publish","hentry"],"_links":{"self":[{"href":"https:\/\/rentamac.io\/pt\/wp-json\/wp\/v2\/pages\/729","targetHints":{"allow":["GET"]}}],"collection":[{"href":"https:\/\/rentamac.io\/pt\/wp-json\/wp\/v2\/pages"}],"about":[{"href":"https:\/\/rentamac.io\/pt\/wp-json\/wp\/v2\/types\/page"}],"author":[{"embeddable":true,"href":"https:\/\/rentamac.io\/pt\/wp-json\/wp\/v2\/users\/1"}],"replies":[{"embeddable":true,"href":"https:\/\/rentamac.io\/pt\/wp-json\/wp\/v2\/comments?post=729"}],"version-history":[{"count":39,"href":"https:\/\/rentamac.io\/pt\/wp-json\/wp\/v2\/pages\/729\/revisions"}],"predecessor-version":[{"id":4111,"href":"https:\/\/rentamac.io\/pt\/wp-json\/wp\/v2\/pages\/729\/revisions\/4111"}],"wp:attachment":[{"href":"https:\/\/rentamac.io\/pt\/wp-json\/wp\/v2\/media?parent=729"}],"curies":[{"name":"wp","href":"https:\/\/api.w.org\/{rel}","templated":true}]}}