{"id":59,"date":"2024-12-11T14:56:31","date_gmt":"2024-12-11T14:56:31","guid":{"rendered":"https:\/\/rentamac.io\/?page_id=59"},"modified":"2025-01-13T18:38:32","modified_gmt":"2025-01-13T18:38:32","slug":"suporte-2","status":"publish","type":"page","link":"https:\/\/rentamac.io\/pt\/support-2\/","title":{"rendered":"Tudo o que voc\u00ea precisa saber"},"content":{"rendered":"<div data-elementor-type=\"wp-page\" data-elementor-id=\"59\" class=\"elementor elementor-59\" data-elementor-settings=\"{&quot;ha_cmc_init_switcher&quot;:&quot;no&quot;}\" data-elementor-post-type=\"page\">\n\t\t\t\t<div class=\"elementor-element elementor-element-bb8587f e-flex e-con-boxed e-con e-parent\" data-id=\"bb8587f\" data-element_type=\"container\" data-e-type=\"container\" data-settings=\"{&quot;background_background&quot;:&quot;classic&quot;,&quot;_ha_eqh_enable&quot;:false}\">\n\t\t\t\t\t<div class=\"e-con-inner\">\n\t\t\t\t<div class=\"elementor-element elementor-element-7860d22 elementor-widget__width-inherit elementor-absolute elementor-hidden-tablet elementor-hidden-mobile ha-has-bg-overlay elementor-widget elementor-widget-spacer\" data-id=\"7860d22\" data-element_type=\"widget\" data-e-type=\"widget\" data-settings=\"{&quot;_position&quot;:&quot;absolute&quot;}\" data-widget_type=\"spacer.default\">\n\t\t\t\t<div class=\"elementor-widget-container\">\n\t\t\t\t\t\t\t<div class=\"elementor-spacer\">\n\t\t\t<div class=\"elementor-spacer-inner\"><\/div>\n\t\t<\/div>\n\t\t\t\t\t\t<\/div>\n\t\t\t\t<\/div>\n\t\t\t\t<div class=\"elementor-element elementor-element-e017306 elementor-widget__width-inherit elementor-absolute elementor-hidden-tablet elementor-hidden-mobile ha-has-bg-overlay elementor-widget elementor-widget-spacer\" data-id=\"e017306\" data-element_type=\"widget\" data-e-type=\"widget\" data-settings=\"{&quot;_position&quot;:&quot;absolute&quot;}\" data-widget_type=\"spacer.default\">\n\t\t\t\t<div class=\"elementor-widget-container\">\n\t\t\t\t\t\t\t<div class=\"elementor-spacer\">\n\t\t\t<div class=\"elementor-spacer-inner\"><\/div>\n\t\t<\/div>\n\t\t\t\t\t\t<\/div>\n\t\t\t\t<\/div>\n\t\t\t\t<div class=\"elementor-element elementor-element-5b061a3 elementor-widget__width-inherit elementor-absolute elementor-hidden-tablet elementor-hidden-mobile ha-has-bg-overlay elementor-widget elementor-widget-spacer\" data-id=\"5b061a3\" data-element_type=\"widget\" data-e-type=\"widget\" data-settings=\"{&quot;_position&quot;:&quot;absolute&quot;}\" data-widget_type=\"spacer.default\">\n\t\t\t\t<div class=\"elementor-widget-container\">\n\t\t\t\t\t\t\t<div class=\"elementor-spacer\">\n\t\t\t<div class=\"elementor-spacer-inner\"><\/div>\n\t\t<\/div>\n\t\t\t\t\t\t<\/div>\n\t\t\t\t<\/div>\n\t\t\t\t<div class=\"elementor-element elementor-element-624c19f elementor-widget__width-inherit elementor-absolute elementor-hidden-tablet elementor-hidden-mobile ha-has-bg-overlay elementor-widget elementor-widget-spacer\" data-id=\"624c19f\" data-element_type=\"widget\" data-e-type=\"widget\" data-settings=\"{&quot;_position&quot;:&quot;absolute&quot;}\" data-widget_type=\"spacer.default\">\n\t\t\t\t<div class=\"elementor-widget-container\">\n\t\t\t\t\t\t\t<div class=\"elementor-spacer\">\n\t\t\t<div class=\"elementor-spacer-inner\"><\/div>\n\t\t<\/div>\n\t\t\t\t\t\t<\/div>\n\t\t\t\t<\/div>\n\t\t\t\t<div class=\"elementor-element elementor-element-41fce97 elementor-widget__width-inherit elementor-absolute elementor-hidden-tablet elementor-hidden-mobile ha-has-bg-overlay elementor-widget elementor-widget-spacer\" data-id=\"41fce97\" data-element_type=\"widget\" data-e-type=\"widget\" data-settings=\"{&quot;_position&quot;:&quot;absolute&quot;}\" data-widget_type=\"spacer.default\">\n\t\t\t\t<div class=\"elementor-widget-container\">\n\t\t\t\t\t\t\t<div class=\"elementor-spacer\">\n\t\t\t<div class=\"elementor-spacer-inner\"><\/div>\n\t\t<\/div>\n\t\t\t\t\t\t<\/div>\n\t\t\t\t<\/div>\n\t\t\t\t<div class=\"elementor-element elementor-element-96227b7 elementor-widget__width-inherit elementor-absolute elementor-hidden-tablet elementor-hidden-mobile ha-has-bg-overlay elementor-widget elementor-widget-spacer\" data-id=\"96227b7\" data-element_type=\"widget\" data-e-type=\"widget\" data-settings=\"{&quot;_position&quot;:&quot;absolute&quot;}\" data-widget_type=\"spacer.default\">\n\t\t\t\t<div class=\"elementor-widget-container\">\n\t\t\t\t\t\t\t<div class=\"elementor-spacer\">\n\t\t\t<div class=\"elementor-spacer-inner\"><\/div>\n\t\t<\/div>\n\t\t\t\t\t\t<\/div>\n\t\t\t\t<\/div>\n\t\t\t\t<div class=\"elementor-element elementor-element-de4858b elementor-widget__width-inherit elementor-absolute elementor-hidden-tablet elementor-hidden-mobile ha-has-bg-overlay elementor-widget elementor-widget-spacer\" data-id=\"de4858b\" data-element_type=\"widget\" data-e-type=\"widget\" data-settings=\"{&quot;_position&quot;:&quot;absolute&quot;}\" data-widget_type=\"spacer.default\">\n\t\t\t\t<div class=\"elementor-widget-container\">\n\t\t\t\t\t\t\t<div class=\"elementor-spacer\">\n\t\t\t<div class=\"elementor-spacer-inner\"><\/div>\n\t\t<\/div>\n\t\t\t\t\t\t<\/div>\n\t\t\t\t<\/div>\n\t\t\t\t<div class=\"elementor-element elementor-element-91539ca elementor-widget__width-inherit elementor-absolute elementor-hidden-tablet elementor-hidden-mobile ha-has-bg-overlay elementor-widget elementor-widget-spacer\" data-id=\"91539ca\" data-element_type=\"widget\" data-e-type=\"widget\" data-settings=\"{&quot;_position&quot;:&quot;absolute&quot;}\" data-widget_type=\"spacer.default\">\n\t\t\t\t<div class=\"elementor-widget-container\">\n\t\t\t\t\t\t\t<div class=\"elementor-spacer\">\n\t\t\t<div class=\"elementor-spacer-inner\"><\/div>\n\t\t<\/div>\n\t\t\t\t\t\t<\/div>\n\t\t\t\t<\/div>\n\t\t\t\t<div class=\"elementor-element elementor-element-9cc9c20 elementor-widget__width-inherit elementor-absolute elementor-hidden-tablet elementor-hidden-mobile ha-has-bg-overlay elementor-widget elementor-widget-spacer\" data-id=\"9cc9c20\" data-element_type=\"widget\" data-e-type=\"widget\" data-settings=\"{&quot;_position&quot;:&quot;absolute&quot;}\" data-widget_type=\"spacer.default\">\n\t\t\t\t<div class=\"elementor-widget-container\">\n\t\t\t\t\t\t\t<div class=\"elementor-spacer\">\n\t\t\t<div class=\"elementor-spacer-inner\"><\/div>\n\t\t<\/div>\n\t\t\t\t\t\t<\/div>\n\t\t\t\t<\/div>\n\t\t\t\t<div class=\"elementor-element elementor-element-cb979a9 elementor-widget elementor-widget-spacer\" data-id=\"cb979a9\" data-element_type=\"widget\" data-e-type=\"widget\" data-widget_type=\"spacer.default\">\n\t\t\t\t<div class=\"elementor-widget-container\">\n\t\t\t\t\t\t\t<div class=\"elementor-spacer\">\n\t\t\t<div class=\"elementor-spacer-inner\"><\/div>\n\t\t<\/div>\n\t\t\t\t\t\t<\/div>\n\t\t\t\t<\/div>\n\t\t\t\t<div class=\"elementor-element elementor-element-58b8097 elementor-widget elementor-widget-heading\" data-id=\"58b8097\" data-element_type=\"widget\" data-e-type=\"widget\" data-widget_type=\"heading.default\">\n\t\t\t\t<div class=\"elementor-widget-container\">\n\t\t\t\t\t<h2 class=\"elementor-heading-title elementor-size-default\">Como desenvolver aplicativos iOS no Windows: Guia passo a passo para desenvolvedores<\/h2>\t\t\t\t<\/div>\n\t\t\t\t<\/div>\n\t\t\t\t\t<\/div>\n\t\t\t\t<\/div>\n\t\t<div class=\"elementor-element elementor-element-2c7c189 e-flex e-con-boxed e-con e-parent\" data-id=\"2c7c189\" data-element_type=\"container\" data-e-type=\"container\" data-settings=\"{&quot;background_background&quot;:&quot;classic&quot;,&quot;_ha_eqh_enable&quot;:false}\">\n\t\t\t\t\t<div class=\"e-con-inner\">\n\t\t\t\t<div class=\"elementor-element elementor-element-1b2e0ce elementor-widget elementor-widget-image\" data-id=\"1b2e0ce\" data-element_type=\"widget\" data-e-type=\"widget\" data-widget_type=\"image.default\">\n\t\t\t\t<div class=\"elementor-widget-container\">\n\t\t\t\t\t\t\t\t\t\t\t\t\t\t\t<img fetchpriority=\"high\" decoding=\"async\" width=\"1826\" height=\"1137\" src=\"https:\/\/rentamac.io\/wp-content\/uploads\/2025\/01\/BLOGPIC.png\" class=\"attachment-2048x2048 size-2048x2048 wp-image-776\" alt=\"\" srcset=\"https:\/\/rentamac.io\/wp-content\/uploads\/2025\/01\/BLOGPIC.png 1826w, https:\/\/rentamac.io\/wp-content\/uploads\/2025\/01\/BLOGPIC-300x187.png 300w, https:\/\/rentamac.io\/wp-content\/uploads\/2025\/01\/BLOGPIC-1024x638.png 1024w, https:\/\/rentamac.io\/wp-content\/uploads\/2025\/01\/BLOGPIC-768x478.png 768w, https:\/\/rentamac.io\/wp-content\/uploads\/2025\/01\/BLOGPIC-1536x956.png 1536w\" sizes=\"(max-width: 1826px) 100vw, 1826px\" \/>\t\t\t\t\t\t\t\t\t\t\t\t\t\t\t<\/div>\n\t\t\t\t<\/div>\n\t\t<div class=\"elementor-element elementor-element-96c2246 e-con-full e-flex e-con e-child\" data-id=\"96c2246\" data-element_type=\"container\" data-e-type=\"container\" data-settings=\"{&quot;_ha_eqh_enable&quot;:false}\">\n\t\t\t\t<div class=\"elementor-element elementor-element-e61ef3e elementor-widget elementor-widget-text-editor\" data-id=\"e61ef3e\" data-element_type=\"widget\" data-e-type=\"widget\" data-widget_type=\"text-editor.default\">\n\t\t\t\t<div class=\"elementor-widget-container\">\n\t\t\t\t\t\t\t\t\t<h2 data-pm-slice=\"1 1 []\">Durante anos, o desenvolvimento de aplicativos para iOS foi considerado um clube exclusivo, que exigia um Mac brilhante e todas as ferramentas que o acompanhavam. Mas e se voc\u00ea for um entusiasta do Windows com o sonho de criar o pr\u00f3ximo grande aplicativo para o ecossistema da Apple?\u00a0<\/h2>\t\t\t\t\t\t\t\t<\/div>\n\t\t\t\t<\/div>\n\t\t\t\t<\/div>\n\t\t<div class=\"elementor-element elementor-element-d8cecac e-con-full e-flex e-con e-child\" data-id=\"d8cecac\" data-element_type=\"container\" data-e-type=\"container\" data-settings=\"{&quot;_ha_eqh_enable&quot;:false}\">\n\t\t<div class=\"elementor-element elementor-element-d8ef8de e-con-full e-flex e-con e-child\" data-id=\"d8ef8de\" data-element_type=\"container\" data-e-type=\"container\" data-settings=\"{&quot;background_background&quot;:&quot;gradient&quot;,&quot;_ha_eqh_enable&quot;:false}\">\n\t\t<div class=\"elementor-element elementor-element-215ea91 e-con-full e-flex e-con e-child\" data-id=\"215ea91\" data-element_type=\"container\" data-e-type=\"container\" data-settings=\"{&quot;_ha_eqh_enable&quot;:false}\">\n\t\t\t\t<div class=\"elementor-element elementor-element-18752a0 elementor-widget elementor-widget-heading\" data-id=\"18752a0\" data-element_type=\"widget\" data-e-type=\"widget\" data-widget_type=\"heading.default\">\n\t\t\t\t<div class=\"elementor-widget-container\">\n\t\t\t\t\t<h2 class=\"elementor-heading-title elementor-size-default\">Estruturas de desenvolvimento entre plataformas<\/h2>\t\t\t\t<\/div>\n\t\t\t\t<\/div>\n\t\t\t\t<\/div>\n\t\t\t\t<div class=\"elementor-element elementor-element-0469eac elementor-widget elementor-widget-spacer\" data-id=\"0469eac\" data-element_type=\"widget\" data-e-type=\"widget\" data-widget_type=\"spacer.default\">\n\t\t\t\t<div class=\"elementor-widget-container\">\n\t\t\t\t\t\t\t<div class=\"elementor-spacer\">\n\t\t\t<div class=\"elementor-spacer-inner\"><\/div>\n\t\t<\/div>\n\t\t\t\t\t\t<\/div>\n\t\t\t\t<\/div>\n\t\t\t\t<div class=\"elementor-element elementor-element-71851bd elementor-widget elementor-widget-text-editor\" data-id=\"71851bd\" data-element_type=\"widget\" data-e-type=\"widget\" data-widget_type=\"text-editor.default\">\n\t\t\t\t<div class=\"elementor-widget-container\">\n\t\t\t\t\t\t\t\t\t<p><strong>As ferramentas multiplataforma permitem que os desenvolvedores escrevam o c\u00f3digo uma vez e o implementem em v\u00e1rias plataformas, incluindo iOS e Android.<\/strong><\/p><p><strong>Embora ferramentas multiplataforma como o React Native, especialmente com o Expo Application Services (EAS), permitam que os desenvolvedores criem aplicativos para iOS sem acesso direto ao macOS, h\u00e1 certas limita\u00e7\u00f5es. Por exemplo, alguns m\u00f3dulos nativos avan\u00e7ados ou c\u00f3digos nativos personalizados podem exigir um ambiente macOS para configura\u00e7\u00e3o e testes adequados. Al\u00e9m disso, criar e distribuir aplicativos iOS sem uma conta paga de desenvolvedor da Apple pode ser um desafio, pois certos recursos e capacidades s\u00e3o restritos. \u00a0 \u00a0 \u00a0 \u00a0 \u00a0 \u00a0 \u00a0 \u00a0 \u00a0 \u00a0 \u00a0 \u00a0 <\/strong><\/p>\t\t\t\t\t\t\t\t<\/div>\n\t\t\t\t<\/div>\n\t\t\t\t<div class=\"elementor-element elementor-element-85af91f elementor-widget elementor-widget-spacer\" data-id=\"85af91f\" data-element_type=\"widget\" data-e-type=\"widget\" data-widget_type=\"spacer.default\">\n\t\t\t\t<div class=\"elementor-widget-container\">\n\t\t\t\t\t\t\t<div class=\"elementor-spacer\">\n\t\t\t<div class=\"elementor-spacer-inner\"><\/div>\n\t\t<\/div>\n\t\t\t\t\t\t<\/div>\n\t\t\t\t<\/div>\n\t\t\t\t<\/div>\n\t\t<div class=\"elementor-element elementor-element-91a9f98 e-grid e-con-full e-con e-child\" data-id=\"91a9f98\" data-element_type=\"container\" data-e-type=\"container\" data-settings=\"{&quot;background_background&quot;:&quot;classic&quot;,&quot;_ha_eqh_enable&quot;:false}\">\n\t\t\t\t<div class=\"elementor-element elementor-element-762b2aa elementor-widget elementor-widget-heading\" data-id=\"762b2aa\" data-element_type=\"widget\" data-e-type=\"widget\" data-widget_type=\"heading.default\">\n\t\t\t\t<div class=\"elementor-widget-container\">\n\t\t\t\t\t<h2 class=\"elementor-heading-title elementor-size-default\">M\u00e1quinas virtuais\ne Hackintosh<\/h2>\t\t\t\t<\/div>\n\t\t\t\t<\/div>\n\t\t\t\t<div class=\"elementor-element elementor-element-5fd12bd elementor-widget elementor-widget-text-editor\" data-id=\"5fd12bd\" data-element_type=\"widget\" data-e-type=\"widget\" data-widget_type=\"text-editor.default\">\n\t\t\t\t<div class=\"elementor-widget-container\">\n\t\t\t\t\t\t\t\t\t<p>A configura\u00e7\u00e3o de uma m\u00e1quina virtual do macOS ou de um Hackintosh (instala\u00e7\u00e3o do macOS em um hardware que n\u00e3o seja da Apple) s\u00e3o m\u00e9todos poss\u00edveis, mas apresentam desafios legais e t\u00e9cnicos. Os contratos de licen\u00e7a da Apple pro\u00edbem a execu\u00e7\u00e3o do macOS em hardware que n\u00e3o seja da Apple, e as m\u00e1quinas virtuais podem n\u00e3o oferecer o desempenho ou a estabilidade necess\u00e1rios para o desenvolvimento.<\/p>\t\t\t\t\t\t\t\t<\/div>\n\t\t\t\t<\/div>\n\t\t\t\t<\/div>\n\t\t<div class=\"elementor-element elementor-element-99123a6 e-grid e-con-full e-con e-child\" data-id=\"99123a6\" data-element_type=\"container\" data-e-type=\"container\" data-settings=\"{&quot;_ha_eqh_enable&quot;:false}\">\n\t\t\t\t<div class=\"elementor-element elementor-element-ef0a2d7 elementor-widget elementor-widget-image\" data-id=\"ef0a2d7\" data-element_type=\"widget\" data-e-type=\"widget\" data-widget_type=\"image.default\">\n\t\t\t\t<div class=\"elementor-widget-container\">\n\t\t\t\t\t\t\t\t\t\t\t\t\t\t\t<img decoding=\"async\" width=\"800\" height=\"533\" src=\"https:\/\/rentamac.io\/wp-content\/uploads\/2025\/01\/freepik__upload__50571-1024x682.jpeg\" class=\"attachment-large size-large wp-image-778\" alt=\"\" srcset=\"https:\/\/rentamac.io\/wp-content\/uploads\/2025\/01\/freepik__upload__50571-1024x682.jpeg 1024w, https:\/\/rentamac.io\/wp-content\/uploads\/2025\/01\/freepik__upload__50571-300x200.jpeg 300w, https:\/\/rentamac.io\/wp-content\/uploads\/2025\/01\/freepik__upload__50571-768x512.jpeg 768w, https:\/\/rentamac.io\/wp-content\/uploads\/2025\/01\/freepik__upload__50571-1536x1024.jpeg 1536w, https:\/\/rentamac.io\/wp-content\/uploads\/2025\/01\/freepik__upload__50571-1200x800.jpeg 1200w, https:\/\/rentamac.io\/wp-content\/uploads\/2025\/01\/freepik__upload__50571.jpeg 2000w\" sizes=\"(max-width: 800px) 100vw, 800px\" \/>\t\t\t\t\t\t\t\t\t\t\t\t\t\t\t<\/div>\n\t\t\t\t<\/div>\n\t\t\t\t<div class=\"elementor-element elementor-element-dd18dea elementor-widget elementor-widget-text-editor\" data-id=\"dd18dea\" data-element_type=\"widget\" data-e-type=\"widget\" data-widget_type=\"text-editor.default\">\n\t\t\t\t<div class=\"elementor-widget-container\">\n\t\t\t\t\t\t\t\t\t<h3><strong>Servi\u00e7os Mac baseados em nuvem<\/strong><\/h3><p>O aluguel de um Mac na nuvem fornece acesso remoto ao macOS, permitindo o uso do Xcode e de outras ferramentas nativas a partir de um PC com Windows.<\/p><p>\u00a0<\/p><p><strong>Alugar um Mac<\/strong>: Oferece acesso flex\u00edvel e sem complica\u00e7\u00f5es a dispositivos Apple de primeira linha por meio de conex\u00f5es de \u00e1rea de trabalho remota. Com privil\u00e9gios administrativos completos, os desenvolvedores podem instalar o software necess\u00e1rio e gerenciar seu ambiente de desenvolvimento com efici\u00eancia. Fornece servidores Mac em nuvem gerenciados e dedicados, permitindo que os desenvolvedores acessem ambientes macOS remotamente para desenvolvimento e teste de aplicativos.<\/p>\t\t\t\t\t\t\t\t<\/div>\n\t\t\t\t<\/div>\n\t\t\t\t<\/div>\n\t\t\t\t<\/div>\n\t\t<div class=\"elementor-element elementor-element-c0ba9af e-con-full e-flex e-con e-child\" data-id=\"c0ba9af\" data-element_type=\"container\" data-e-type=\"container\" data-settings=\"{&quot;_ha_eqh_enable&quot;:false}\">\n\t\t\t\t<div class=\"elementor-element elementor-element-671ff10 elementor-widget elementor-widget-spacer\" data-id=\"671ff10\" data-element_type=\"widget\" data-e-type=\"widget\" data-widget_type=\"spacer.default\">\n\t\t\t\t<div class=\"elementor-widget-container\">\n\t\t\t\t\t\t\t<div class=\"elementor-spacer\">\n\t\t\t<div class=\"elementor-spacer-inner\"><\/div>\n\t\t<\/div>\n\t\t\t\t\t\t<\/div>\n\t\t\t\t<\/div>\n\t\t\t\t<div class=\"elementor-element elementor-element-cccefef elementor-widget elementor-widget-text-editor\" data-id=\"cccefef\" data-element_type=\"widget\" data-e-type=\"widget\" data-widget_type=\"text-editor.default\">\n\t\t\t\t<div class=\"elementor-widget-container\">\n\t\t\t\t\t\t\t\t\t<h1>Ao utilizar os servi\u00e7os do Rentamac.io, os desenvolvedores podem:<\/h1>\t\t\t\t\t\t\t\t<\/div>\n\t\t\t\t<\/div>\n\t\t<div class=\"elementor-element elementor-element-4e54e17 e-grid e-con-full e-con e-child\" data-id=\"4e54e17\" data-element_type=\"container\" data-e-type=\"container\" data-settings=\"{&quot;background_background&quot;:&quot;classic&quot;,&quot;_ha_eqh_enable&quot;:false}\">\n\t\t\t\t<div class=\"elementor-element elementor-element-5c7d12a elementor-widget elementor-widget-heading\" data-id=\"5c7d12a\" data-element_type=\"widget\" data-e-type=\"widget\" data-widget_type=\"heading.default\">\n\t\t\t\t<div class=\"elementor-widget-container\">\n\t\t\t\t\t<h2 class=\"elementor-heading-title elementor-size-default\">Acesse um ambiente completo do macOS: Isso \u00e9 fundamental para tarefas que exigem o Xcode ou outras ferramentas espec\u00edficas do macOS.<\/h2>\t\t\t\t<\/div>\n\t\t\t\t<\/div>\n\t\t\t\t<div class=\"elementor-element elementor-element-dc70118 elementor-widget elementor-widget-heading\" data-id=\"dc70118\" data-element_type=\"widget\" data-e-type=\"widget\" data-widget_type=\"heading.default\">\n\t\t\t\t<div class=\"elementor-widget-container\">\n\t\t\t\t\t<h2 class=\"elementor-heading-title elementor-size-default\">Teste e depura\u00e7\u00e3o em hardware real do macOS: Garantir que os aplicativos tenham um desempenho ideal no hardware real da Apple.<\/h2>\t\t\t\t<\/div>\n\t\t\t\t<\/div>\n\t\t\t\t<div class=\"elementor-element elementor-element-4db48a9 elementor-widget elementor-widget-heading\" data-id=\"4db48a9\" data-element_type=\"widget\" data-e-type=\"widget\" data-widget_type=\"heading.default\">\n\t\t\t\t<div class=\"elementor-widget-container\">\n\t\t\t\t\t<h2 class=\"elementor-heading-title elementor-size-default\">Lidar com integra\u00e7\u00f5es avan\u00e7adas de c\u00f3digo nativo: Alguns m\u00f3dulos nativos podem exigir o macOS para a configura\u00e7\u00e3o e o teste adequados.<\/h2>\t\t\t\t<\/div>\n\t\t\t\t<\/div>\n\t\t\t\t<div class=\"elementor-element elementor-element-1f08f72 elementor-widget elementor-widget-heading\" data-id=\"1f08f72\" data-element_type=\"widget\" data-e-type=\"widget\" data-widget_type=\"heading.default\">\n\t\t\t\t<div class=\"elementor-widget-container\">\n\t\t\t\t\t<h2 class=\"elementor-heading-title elementor-size-default\">Cumprir os requisitos da App Store da Apple: Certos processos de envio da loja de aplicativos exigem a\u00e7\u00f5es que s\u00f3 podem ser executadas no macOS.<\/h2>\t\t\t\t<\/div>\n\t\t\t\t<\/div>\n\t\t\t\t<\/div>\n\t\t\t\t<\/div>\n\t\t<div class=\"elementor-element elementor-element-98a16a7 e-con-full e-flex e-con e-child\" data-id=\"98a16a7\" data-element_type=\"container\" data-e-type=\"container\" data-settings=\"{&quot;_ha_eqh_enable&quot;:false}\">\n\t\t\t\t<div class=\"elementor-element elementor-element-feea531 elementor-widget elementor-widget-spacer\" data-id=\"feea531\" data-element_type=\"widget\" data-e-type=\"widget\" data-widget_type=\"spacer.default\">\n\t\t\t\t<div class=\"elementor-widget-container\">\n\t\t\t\t\t\t\t<div class=\"elementor-spacer\">\n\t\t\t<div class=\"elementor-spacer-inner\"><\/div>\n\t\t<\/div>\n\t\t\t\t\t\t<\/div>\n\t\t\t\t<\/div>\n\t\t\t\t<div class=\"elementor-element elementor-element-9063ba8 elementor-widget elementor-widget-heading\" data-id=\"9063ba8\" data-element_type=\"widget\" data-e-type=\"widget\" data-widget_type=\"heading.default\">\n\t\t\t\t<div class=\"elementor-widget-container\">\n\t\t\t\t\t<h1 class=\"elementor-heading-title elementor-size-default\">Como configurar seu Mac remotamente.<\/h1>\t\t\t\t<\/div>\n\t\t\t\t<\/div>\n\t\t\t\t<div class=\"elementor-element elementor-element-aefec63 elementor-widget elementor-widget-spacer\" data-id=\"aefec63\" data-element_type=\"widget\" data-e-type=\"widget\" data-widget_type=\"spacer.default\">\n\t\t\t\t<div class=\"elementor-widget-container\">\n\t\t\t\t\t\t\t<div class=\"elementor-spacer\">\n\t\t\t<div class=\"elementor-spacer-inner\"><\/div>\n\t\t<\/div>\n\t\t\t\t\t\t<\/div>\n\t\t\t\t<\/div>\n\t\t\t\t<\/div>\n\t\t<div class=\"elementor-element elementor-element-d10bb4f e-grid e-con-full e-con e-child\" data-id=\"d10bb4f\" data-element_type=\"container\" data-e-type=\"container\" data-settings=\"{&quot;_ha_eqh_enable&quot;:false}\">\n\t\t\t\t<div class=\"elementor-element elementor-element-e9e0064 elementor-widget elementor-widget-image\" data-id=\"e9e0064\" data-element_type=\"widget\" data-e-type=\"widget\" data-widget_type=\"image.default\">\n\t\t\t\t<div class=\"elementor-widget-container\">\n\t\t\t\t\t\t\t\t\t\t\t\t\t\t\t<img decoding=\"async\" width=\"640\" height=\"640\" src=\"https:\/\/rentamac.io\/wp-content\/uploads\/2025\/01\/remote-access.gif\" class=\"attachment-medium_large size-medium_large wp-image-784\" alt=\"\" \/>\t\t\t\t\t\t\t\t\t\t\t\t\t\t\t<\/div>\n\t\t\t\t<\/div>\n\t\t\t\t<div class=\"elementor-element elementor-element-e556f7d ha-has-bg-overlay elementor-widget elementor-widget-text-editor\" data-id=\"e556f7d\" data-element_type=\"widget\" data-e-type=\"widget\" data-widget_type=\"text-editor.default\">\n\t\t\t\t<div class=\"elementor-widget-container\">\n\t\t\t\t\t\t\t\t\t<p>Se voc\u00ea possui um Mac, pode configur\u00e1-lo para acesso remoto e conectar-se a ele a partir do seu PC com Windows. Esse m\u00e9todo requer conectividade confi\u00e1vel com a Internet e configura\u00e7\u00e3o adequada, mas permite que voc\u00ea utilize o hardware existente.<\/p><h6>\u00a0<\/h6><p>Embora o desenvolvimento de aplicativos iOS em um PC com Windows apresente desafios, esses m\u00e9todos oferecem solu\u00e7\u00f5es vi\u00e1veis. Para muitos desenvolvedores, a utiliza\u00e7\u00e3o de servi\u00e7os Mac baseados em nuvem, como o <a href=\"https:\/\/rentamac.io\/pt\/\" target=\"_new\" rel=\"noopener\">Alugar um Mac<\/a> oferece uma abordagem econ\u00f4mica e eficiente, eliminando a necessidade de hardware f\u00edsico do Mac e fornecendo acesso \u00e0s ferramentas de desenvolvimento necess\u00e1rias.<\/p>\t\t\t\t\t\t\t\t<\/div>\n\t\t\t\t<\/div>\n\t\t\t\t<\/div>\n\t\t\t\t<div class=\"elementor-element elementor-element-8d9a947 elementor-widget elementor-widget-spacer\" data-id=\"8d9a947\" data-element_type=\"widget\" data-e-type=\"widget\" data-widget_type=\"spacer.default\">\n\t\t\t\t<div class=\"elementor-widget-container\">\n\t\t\t\t\t\t\t<div class=\"elementor-spacer\">\n\t\t\t<div class=\"elementor-spacer-inner\"><\/div>\n\t\t<\/div>\n\t\t\t\t\t\t<\/div>\n\t\t\t\t<\/div>\n\t\t\t\t\t<\/div>\n\t\t\t\t<\/div>\n\t\t\t\t<\/div>","protected":false},"excerpt":{"rendered":"<p>How to Develop iOS Apps on Windows: Step-by-Step Guide for Developers For years, developing iOS apps was thought to be an exclusive club, requiring a shiny Mac and all the tools that come with it. But what if you\u2019re a Windows enthusiast with dreams of creating the next big app for the Apple ecosystem?\u00a0 Cross-Platform [&hellip;]<\/p>\n","protected":false},"author":1,"featured_media":0,"parent":0,"menu_order":0,"comment_status":"closed","ping_status":"closed","template":"elementor_header_footer","meta":{"footnotes":""},"class_list":["post-59","page","type-page","status-publish","hentry"],"_links":{"self":[{"href":"https:\/\/rentamac.io\/pt\/wp-json\/wp\/v2\/pages\/59","targetHints":{"allow":["GET"]}}],"collection":[{"href":"https:\/\/rentamac.io\/pt\/wp-json\/wp\/v2\/pages"}],"about":[{"href":"https:\/\/rentamac.io\/pt\/wp-json\/wp\/v2\/types\/page"}],"author":[{"embeddable":true,"href":"https:\/\/rentamac.io\/pt\/wp-json\/wp\/v2\/users\/1"}],"replies":[{"embeddable":true,"href":"https:\/\/rentamac.io\/pt\/wp-json\/wp\/v2\/comments?post=59"}],"version-history":[{"count":33,"href":"https:\/\/rentamac.io\/pt\/wp-json\/wp\/v2\/pages\/59\/revisions"}],"predecessor-version":[{"id":978,"href":"https:\/\/rentamac.io\/pt\/wp-json\/wp\/v2\/pages\/59\/revisions\/978"}],"wp:attachment":[{"href":"https:\/\/rentamac.io\/pt\/wp-json\/wp\/v2\/media?parent=59"}],"curies":[{"name":"wp","href":"https:\/\/api.w.org\/{rel}","templated":true}]}}