{"id":2705,"date":"2025-04-24T10:19:54","date_gmt":"2025-04-24T10:19:54","guid":{"rendered":"https:\/\/rentamac.io\/?page_id=2705"},"modified":"2025-04-24T10:22:00","modified_gmt":"2025-04-24T10:22:00","slug":"como-comecar","status":"publish","type":"page","link":"https:\/\/rentamac.io\/pt\/how-to-get-started\/","title":{"rendered":"Comece a usar o Rentamac.io"},"content":{"rendered":"<div data-elementor-type=\"wp-page\" data-elementor-id=\"2705\" class=\"elementor elementor-2705\" data-elementor-settings=\"{&quot;ha_cmc_init_switcher&quot;:&quot;no&quot;}\" data-elementor-post-type=\"page\">\n\t\t\t\t<div class=\"elementor-element elementor-element-b60e170 e-flex e-con-boxed e-con e-parent\" data-id=\"b60e170\" data-element_type=\"container\" data-e-type=\"container\" data-settings=\"{&quot;_ha_eqh_enable&quot;:false}\">\n\t\t\t\t\t<div class=\"e-con-inner\">\n\t\t\t\t<div class=\"elementor-element elementor-element-93dffa1 elementor-widget elementor-widget-image\" data-id=\"93dffa1\" data-element_type=\"widget\" data-e-type=\"widget\" data-widget_type=\"image.default\">\n\t\t\t\t<div class=\"elementor-widget-container\">\n\t\t\t\t\t\t\t\t\t\t\t\t\t\t\t<img fetchpriority=\"high\" decoding=\"async\" width=\"800\" height=\"533\" src=\"https:\/\/rentamac.io\/wp-content\/uploads\/2025\/04\/how_to_get_started_with_rentamac-1-1024x682.jpg\" class=\"attachment-large size-large wp-image-2714\" alt=\"Como come\u00e7ar a usar o rentamac\" srcset=\"https:\/\/rentamac.io\/wp-content\/uploads\/2025\/04\/how_to_get_started_with_rentamac-1-1024x682.jpg 1024w, https:\/\/rentamac.io\/wp-content\/uploads\/2025\/04\/how_to_get_started_with_rentamac-1-300x200.jpg 300w, https:\/\/rentamac.io\/wp-content\/uploads\/2025\/04\/how_to_get_started_with_rentamac-1-768x512.jpg 768w, https:\/\/rentamac.io\/wp-content\/uploads\/2025\/04\/how_to_get_started_with_rentamac-1.jpg 1229w\" sizes=\"(max-width: 800px) 100vw, 800px\" \/>\t\t\t\t\t\t\t\t\t\t\t\t\t\t\t<\/div>\n\t\t\t\t<\/div>\n\t\t\t\t<div class=\"elementor-element elementor-element-ebf012e elementor-widget elementor-widget-text-editor\" data-id=\"ebf012e\" data-element_type=\"widget\" data-e-type=\"widget\" data-widget_type=\"text-editor.default\">\n\t\t\t\t<div class=\"elementor-widget-container\">\n\t\t\t\t\t\t\t\t\t<p>Para come\u00e7ar a usar o RentAMac.io, voc\u00ea deve selecionar um plano, escolher a op\u00e7\u00e3o de pagamento preferida, conectar-se a um Mac mini e configurar seu espa\u00e7o de trabalho.<\/p><h3 style=\"font-family: Arial, sans-serif; color: #ffffff;\"><span style=\"font-weight: 400;\">Etapa 1. Selecione um plano<\/span><\/h3><p>Nessa etapa, v\u00e1 para a se\u00e7\u00e3o\u00a0<a href=\"https:\/\/rentamac.io\/pt\/precificacao\/\">Pre\u00e7os<\/a>\u00a0no menu, verifique os planos dispon\u00edveis e clique no bot\u00e3o Buy Plan (Comprar plano). Em seguida, voc\u00ea ser\u00e1 redirecionado para a p\u00e1gina Checkout.\u00a0<\/p><h3 style=\"font-family: Arial, sans-serif; color: #ffffff;\"><span style=\"font-weight: 400;\">Etapa 2. Selecione o m\u00e9todo de pagamento e prossiga<\/span><\/h3><p>O RentAMac.io oferece v\u00e1rios m\u00e9todos de pagamento, incluindo Link, Amazon Pay, Apple Pay e uma op\u00e7\u00e3o de cart\u00e3o de cr\u00e9dito.<\/p><p><img decoding=\"async\" class=\"aligncenter wp-image-2669 size-full\" src=\"https:\/\/rentamac.io\/wp-content\/uploads\/2025\/04\/subscribe-rentamac.jpg\" alt=\"Assinar a rentamac\" width=\"1781\" height=\"1176\" srcset=\"https:\/\/rentamac.io\/wp-content\/uploads\/2025\/04\/subscribe-rentamac.jpg 1781w, https:\/\/rentamac.io\/wp-content\/uploads\/2025\/04\/subscribe-rentamac-300x198.jpg 300w, https:\/\/rentamac.io\/wp-content\/uploads\/2025\/04\/subscribe-rentamac-1024x676.jpg 1024w, https:\/\/rentamac.io\/wp-content\/uploads\/2025\/04\/subscribe-rentamac-768x507.jpg 768w, https:\/\/rentamac.io\/wp-content\/uploads\/2025\/04\/subscribe-rentamac-1536x1014.jpg 1536w\" sizes=\"(max-width: 1781px) 100vw, 1781px\" \/><\/p><h3 style=\"font-family: Arial, sans-serif; color: #ffffff;\"><span style=\"font-weight: 400;\">Etapa 3. Selecione e conecte-se ao seu Mac mini<\/span><\/h3><p>Depois que o pagamento \u00e9 processado, voc\u00ea \u00e9 redirecionado para a p\u00e1gina de configura\u00e7\u00e3o, que reflete o status da configura\u00e7\u00e3o do dispositivo Mac.<\/p><p><img decoding=\"async\" class=\"aligncenter wp-image-2672 size-full\" src=\"https:\/\/rentamac.io\/wp-content\/uploads\/2025\/04\/mac-mini-setup-1-scaled.jpg\" alt=\"Configura\u00e7\u00e3o do Mac mini\" width=\"2560\" height=\"1273\" srcset=\"https:\/\/rentamac.io\/wp-content\/uploads\/2025\/04\/mac-mini-setup-1-scaled.jpg 2560w, https:\/\/rentamac.io\/wp-content\/uploads\/2025\/04\/mac-mini-setup-1-300x149.jpg 300w, https:\/\/rentamac.io\/wp-content\/uploads\/2025\/04\/mac-mini-setup-1-1024x509.jpg 1024w, https:\/\/rentamac.io\/wp-content\/uploads\/2025\/04\/mac-mini-setup-1-768x382.jpg 768w, https:\/\/rentamac.io\/wp-content\/uploads\/2025\/04\/mac-mini-setup-1-1536x764.jpg 1536w, https:\/\/rentamac.io\/wp-content\/uploads\/2025\/04\/mac-mini-setup-1-2048x1018.jpg 2048w\" sizes=\"(max-width: 2560px) 100vw, 2560px\" \/><\/p><p>Ao se conectar ao Mac mini, voc\u00ea estar\u00e1 no painel, onde poder\u00e1 ver as credenciais para as conex\u00f5es AnyDesk e as credenciais de administrador do Mac mini.<\/p><p><img loading=\"lazy\" decoding=\"async\" class=\"aligncenter size-full wp-image-2615\" src=\"https:\/\/rentamac.io\/wp-content\/uploads\/2025\/04\/rentamac-anydesk-download.jpg\" alt=\"rentamac-anydesk-download\" width=\"1920\" height=\"1080\" srcset=\"https:\/\/rentamac.io\/wp-content\/uploads\/2025\/04\/rentamac-anydesk-download.jpg 1920w, https:\/\/rentamac.io\/wp-content\/uploads\/2025\/04\/rentamac-anydesk-download-300x169.jpg 300w, https:\/\/rentamac.io\/wp-content\/uploads\/2025\/04\/rentamac-anydesk-download-1024x576.jpg 1024w, https:\/\/rentamac.io\/wp-content\/uploads\/2025\/04\/rentamac-anydesk-download-768x432.jpg 768w, https:\/\/rentamac.io\/wp-content\/uploads\/2025\/04\/rentamac-anydesk-download-1536x864.jpg 1536w\" sizes=\"(max-width: 1920px) 100vw, 1920px\" \/><\/p><p>Depois de ter o AnyDesk configurado e pronto, copie seu AnyDesk ID e cole-o no campo de login do aplicativo AnyDesk:<\/p><p><img loading=\"lazy\" decoding=\"async\" class=\"aligncenter size-full wp-image-2614\" src=\"https:\/\/rentamac.io\/wp-content\/uploads\/2025\/04\/rentamac-anydesk-connect.jpg\" alt=\"rentamac-anydesk-connect\" width=\"1920\" height=\"1080\" srcset=\"https:\/\/rentamac.io\/wp-content\/uploads\/2025\/04\/rentamac-anydesk-connect.jpg 1920w, https:\/\/rentamac.io\/wp-content\/uploads\/2025\/04\/rentamac-anydesk-connect-300x169.jpg 300w, https:\/\/rentamac.io\/wp-content\/uploads\/2025\/04\/rentamac-anydesk-connect-1024x576.jpg 1024w, https:\/\/rentamac.io\/wp-content\/uploads\/2025\/04\/rentamac-anydesk-connect-768x432.jpg 768w, https:\/\/rentamac.io\/wp-content\/uploads\/2025\/04\/rentamac-anydesk-connect-1536x864.jpg 1536w\" sizes=\"(max-width: 1920px) 100vw, 1920px\" \/><\/p><p>Em seguida, a janela de autoriza\u00e7\u00e3o ser\u00e1 exibida. Cole sua senha e pressione OK.<\/p><h3 style=\"font-family: Arial, sans-serif; color: #ffffff;\"><span style=\"font-weight: 400;\">Etapa 5. Aproveite!<\/span><\/h3><p>Nesta etapa, voc\u00ea est\u00e1 conectado ao Mac mini remoto e pode come\u00e7ar a trabalhar em suas tarefas.<\/p><p><img loading=\"lazy\" decoding=\"async\" class=\"aligncenter wp-image-2673 size-full\" src=\"https:\/\/rentamac.io\/wp-content\/uploads\/2025\/04\/anydesk-view.jpg\" alt=\"Visualiza\u00e7\u00e3o do Anydesk\" width=\"1536\" height=\"864\" srcset=\"https:\/\/rentamac.io\/wp-content\/uploads\/2025\/04\/anydesk-view.jpg 1536w, https:\/\/rentamac.io\/wp-content\/uploads\/2025\/04\/anydesk-view-300x169.jpg 300w, https:\/\/rentamac.io\/wp-content\/uploads\/2025\/04\/anydesk-view-1024x576.jpg 1024w, https:\/\/rentamac.io\/wp-content\/uploads\/2025\/04\/anydesk-view-768x432.jpg 768w\" sizes=\"(max-width: 1536px) 100vw, 1536px\" \/><\/p><p>Na tela, voc\u00ea tamb\u00e9m tem uma janela que exibe seus direitos administrativos.\u00a0<\/p><p><img loading=\"lazy\" decoding=\"async\" class=\"aligncenter wp-image-2674 size-full\" src=\"https:\/\/rentamac.io\/wp-content\/uploads\/2025\/04\/anydesk-view-2.jpg\" alt=\"anydesk view 2\" width=\"1536\" height=\"864\" srcset=\"https:\/\/rentamac.io\/wp-content\/uploads\/2025\/04\/anydesk-view-2.jpg 1536w, https:\/\/rentamac.io\/wp-content\/uploads\/2025\/04\/anydesk-view-2-300x169.jpg 300w, https:\/\/rentamac.io\/wp-content\/uploads\/2025\/04\/anydesk-view-2-1024x576.jpg 1024w, https:\/\/rentamac.io\/wp-content\/uploads\/2025\/04\/anydesk-view-2-768x432.jpg 768w\" sizes=\"(max-width: 1536px) 100vw, 1536px\" \/><\/p><p>Ent\u00e3o, agora voc\u00ea est\u00e1 pronto para explorar os benef\u00edcios de trabalhar em um Mac mini com a RentAMac.\u00a0<\/p><p><span style=\"font-weight: bold;\"><i>Deseja obter acesso on-line a um computador Mac dedicado?\u00a0<\/i><\/span><\/p><p><a href=\"https:\/\/rentamac.io\/pt\/\"><i>Alugar um Mac<\/i><\/a><i>\u00a0e obtenha acesso ao Mac mini dedicado com direitos totais de administrador durante o per\u00edodo do aluguel!\u00a0<\/i><\/p>\t\t\t\t\t\t\t\t<\/div>\n\t\t\t\t<\/div>\n\t\t\t\t\t<\/div>\n\t\t\t\t<\/div>\n\t\t\t\t<\/div>","protected":false},"excerpt":{"rendered":"<p>To get started with RentAMac.io, you must select a plan, choose the preferred payment option, connect to a Mac mini, and set up your workspace. Step 1. Select a plan At this step, go to the\u00a0Pricing\u00a0tab in the menu, check the available plans, and click the Buy Plan button. You will then be redirected to [&hellip;]<\/p>\n","protected":false},"author":3,"featured_media":0,"parent":0,"menu_order":0,"comment_status":"closed","ping_status":"closed","template":"","meta":{"footnotes":""},"class_list":["post-2705","page","type-page","status-publish","hentry"],"_links":{"self":[{"href":"https:\/\/rentamac.io\/pt\/wp-json\/wp\/v2\/pages\/2705","targetHints":{"allow":["GET"]}}],"collection":[{"href":"https:\/\/rentamac.io\/pt\/wp-json\/wp\/v2\/pages"}],"about":[{"href":"https:\/\/rentamac.io\/pt\/wp-json\/wp\/v2\/types\/page"}],"author":[{"embeddable":true,"href":"https:\/\/rentamac.io\/pt\/wp-json\/wp\/v2\/users\/3"}],"replies":[{"embeddable":true,"href":"https:\/\/rentamac.io\/pt\/wp-json\/wp\/v2\/comments?post=2705"}],"version-history":[{"count":15,"href":"https:\/\/rentamac.io\/pt\/wp-json\/wp\/v2\/pages\/2705\/revisions"}],"predecessor-version":[{"id":2726,"href":"https:\/\/rentamac.io\/pt\/wp-json\/wp\/v2\/pages\/2705\/revisions\/2726"}],"wp:attachment":[{"href":"https:\/\/rentamac.io\/pt\/wp-json\/wp\/v2\/media?parent=2705"}],"curies":[{"name":"wp","href":"https:\/\/api.w.org\/{rel}","templated":true}]}}