{"id":967,"date":"2025-01-13T18:23:01","date_gmt":"2025-01-13T18:23:01","guid":{"rendered":"https:\/\/rentamac.io\/?page_id=967"},"modified":"2025-04-01T19:45:35","modified_gmt":"2025-04-01T19:45:35","slug":"blog","status":"publish","type":"page","link":"https:\/\/rentamac.io\/fr\/blog\/","title":{"rendered":"Blog"},"content":{"rendered":"<div data-elementor-type=\"wp-page\" data-elementor-id=\"967\" class=\"elementor elementor-967\" data-elementor-settings=\"{&quot;ha_cmc_init_switcher&quot;:&quot;no&quot;}\" data-elementor-post-type=\"page\">\n\t\t\t\t<div class=\"elementor-element elementor-element-507de13 e-flex e-con-boxed e-con e-parent\" data-id=\"507de13\" data-element_type=\"container\" data-e-type=\"container\" data-settings=\"{&quot;background_background&quot;:&quot;slideshow&quot;,&quot;background_slideshow_gallery&quot;:[],&quot;background_slideshow_loop&quot;:&quot;yes&quot;,&quot;background_slideshow_slide_duration&quot;:5000,&quot;background_slideshow_slide_transition&quot;:&quot;fade&quot;,&quot;background_slideshow_transition_duration&quot;:500,&quot;_ha_eqh_enable&quot;:false}\">\n\t\t\t\t\t<div class=\"e-con-inner\">\n\t\t<div class=\"elementor-element elementor-element-a400a05 e-grid e-con-full e-con e-child\" data-id=\"a400a05\" data-element_type=\"container\" data-e-type=\"container\" data-settings=\"{&quot;_ha_eqh_enable&quot;:false}\">\n\t\t\t\t<div class=\"elementor-element elementor-element-86f1434 elementor-widget elementor-widget-heading\" data-id=\"86f1434\" data-element_type=\"widget\" data-e-type=\"widget\" data-widget_type=\"heading.default\">\n\t\t\t\t<div class=\"elementor-widget-container\">\n\t\t\t\t\t<h1 class=\"elementor-heading-title elementor-size-default\">Blog<\/h1>\t\t\t\t<\/div>\n\t\t\t\t<\/div>\n\t\t\t\t<\/div>\n\t\t\t\t\t<\/div>\n\t\t\t\t<\/div>\n\t\t<div class=\"elementor-element elementor-element-93b4ae2 e-flex e-con-boxed e-con e-parent\" data-id=\"93b4ae2\" data-element_type=\"container\" data-e-type=\"container\" data-settings=\"{&quot;_ha_eqh_enable&quot;:false}\">\n\t\t\t\t\t<div class=\"e-con-inner\">\n\t\t\t\t<div class=\"elementor-element elementor-element-59c8921 elementor-posts--align-center elementor-grid-3 elementor-grid-tablet-2 elementor-grid-mobile-1 elementor-posts--thumbnail-top elementor-widget elementor-widget-posts\" data-id=\"59c8921\" data-element_type=\"widget\" data-e-type=\"widget\" data-settings=\"{&quot;pagination_type&quot;:&quot;numbers&quot;,&quot;classic_columns&quot;:&quot;3&quot;,&quot;classic_columns_tablet&quot;:&quot;2&quot;,&quot;classic_columns_mobile&quot;:&quot;1&quot;,&quot;classic_row_gap&quot;:{&quot;unit&quot;:&quot;px&quot;,&quot;size&quot;:35,&quot;sizes&quot;:[]},&quot;classic_row_gap_tablet&quot;:{&quot;unit&quot;:&quot;px&quot;,&quot;size&quot;:&quot;&quot;,&quot;sizes&quot;:[]},&quot;classic_row_gap_mobile&quot;:{&quot;unit&quot;:&quot;px&quot;,&quot;size&quot;:&quot;&quot;,&quot;sizes&quot;:[]}}\" data-widget_type=\"posts.classic\">\n\t\t\t\t<div class=\"elementor-widget-container\">\n\t\t\t\t\t\t\t<div class=\"elementor-posts-container elementor-posts elementor-posts--skin-classic elementor-grid\" role=\"list\">\n\t\t\t\t<article class=\"elementor-post elementor-grid-item post-4287 post type-post status-publish format-standard has-post-thumbnail hentry category-uncategorized\" role=\"listitem\">\n\t\t\t\t<a class=\"elementor-post__thumbnail__link\" href=\"https:\/\/rentamac.io\/fr\/best-openclaw-skills\/\" tabindex=\"-1\" >\n\t\t\t<div class=\"elementor-post__thumbnail\"><img fetchpriority=\"high\" decoding=\"async\" width=\"300\" height=\"200\" src=\"https:\/\/rentamac.io\/wp-content\/uploads\/2026\/02\/best-openclaw-skills-hero-300x200.webp\" class=\"attachment-medium size-medium wp-image-4303\" alt=\"Mascotte d&#039;OpenClaw entour\u00e9e de neuf ic\u00f4nes de comp\u00e9tences sur une orbite circulaire\" srcset=\"https:\/\/rentamac.io\/wp-content\/uploads\/2026\/02\/best-openclaw-skills-hero-300x200.webp 300w, https:\/\/rentamac.io\/wp-content\/uploads\/2026\/02\/best-openclaw-skills-hero-1024x683.webp 1024w, https:\/\/rentamac.io\/wp-content\/uploads\/2026\/02\/best-openclaw-skills-hero-768x512.webp 768w, https:\/\/rentamac.io\/wp-content\/uploads\/2026\/02\/best-openclaw-skills-hero-18x12.webp 18w, https:\/\/rentamac.io\/wp-content\/uploads\/2026\/02\/best-openclaw-skills-hero.webp 1536w\" sizes=\"(max-width: 300px) 100vw, 300px\" \/><\/div>\n\t\t<\/a>\n\t\t\t\t<div class=\"elementor-post__text\">\n\t\t\t\t<h3 class=\"elementor-post__title\">\n\t\t\t<a href=\"https:\/\/rentamac.io\/fr\/best-openclaw-skills\/\" >\n\t\t\t\t35 comp\u00e9tences OpenClaw qui valent vraiment la peine d'\u00eatre install\u00e9es\t\t\t<\/a>\n\t\t<\/h3>\n\t\t\t\t<\/div>\n\t\t\t\t<\/article>\n\t\t\t\t<article class=\"elementor-post elementor-grid-item post-4276 post type-post status-publish format-standard has-post-thumbnail hentry category-uncategorized\" role=\"listitem\">\n\t\t\t\t<a class=\"elementor-post__thumbnail__link\" href=\"https:\/\/rentamac.io\/fr\/best-local-llms-openclaw\/\" tabindex=\"-1\" >\n\t\t\t<div class=\"elementor-post__thumbnail\"><img decoding=\"async\" width=\"300\" height=\"169\" src=\"https:\/\/rentamac.io\/wp-content\/uploads\/2026\/02\/best-local-llm-openclaw-featured-300x169.webp\" class=\"attachment-medium size-medium wp-image-4278\" alt=\"Logos OpenClaw + Ollama\/LM Studio avec label local LLM\" srcset=\"https:\/\/rentamac.io\/wp-content\/uploads\/2026\/02\/best-local-llm-openclaw-featured-300x169.webp 300w, https:\/\/rentamac.io\/wp-content\/uploads\/2026\/02\/best-local-llm-openclaw-featured-1024x576.webp 1024w, https:\/\/rentamac.io\/wp-content\/uploads\/2026\/02\/best-local-llm-openclaw-featured-768x432.webp 768w, https:\/\/rentamac.io\/wp-content\/uploads\/2026\/02\/best-local-llm-openclaw-featured-18x10.webp 18w, https:\/\/rentamac.io\/wp-content\/uploads\/2026\/02\/best-local-llm-openclaw-featured.webp 1200w\" sizes=\"(max-width: 300px) 100vw, 300px\" \/><\/div>\n\t\t<\/a>\n\t\t\t\t<div class=\"elementor-post__text\">\n\t\t\t\t<h3 class=\"elementor-post__title\">\n\t\t\t<a href=\"https:\/\/rentamac.io\/fr\/best-local-llms-openclaw\/\" >\n\t\t\t\tLes LLM locaux pour OpenClaw : un guide pratique\t\t\t<\/a>\n\t\t<\/h3>\n\t\t\t\t<\/div>\n\t\t\t\t<\/article>\n\t\t\t\t<article class=\"elementor-post elementor-grid-item post-4274 post type-post status-publish format-standard has-post-thumbnail hentry category-uncategorized\" role=\"listitem\">\n\t\t\t\t<a class=\"elementor-post__thumbnail__link\" href=\"https:\/\/rentamac.io\/fr\/openclaw-vs-claude\/\" tabindex=\"-1\" >\n\t\t\t<div class=\"elementor-post__thumbnail\"><img decoding=\"async\" width=\"300\" height=\"200\" src=\"https:\/\/rentamac.io\/wp-content\/uploads\/2026\/02\/openclaw-vs-claude-featured-300x200.webp\" class=\"attachment-medium size-medium wp-image-4273\" alt=\"Logo OpenClaw en forme de homard rouge et logo Claude en forme de soleil orange se faisant face avec l&#039;insigne VS entre les deux sur un fond ardoise fonc\u00e9\" srcset=\"https:\/\/rentamac.io\/wp-content\/uploads\/2026\/02\/openclaw-vs-claude-featured-300x200.webp 300w, https:\/\/rentamac.io\/wp-content\/uploads\/2026\/02\/openclaw-vs-claude-featured-1024x683.webp 1024w, https:\/\/rentamac.io\/wp-content\/uploads\/2026\/02\/openclaw-vs-claude-featured-768x512.webp 768w, https:\/\/rentamac.io\/wp-content\/uploads\/2026\/02\/openclaw-vs-claude-featured-18x12.webp 18w, https:\/\/rentamac.io\/wp-content\/uploads\/2026\/02\/openclaw-vs-claude-featured.webp 1536w\" sizes=\"(max-width: 300px) 100vw, 300px\" \/><\/div>\n\t\t<\/a>\n\t\t\t\t<div class=\"elementor-post__text\">\n\t\t\t\t<h3 class=\"elementor-post__title\">\n\t\t\t<a href=\"https:\/\/rentamac.io\/fr\/openclaw-vs-claude\/\" >\n\t\t\t\tOpenClaw vs Claude : Le cerveau vs le corps. Je dirige les deux.\t\t\t<\/a>\n\t\t<\/h3>\n\t\t\t\t<\/div>\n\t\t\t\t<\/article>\n\t\t\t\t<article class=\"elementor-post elementor-grid-item post-4258 post type-post status-publish format-standard has-post-thumbnail hentry category-uncategorized\" role=\"listitem\">\n\t\t\t\t<a class=\"elementor-post__thumbnail__link\" href=\"https:\/\/rentamac.io\/fr\/openclaw-vs-chatgpt\/\" tabindex=\"-1\" >\n\t\t\t<div class=\"elementor-post__thumbnail\"><img loading=\"lazy\" decoding=\"async\" width=\"300\" height=\"200\" src=\"https:\/\/rentamac.io\/wp-content\/uploads\/2026\/02\/openclaw-vs-chatgpt-featured-300x200.webp\" class=\"attachment-medium size-medium wp-image-4257\" alt=\"Logo rouge d&#039;OpenClaw et ic\u00f4ne verte de n\u0153ud de ChatGPT se faisant face avec le badge VS entre eux sur un fond ardoise fonc\u00e9\" srcset=\"https:\/\/rentamac.io\/wp-content\/uploads\/2026\/02\/openclaw-vs-chatgpt-featured-300x200.webp 300w, https:\/\/rentamac.io\/wp-content\/uploads\/2026\/02\/openclaw-vs-chatgpt-featured-1024x683.webp 1024w, https:\/\/rentamac.io\/wp-content\/uploads\/2026\/02\/openclaw-vs-chatgpt-featured-768x512.webp 768w, https:\/\/rentamac.io\/wp-content\/uploads\/2026\/02\/openclaw-vs-chatgpt-featured-18x12.webp 18w, https:\/\/rentamac.io\/wp-content\/uploads\/2026\/02\/openclaw-vs-chatgpt-featured.webp 1536w\" sizes=\"(max-width: 300px) 100vw, 300px\" \/><\/div>\n\t\t<\/a>\n\t\t\t\t<div class=\"elementor-post__text\">\n\t\t\t\t<h3 class=\"elementor-post__title\">\n\t\t\t<a href=\"https:\/\/rentamac.io\/fr\/openclaw-vs-chatgpt\/\" >\n\t\t\t\tOpenClaw vs ChatGPT : J'ai test\u00e9 les deux. Voici mon choix honn\u00eate\t\t\t<\/a>\n\t\t<\/h3>\n\t\t\t\t<\/div>\n\t\t\t\t<\/article>\n\t\t\t\t<article class=\"elementor-post elementor-grid-item post-4251 post type-post status-publish format-standard has-post-thumbnail hentry category-uncategorized\" role=\"listitem\">\n\t\t\t\t<a class=\"elementor-post__thumbnail__link\" href=\"https:\/\/rentamac.io\/fr\/secure-openclaw-mac-mini\/\" tabindex=\"-1\" >\n\t\t\t<div class=\"elementor-post__thumbnail\"><img loading=\"lazy\" decoding=\"async\" width=\"300\" height=\"200\" src=\"https:\/\/rentamac.io\/wp-content\/uploads\/2026\/02\/secure-openclaw-featured-300x200.webp\" class=\"attachment-medium size-medium wp-image-4249\" alt=\"Mac Mini avec le logo OpenClaw \u00e0 l&#039;int\u00e9rieur d&#039;un bouclier de s\u00e9curit\u00e9 hexagonal lumineux entour\u00e9 d&#039;ic\u00f4nes de menace sur un fond sombre\" srcset=\"https:\/\/rentamac.io\/wp-content\/uploads\/2026\/02\/secure-openclaw-featured-300x200.webp 300w, https:\/\/rentamac.io\/wp-content\/uploads\/2026\/02\/secure-openclaw-featured-1024x683.webp 1024w, https:\/\/rentamac.io\/wp-content\/uploads\/2026\/02\/secure-openclaw-featured-768x512.webp 768w, https:\/\/rentamac.io\/wp-content\/uploads\/2026\/02\/secure-openclaw-featured-18x12.webp 18w, https:\/\/rentamac.io\/wp-content\/uploads\/2026\/02\/secure-openclaw-featured.webp 1536w\" sizes=\"(max-width: 300px) 100vw, 300px\" \/><\/div>\n\t\t<\/a>\n\t\t\t\t<div class=\"elementor-post__text\">\n\t\t\t\t<h3 class=\"elementor-post__title\">\n\t\t\t<a href=\"https:\/\/rentamac.io\/fr\/secure-openclaw-mac-mini\/\" >\n\t\t\t\tComment s\u00e9curiser OpenClaw sur un Mac Mini\t\t\t<\/a>\n\t\t<\/h3>\n\t\t\t\t<\/div>\n\t\t\t\t<\/article>\n\t\t\t\t<article class=\"elementor-post elementor-grid-item post-4232 post type-post status-publish format-standard has-post-thumbnail hentry category-uncategorized\" role=\"listitem\">\n\t\t\t\t<a class=\"elementor-post__thumbnail__link\" href=\"https:\/\/rentamac.io\/fr\/setup-openclaw-mac-mini\/\" tabindex=\"-1\" >\n\t\t\t<div class=\"elementor-post__thumbnail\"><img loading=\"lazy\" decoding=\"async\" width=\"300\" height=\"200\" src=\"https:\/\/rentamac.io\/wp-content\/uploads\/2026\/02\/setup-openclaw-mac-mini-300x200.webp\" class=\"attachment-medium size-medium wp-image-4240\" alt=\"Illustration stylis\u00e9e du logo OpenClaw debout sur un Mac Mini avec des lignes de connexion lumineuses vers des ic\u00f4nes de messagerie et de codage sur un fond sombre.\" srcset=\"https:\/\/rentamac.io\/wp-content\/uploads\/2026\/02\/setup-openclaw-mac-mini-300x200.webp 300w, https:\/\/rentamac.io\/wp-content\/uploads\/2026\/02\/setup-openclaw-mac-mini-1024x683.webp 1024w, https:\/\/rentamac.io\/wp-content\/uploads\/2026\/02\/setup-openclaw-mac-mini-768x512.webp 768w, https:\/\/rentamac.io\/wp-content\/uploads\/2026\/02\/setup-openclaw-mac-mini-18x12.webp 18w, https:\/\/rentamac.io\/wp-content\/uploads\/2026\/02\/setup-openclaw-mac-mini.webp 1536w\" sizes=\"(max-width: 300px) 100vw, 300px\" \/><\/div>\n\t\t<\/a>\n\t\t\t\t<div class=\"elementor-post__text\">\n\t\t\t\t<h3 class=\"elementor-post__title\">\n\t\t\t<a href=\"https:\/\/rentamac.io\/fr\/setup-openclaw-mac-mini\/\" >\n\t\t\t\tComment installer OpenClaw sur un Mac Mini\t\t\t<\/a>\n\t\t<\/h3>\n\t\t\t\t<\/div>\n\t\t\t\t<\/article>\n\t\t\t\t<article class=\"elementor-post elementor-grid-item post-4025 post type-post status-publish format-standard has-post-thumbnail hentry category-uncategorized\" role=\"listitem\">\n\t\t\t\t<a class=\"elementor-post__thumbnail__link\" href=\"https:\/\/rentamac.io\/fr\/install-xcode-windows\/\" tabindex=\"-1\" >\n\t\t\t<div class=\"elementor-post__thumbnail\"><img loading=\"lazy\" decoding=\"async\" width=\"300\" height=\"200\" src=\"https:\/\/rentamac.io\/wp-content\/uploads\/2025\/10\/install-xcode-windows-1-300x200.jpg\" class=\"attachment-medium size-medium wp-image-4028\" alt=\"Installer xcode sur windows\" srcset=\"https:\/\/rentamac.io\/wp-content\/uploads\/2025\/10\/install-xcode-windows-1-300x200.jpg 300w, https:\/\/rentamac.io\/wp-content\/uploads\/2025\/10\/install-xcode-windows-1-1024x682.jpg 1024w, https:\/\/rentamac.io\/wp-content\/uploads\/2025\/10\/install-xcode-windows-1-768x512.jpg 768w, https:\/\/rentamac.io\/wp-content\/uploads\/2025\/10\/install-xcode-windows-1-18x12.jpg 18w, https:\/\/rentamac.io\/wp-content\/uploads\/2025\/10\/install-xcode-windows-1.jpg 1229w\" sizes=\"(max-width: 300px) 100vw, 300px\" \/><\/div>\n\t\t<\/a>\n\t\t\t\t<div class=\"elementor-post__text\">\n\t\t\t\t<h3 class=\"elementor-post__title\">\n\t\t\t<a href=\"https:\/\/rentamac.io\/fr\/install-xcode-windows\/\" >\n\t\t\t\tInstaller Xcode sur Windows : Guide complet pour le d\u00e9veloppement iOS sur PC\t\t\t<\/a>\n\t\t<\/h3>\n\t\t\t\t<\/div>\n\t\t\t\t<\/article>\n\t\t\t\t<article class=\"elementor-post elementor-grid-item post-3787 post type-post status-publish format-standard has-post-thumbnail hentry category-uncategorized\" role=\"listitem\">\n\t\t\t\t<a class=\"elementor-post__thumbnail__link\" href=\"https:\/\/rentamac.io\/fr\/ios-app-development-statistics\/\" tabindex=\"-1\" >\n\t\t\t<div class=\"elementor-post__thumbnail\"><img loading=\"lazy\" decoding=\"async\" width=\"300\" height=\"200\" src=\"https:\/\/rentamac.io\/wp-content\/uploads\/2025\/08\/ios-app-development-statistics-300x200.jpg\" class=\"attachment-medium size-medium wp-image-3789\" alt=\"Le logo d&#039;Apple \u00e0 c\u00f4t\u00e9 d&#039;un graphique \u00e0 barres orient\u00e9 \u00e0 la hausse, symbolisant la croissance du d\u00e9veloppement d&#039;applications iOS en 2025.\" srcset=\"https:\/\/rentamac.io\/wp-content\/uploads\/2025\/08\/ios-app-development-statistics-300x200.jpg 300w, https:\/\/rentamac.io\/wp-content\/uploads\/2025\/08\/ios-app-development-statistics-1024x683.jpg 1024w, https:\/\/rentamac.io\/wp-content\/uploads\/2025\/08\/ios-app-development-statistics-768x512.jpg 768w, https:\/\/rentamac.io\/wp-content\/uploads\/2025\/08\/ios-app-development-statistics-18x12.jpg 18w, https:\/\/rentamac.io\/wp-content\/uploads\/2025\/08\/ios-app-development-statistics.jpg 1075w\" sizes=\"(max-width: 300px) 100vw, 300px\" \/><\/div>\n\t\t<\/a>\n\t\t\t\t<div class=\"elementor-post__text\">\n\t\t\t\t<h3 class=\"elementor-post__title\">\n\t\t\t<a href=\"https:\/\/rentamac.io\/fr\/ios-app-development-statistics\/\" >\n\t\t\t\tStatistiques sur le d\u00e9veloppement d'applications iOS\t\t\t<\/a>\n\t\t<\/h3>\n\t\t\t\t<\/div>\n\t\t\t\t<\/article>\n\t\t\t\t<article class=\"elementor-post elementor-grid-item post-3680 post type-post status-publish format-standard has-post-thumbnail hentry category-uncategorized\" role=\"listitem\">\n\t\t\t\t<a class=\"elementor-post__thumbnail__link\" href=\"https:\/\/rentamac.io\/fr\/macbook-for-data-science\/\" tabindex=\"-1\" >\n\t\t\t<div class=\"elementor-post__thumbnail\"><img loading=\"lazy\" decoding=\"async\" width=\"300\" height=\"200\" src=\"https:\/\/rentamac.io\/wp-content\/uploads\/2025\/07\/macbook-for-data-science-300x200.jpg\" class=\"attachment-medium size-medium wp-image-3687\" alt=\"Illustration d&#039;un MacBook affichant des graphiques de donn\u00e9es et de r\u00e9seaux neuronaux, repr\u00e9sentant un MacBook pour les t\u00e2ches de science des donn\u00e9es.\" srcset=\"https:\/\/rentamac.io\/wp-content\/uploads\/2025\/07\/macbook-for-data-science-300x200.jpg 300w, https:\/\/rentamac.io\/wp-content\/uploads\/2025\/07\/macbook-for-data-science-1024x683.jpg 1024w, https:\/\/rentamac.io\/wp-content\/uploads\/2025\/07\/macbook-for-data-science-768x512.jpg 768w, https:\/\/rentamac.io\/wp-content\/uploads\/2025\/07\/macbook-for-data-science-18x12.jpg 18w, https:\/\/rentamac.io\/wp-content\/uploads\/2025\/07\/macbook-for-data-science.jpg 1536w\" sizes=\"(max-width: 300px) 100vw, 300px\" \/><\/div>\n\t\t<\/a>\n\t\t\t\t<div class=\"elementor-post__text\">\n\t\t\t\t<h3 class=\"elementor-post__title\">\n\t\t\t<a href=\"https:\/\/rentamac.io\/fr\/macbook-for-data-science\/\" >\n\t\t\t\tMacBook pour la science des donn\u00e9es\t\t\t<\/a>\n\t\t<\/h3>\n\t\t\t\t<\/div>\n\t\t\t\t<\/article>\n\t\t\t\t<article class=\"elementor-post elementor-grid-item post-3503 post type-post status-publish format-standard has-post-thumbnail hentry category-uncategorized\" role=\"listitem\">\n\t\t\t\t<a class=\"elementor-post__thumbnail__link\" href=\"https:\/\/rentamac.io\/fr\/run-phi-4-locally\/\" tabindex=\"-1\" >\n\t\t\t<div class=\"elementor-post__thumbnail\"><img loading=\"lazy\" decoding=\"async\" width=\"300\" height=\"200\" src=\"https:\/\/rentamac.io\/wp-content\/uploads\/2025\/06\/run-phi-4-locally-300x200.jpg\" class=\"attachment-medium size-medium wp-image-3515\" alt=\"Ex\u00e9cuter Phi 4 localement\" srcset=\"https:\/\/rentamac.io\/wp-content\/uploads\/2025\/06\/run-phi-4-locally-300x200.jpg 300w, https:\/\/rentamac.io\/wp-content\/uploads\/2025\/06\/run-phi-4-locally-1024x683.jpg 1024w, https:\/\/rentamac.io\/wp-content\/uploads\/2025\/06\/run-phi-4-locally-768x512.jpg 768w, https:\/\/rentamac.io\/wp-content\/uploads\/2025\/06\/run-phi-4-locally-18x12.jpg 18w, https:\/\/rentamac.io\/wp-content\/uploads\/2025\/06\/run-phi-4-locally.jpg 1536w\" sizes=\"(max-width: 300px) 100vw, 300px\" \/><\/div>\n\t\t<\/a>\n\t\t\t\t<div class=\"elementor-post__text\">\n\t\t\t\t<h3 class=\"elementor-post__title\">\n\t\t\t<a href=\"https:\/\/rentamac.io\/fr\/run-phi-4-locally\/\" >\n\t\t\t\tEx\u00e9cuter Phi-4 localement\t\t\t<\/a>\n\t\t<\/h3>\n\t\t\t\t<\/div>\n\t\t\t\t<\/article>\n\t\t\t\t<article class=\"elementor-post elementor-grid-item post-3526 post type-post status-publish format-standard has-post-thumbnail hentry category-uncategorized\" role=\"listitem\">\n\t\t\t\t<a class=\"elementor-post__thumbnail__link\" href=\"https:\/\/rentamac.io\/fr\/run-stable-diffusion-locally\/\" tabindex=\"-1\" >\n\t\t\t<div class=\"elementor-post__thumbnail\"><img loading=\"lazy\" decoding=\"async\" width=\"300\" height=\"200\" src=\"https:\/\/rentamac.io\/wp-content\/uploads\/2025\/06\/run-stable-diffusion-locally-300x200.jpg\" class=\"attachment-medium size-medium wp-image-3528\" alt=\"Ex\u00e9cuter localement une diffusion stable\" srcset=\"https:\/\/rentamac.io\/wp-content\/uploads\/2025\/06\/run-stable-diffusion-locally-300x200.jpg 300w, https:\/\/rentamac.io\/wp-content\/uploads\/2025\/06\/run-stable-diffusion-locally-1024x683.jpg 1024w, https:\/\/rentamac.io\/wp-content\/uploads\/2025\/06\/run-stable-diffusion-locally-768x512.jpg 768w, https:\/\/rentamac.io\/wp-content\/uploads\/2025\/06\/run-stable-diffusion-locally-18x12.jpg 18w, https:\/\/rentamac.io\/wp-content\/uploads\/2025\/06\/run-stable-diffusion-locally.jpg 1536w\" sizes=\"(max-width: 300px) 100vw, 300px\" \/><\/div>\n\t\t<\/a>\n\t\t\t\t<div class=\"elementor-post__text\">\n\t\t\t\t<h3 class=\"elementor-post__title\">\n\t\t\t<a href=\"https:\/\/rentamac.io\/fr\/run-stable-diffusion-locally\/\" >\n\t\t\t\tEx\u00e9cuter localement une diffusion stable\t\t\t<\/a>\n\t\t<\/h3>\n\t\t\t\t<\/div>\n\t\t\t\t<\/article>\n\t\t\t\t<article class=\"elementor-post elementor-grid-item post-3555 post type-post status-publish format-standard has-post-thumbnail hentry category-uncategorized\" role=\"listitem\">\n\t\t\t\t<a class=\"elementor-post__thumbnail__link\" href=\"https:\/\/rentamac.io\/fr\/run-flux-locally\/\" tabindex=\"-1\" >\n\t\t\t<div class=\"elementor-post__thumbnail\"><img loading=\"lazy\" decoding=\"async\" width=\"300\" height=\"200\" src=\"https:\/\/rentamac.io\/wp-content\/uploads\/2025\/06\/run-flux-locally-300x200.jpg\" class=\"attachment-medium size-medium wp-image-3557\" alt=\"Ex\u00e9cuter Flux localement\" srcset=\"https:\/\/rentamac.io\/wp-content\/uploads\/2025\/06\/run-flux-locally-300x200.jpg 300w, https:\/\/rentamac.io\/wp-content\/uploads\/2025\/06\/run-flux-locally-1024x683.jpg 1024w, https:\/\/rentamac.io\/wp-content\/uploads\/2025\/06\/run-flux-locally-768x512.jpg 768w, https:\/\/rentamac.io\/wp-content\/uploads\/2025\/06\/run-flux-locally-18x12.jpg 18w, https:\/\/rentamac.io\/wp-content\/uploads\/2025\/06\/run-flux-locally.jpg 1536w\" sizes=\"(max-width: 300px) 100vw, 300px\" \/><\/div>\n\t\t<\/a>\n\t\t\t\t<div class=\"elementor-post__text\">\n\t\t\t\t<h3 class=\"elementor-post__title\">\n\t\t\t<a href=\"https:\/\/rentamac.io\/fr\/run-flux-locally\/\" >\n\t\t\t\tEx\u00e9cuter le flux localement\t\t\t<\/a>\n\t\t<\/h3>\n\t\t\t\t<\/div>\n\t\t\t\t<\/article>\n\t\t\t\t<\/div>\n\t\t\n\t\t\t\t<div class=\"e-load-more-anchor\" data-page=\"1\" data-max-page=\"5\" data-next-page=\"https:\/\/rentamac.io\/fr\/wp-json\/wp\/v2\/pages\/967\/page\/2\/\"><\/div>\n\t\t\t\t<nav class=\"elementor-pagination\" aria-label=\"Pagination\">\n\t\t\t<span aria-current=\"page\" class=\"page-numbers current\"><span class=\"elementor-screen-only\">Page<\/span>1<\/span>\n<a class=\"page-numbers\" href=\"https:\/\/rentamac.io\/fr\/wp-json\/wp\/v2\/pages\/967\/page\/2\/\"><span class=\"elementor-screen-only\">Page<\/span>2<\/a>\n<a class=\"page-numbers\" href=\"https:\/\/rentamac.io\/fr\/wp-json\/wp\/v2\/pages\/967\/page\/3\/\"><span class=\"elementor-screen-only\">Page<\/span>3<\/a>\n<span class=\"page-numbers dots\">\u2026<\/span>\n<a class=\"page-numbers\" href=\"https:\/\/rentamac.io\/fr\/wp-json\/wp\/v2\/pages\/967\/page\/5\/\"><span class=\"elementor-screen-only\">Page<\/span>5<\/a>\t\t<\/nav>\n\t\t\t\t\t\t<\/div>\n\t\t\t\t<\/div>\n\t\t\t\t\t<\/div>\n\t\t\t\t<\/div>\n\t\t\t\t<\/div>","protected":false},"excerpt":{"rendered":"<p>Blog<\/p>","protected":false},"author":1,"featured_media":0,"parent":0,"menu_order":0,"comment_status":"closed","ping_status":"closed","template":"","meta":{"footnotes":""},"class_list":["post-967","page","type-page","status-publish","hentry"],"_links":{"self":[{"href":"https:\/\/rentamac.io\/fr\/wp-json\/wp\/v2\/pages\/967","targetHints":{"allow":["GET"]}}],"collection":[{"href":"https:\/\/rentamac.io\/fr\/wp-json\/wp\/v2\/pages"}],"about":[{"href":"https:\/\/rentamac.io\/fr\/wp-json\/wp\/v2\/types\/page"}],"author":[{"embeddable":true,"href":"https:\/\/rentamac.io\/fr\/wp-json\/wp\/v2\/users\/1"}],"replies":[{"embeddable":true,"href":"https:\/\/rentamac.io\/fr\/wp-json\/wp\/v2\/comments?post=967"}],"version-history":[{"count":52,"href":"https:\/\/rentamac.io\/fr\/wp-json\/wp\/v2\/pages\/967\/revisions"}],"predecessor-version":[{"id":2436,"href":"https:\/\/rentamac.io\/fr\/wp-json\/wp\/v2\/pages\/967\/revisions\/2436"}],"wp:attachment":[{"href":"https:\/\/rentamac.io\/fr\/wp-json\/wp\/v2\/media?parent=967"}],"curies":[{"name":"wp","href":"https:\/\/api.w.org\/{rel}","templated":true}]}}