{"id":729,"date":"2025-01-09T18:43:38","date_gmt":"2025-01-09T18:43:38","guid":{"rendered":"https:\/\/rentamac.io\/?page_id=729"},"modified":"2025-11-11T18:25:40","modified_gmt":"2025-11-11T18:25:40","slug":"conditions-de-service","status":"publish","type":"page","link":"https:\/\/rentamac.io\/fr\/terms-of-service\/","title":{"rendered":"Conditions d'utilisation"},"content":{"rendered":"<div data-elementor-type=\"wp-page\" data-elementor-id=\"729\" class=\"elementor elementor-729\" data-elementor-settings=\"{&quot;ha_cmc_init_switcher&quot;:&quot;no&quot;}\" data-elementor-post-type=\"page\">\n\t\t\t\t<div class=\"elementor-element elementor-element-1e442b58 e-con-full e-flex e-con e-parent\" data-id=\"1e442b58\" data-element_type=\"container\" data-e-type=\"container\" data-settings=\"{&quot;background_background&quot;:&quot;classic&quot;,&quot;_ha_eqh_enable&quot;:false}\">\n\t\t<div class=\"elementor-element elementor-element-260621c e-flex e-con-boxed e-con e-child\" data-id=\"260621c\" data-element_type=\"container\" data-e-type=\"container\" data-settings=\"{&quot;_ha_eqh_enable&quot;:false}\">\n\t\t\t\t\t<div class=\"e-con-inner\">\n\t\t<div class=\"elementor-element elementor-element-c72fde3 e-grid e-con-full e-con e-child\" data-id=\"c72fde3\" data-element_type=\"container\" data-e-type=\"container\" data-settings=\"{&quot;_ha_eqh_enable&quot;:false}\">\n\t\t\t\t<div class=\"elementor-element elementor-element-d2dd03e elementor-widget elementor-widget-heading\" data-id=\"d2dd03e\" data-element_type=\"widget\" data-e-type=\"widget\" data-widget_type=\"heading.default\">\n\t\t\t\t<div class=\"elementor-widget-container\">\n\t\t\t\t\t<h2 class=\"elementor-heading-title elementor-size-default\">Conditions d'utilisation<\/h2>\t\t\t\t<\/div>\n\t\t\t\t<\/div>\n\t\t\t\t<div class=\"elementor-element elementor-element-d05d8e0 elementor-widget elementor-widget-image\" data-id=\"d05d8e0\" data-element_type=\"widget\" data-e-type=\"widget\" data-widget_type=\"image.default\">\n\t\t\t\t<div class=\"elementor-widget-container\">\n\t\t\t\t\t\t\t\t\t\t\t\t\t\t\t<img fetchpriority=\"high\" decoding=\"async\" width=\"300\" height=\"200\" src=\"https:\/\/rentamac.io\/wp-content\/uploads\/2025\/01\/1.svg\" class=\"attachment-medium size-medium wp-image-743\" alt=\"\" \/>\t\t\t\t\t\t\t\t\t\t\t\t\t\t\t<\/div>\n\t\t\t\t<\/div>\n\t\t\t\t<\/div>\n\t\t\t\t\t<\/div>\n\t\t\t\t<\/div>\n\t\t<div class=\"elementor-element elementor-element-1189045 e-flex e-con-boxed e-con e-child\" data-id=\"1189045\" data-element_type=\"container\" data-e-type=\"container\" data-settings=\"{&quot;_ha_eqh_enable&quot;:false}\">\n\t\t\t\t\t<div class=\"e-con-inner\">\n\t\t\t\t<div class=\"elementor-element elementor-element-c5a9145 elementor-widget elementor-widget-text-editor\" data-id=\"c5a9145\" data-element_type=\"widget\" data-e-type=\"widget\" data-widget_type=\"text-editor.default\">\n\t\t\t\t<div class=\"elementor-widget-container\">\n\t\t\t\t\t\t\t\t\t<h3><br \/><strong>1. Introduction<\/strong><\/h3><p><strong>Objet :<\/strong><\/p><p>Ces conditions de service (\u201cConditions\u201d) r\u00e9gissent votre utilisation des services et du site web de Rent a Mac. En utilisant nos services, vous acceptez les conditions d\u00e9crites dans cet accord, qui forment un contrat juridiquement contraignant entre vous (\u201cl'utilisateur\u201d) et WLF Digital Solutions LTD. Ce contrat prot\u00e8ge les deux parties en \u00e9tablissant des attentes claires concernant l'utilisation de nos services.<\/p><p><strong>Acceptation :<\/strong><\/p><p>En acc\u00e9dant \u00e0 nos services ou en les utilisant, vous acceptez de vous conformer \u00e0 ces conditions. Si vous n'acceptez pas ces conditions ou toute partie de nos politiques, y compris notre politique de confidentialit\u00e9 et notre politique d'utilisation acceptable, vous ne pouvez pas utiliser nos services. WLF Digital Solutions LTD se r\u00e9serve le droit de mettre \u00e0 jour ces conditions \u00e0 tout moment, les modifications entrant en vigueur d\u00e8s leur publication sur notre site web. Il est de votre responsabilit\u00e9 de revoir les conditions p\u00e9riodiquement.<\/p><hr \/><h3><strong>2. Services fournis<\/strong><\/h3><p><strong>Description :<\/strong><\/p><p>Rent a Mac propose des services de location de Mac \u00e0 distance, donnant acc\u00e8s \u00e0 des environnements macOS haut de gamme adapt\u00e9s aux besoins des particuliers et des entreprises. Nos services sont con\u00e7us pour divers usages professionnels, notamment le d\u00e9veloppement de logiciels, la conception graphique et les environnements de test.<\/p><p><strong>L'\u00e9ligibilit\u00e9 :<\/strong><\/p><p>Pour acc\u00e9der \u00e0 nos services, vous devez \u00eatre \u00e2g\u00e9 d'au moins 18 ans ou avoir atteint l'\u00e2ge l\u00e9gal de la majorit\u00e9 dans votre juridiction. En vous inscrivant, vous confirmez que vous remplissez cette condition et que vous \u00eates l\u00e9galement autoris\u00e9 \u00e0 conclure le pr\u00e9sent accord. Les comptes cr\u00e9\u00e9s par des personnes qui ne remplissent pas cette condition peuvent \u00eatre suspendus ou r\u00e9sili\u00e9s sans pr\u00e9avis.<\/p><hr \/><h3><strong>3. Responsabilit\u00e9s de l'utilisateur<\/strong><\/h3><p><strong>Informations sur le compte :<\/strong><\/p><p>Vous \u00eates tenu de fournir des informations exactes, compl\u00e8tes et \u00e0 jour au cours de la proc\u00e9dure d'inscription. Il est de votre responsabilit\u00e9 de tenir \u00e0 jour les d\u00e9tails de votre compte, y compris l'adresse \u00e9lectronique et les informations de facturation. La fourniture d'informations fausses ou trompeuses peut entra\u00eener la suspension ou la r\u00e9siliation du compte.<\/p><p><strong>Conformit\u00e9 :<\/strong><\/p><p>Vous acceptez d'utiliser les services conform\u00e9ment \u00e0 toutes les lois et r\u00e9glementations applicables et aux pr\u00e9sentes conditions. Le partage non autoris\u00e9 des informations d'identification de votre compte est interdit. Vous \u00eates seul responsable de toute activit\u00e9 men\u00e9e par l'interm\u00e9diaire de votre compte et devez nous informer imm\u00e9diatement de tout acc\u00e8s non autoris\u00e9 ou de toute atteinte \u00e0 la s\u00e9curit\u00e9.<\/p><hr \/><h3><strong>4. Politique d'utilisation acceptable<\/strong><\/h3><p data-start=\"171\" data-end=\"199\"><strong data-start=\"171\" data-end=\"197\">Activit\u00e9s interdites :<\/strong><\/p><ul data-start=\"200\" data-end=\"734\"><li data-start=\"200\" data-end=\"272\"><p data-start=\"202\" data-end=\"272\">Tenter d'obtenir un acc\u00e8s non autoris\u00e9 \u00e0 d'autres syst\u00e8mes ou r\u00e9seaux.<\/p><\/li><li data-start=\"273\" data-end=\"366\"><p data-start=\"275\" data-end=\"366\">Participer \u00e0 des activit\u00e9s de distribution de logiciels malveillants, tels que des virus ou des ran\u00e7ongiciels (ransomware).<\/p><\/li><li data-start=\"367\" data-end=\"490\"><p data-start=\"369\" data-end=\"490\">Mener des activit\u00e9s ill\u00e9gales, y compris, mais sans s'y limiter, la violation des droits d'auteur, la fraude ou l'exploration non autoris\u00e9e de donn\u00e9es.<\/p><\/li><li data-start=\"491\" data-end=\"734\"><p data-start=\"493\" data-end=\"734\">L'envoi de courriers \u00e9lectroniques non sollicit\u00e9s (\"spam\"), de messages en masse ou automatis\u00e9s, l'exploitation de relais SMTP ouverts, la cr\u00e9ation de comptes en masse ou toute autre forme de g\u00e9n\u00e9ration de trafic de spam (y compris le trafic con\u00e7u pour manipuler les syst\u00e8mes d'analyse, de publicit\u00e9 ou de r\u00e9putation).<\/p><\/li><\/ul><p data-start=\"736\" data-end=\"974\"><strong data-start=\"736\" data-end=\"752\">Application de la loi :<\/strong><br data-start=\"752\" data-end=\"755\" \/>Le non-respect de cette politique peut entra\u00eener la suspension ou la r\u00e9siliation imm\u00e9diate du compte et d'\u00e9ventuelles poursuites judiciaires. WLF Digital Solutions LTD se r\u00e9serve le droit de contr\u00f4ler l'utilisation et d'enqu\u00eater sur toute violation pr\u00e9sum\u00e9e.<\/p><p data-start=\"976\" data-end=\"1313\">\u00c0 notre seule discr\u00e9tion, si une activit\u00e9 inhabituelle, suspecte ou potentiellement nuisible est d\u00e9tect\u00e9e, WLF Digital Solutions LTD peut suspendre ou bloquer le compte de l'utilisateur, r\u00e9voquer l'acc\u00e8s au(x) Mac(s) lou\u00e9(s) et effacer toutes les donn\u00e9es associ\u00e9es sans pr\u00e9avis. Dans ce cas, aucun remboursement ne sera effectu\u00e9, quelle que soit la dur\u00e9e restante de l'abonnement.<\/p><p data-start=\"1315\" data-end=\"1818\">En outre, WLF Digital Solutions LTD se r\u00e9serve le droit de demander aux utilisateurs d'effectuer une proc\u00e9dure de v\u00e9rification de la connaissance du client (KYC) avant de r\u00e9tablir l'acc\u00e8s. Si le processus KYC est men\u00e9 \u00e0 bien, le compte de l'utilisateur peut \u00eatre r\u00e9activ\u00e9 et l'acc\u00e8s \u00e0 un Mac lou\u00e9 r\u00e9tabli, en fonction de la gravit\u00e9 et de la nature de l'activit\u00e9 qui a conduit \u00e0 la suspension. Si la violation est jug\u00e9e trop grave, CodeNotion Limited se r\u00e9serve le droit de suspendre d\u00e9finitivement le compte, m\u00eame apr\u00e8s l'ach\u00e8vement du processus KYC.<\/p><hr \/><h3><strong>5. Abonnement et paiement<\/strong><\/h3><p><strong>Plans :<\/strong><\/p><p>Nous proposons des plans d'abonnement flexibles, d\u00e9taill\u00e9s dans notre <a href=\"https:\/\/rentamac.io\/fr\/la-tarification\/\" target=\"_new\" rel=\"noopener\">Tarification<\/a> page. Ces plans r\u00e9pondent aux diff\u00e9rents besoins des utilisateurs, qu'il s'agisse de locations quotidiennes ou d'options \u00e0 long terme. Les tarifs d'abonnement sont susceptibles d'\u00eatre modifi\u00e9s ; toutefois, les utilisateurs seront inform\u00e9s \u00e0 l'avance de tout changement affectant leurs plans actuels.<\/p><p><strong>Modes de paiement :<\/strong><\/p><p>Les paiements sont accept\u00e9s par carte de cr\u00e9dit\/d\u00e9bit et par PayPal. Tous les paiements doivent \u00eatre effectu\u00e9s au moment de l'activation de l'abonnement. L'absence de paiement peut entra\u00eener la suspension des services.<\/p><p><strong>Cycle de facturation :<\/strong><\/p><p>Les abonnements sont renouvel\u00e9s automatiquement au d\u00e9but de chaque cycle de facturation. Les utilisateurs seront inform\u00e9s des renouvellements \u00e0 venir par courrier \u00e9lectronique. Il incombe \u00e0 l'utilisateur de g\u00e9rer les annulations afin d'\u00e9viter les renouvellements automatiques.<\/p><hr \/><h3><strong>6. Annulation et remboursement<\/strong><\/h3><p><strong>Annulation :<\/strong><\/p><p>Les utilisateurs peuvent annuler leurs abonnements \u00e0 tout moment via les param\u00e8tres de leur compte. Les demandes de r\u00e9siliation doivent \u00eatre soumises avant le prochain cycle de facturation afin d'\u00e9viter les frais pour la p\u00e9riode suivante. L'acc\u00e8s aux services restera actif jusqu'\u00e0 la fin du cycle de facturation en cours.<\/p><p><strong>Remboursements :<\/strong><\/p><p>Les remboursements ne sont accord\u00e9s que dans les cas o\u00f9 les services n'ont pas \u00e9t\u00e9 disponibles en raison de probl\u00e8mes techniques ou d'une indisponibilit\u00e9 du serveur. Les demandes de remboursement doivent \u00eatre soumises dans les 14 jours suivant l'incident. Les remboursements pour le temps non utilis\u00e9 sont effectu\u00e9s \u00e0 la discr\u00e9tion de WLF Digital Solutions LTD.<\/p><p><strong>Les litiges :<\/strong><\/p><p>En cas de contestation d'une transaction ou d'un paiement effectu\u00e9 par un utilisateur, WLF Digital Solutions LTD se r\u00e9serve le droit absolu, sans pr\u00e9avis, de suspendre ou de r\u00e9silier imm\u00e9diatement tous les abonnements actifs associ\u00e9s au compte de l'utilisateur. Lors d'une telle r\u00e9siliation, tous les appareils lou\u00e9s, y compris, mais sans s'y limiter, les instances Mac, seront effac\u00e9s \u00e0 distance et les contrats de location correspondants seront consid\u00e9r\u00e9s comme r\u00e9sili\u00e9s avec effet imm\u00e9diat.<\/p><p>WLF Digital Solutions LTD ne fournira pas, ne louera pas ou ne mettra pas \u00e0 disposition de nouveaux appareils ou services aux utilisateurs impliqu\u00e9s dans des litiges de paiement, quelle que soit l'issue de ces litiges. La soci\u00e9t\u00e9 se r\u00e9serve en outre le droit de prendre toutes les mesures qu'elle juge n\u00e9cessaires pour sauvegarder ses syst\u00e8mes, son infrastructure et ses int\u00e9r\u00eats de propri\u00e9t\u00e9, y compris, mais sans s'y limiter, la suppression des donn\u00e9es, la r\u00e9vocation de l'acc\u00e8s et la mise en \u0153uvre de tous les recours disponibles en vertu de la loi applicable.<\/p><p><strong>\u00a0<\/strong><\/p><hr \/><h3><strong>7. Confidentialit\u00e9 et s\u00e9curit\u00e9 des donn\u00e9es<\/strong><\/h3><p><strong>Juridiction :<\/strong><\/p><p>Les pr\u00e9sentes conditions sont r\u00e9gies par les lois de Chypre. Tout litige d\u00e9coulant de cet accord sera r\u00e9solu par les tribunaux situ\u00e9s \u00e0 Chypre.<\/p><hr \/><h3><strong>8. Modifications des conditions<\/strong><\/h3><p><strong>Modifications :<\/strong><\/p><p>WLF Digital Solutions LTD se r\u00e9serve le droit de modifier ces conditions \u00e0 tout moment. Les modifications seront effectives d\u00e8s leur publication sur notre site web. Les utilisateurs sont encourag\u00e9s \u00e0 consulter r\u00e9guli\u00e8rement les conditions pour se tenir inform\u00e9s des mises \u00e0 jour.<\/p><hr \/><h3><strong>9. Informations sur les contacts<\/strong><\/h3><p><strong>Soutien :<\/strong><\/p><p>Pour toute question, pr\u00e9occupation ou assistance, veuillez consulter notre site web. <a href=\"https:\/\/rentamac.io\/fr\/soutien\/\" target=\"_new\" rel=\"noopener\">Soutien<\/a> ou contactez-nous \u00e0 l'adresse suivante <a href=\"mailto:support@rentamac.io\">support@rentamac.io<\/a>. Notre \u00e9quipe d'assistance est \u00e0 votre disposition pour vous aider \u00e0 r\u00e9soudre tout probl\u00e8me li\u00e9 \u00e0 votre compte ou au service.<\/p>\t\t\t\t\t\t\t\t<\/div>\n\t\t\t\t<\/div>\n\t\t\t\t\t<\/div>\n\t\t\t\t<\/div>\n\t\t\t\t<\/div>\n\t\t\t\t<\/div>","protected":false},"excerpt":{"rendered":"<p>Terms of Service 1. Introduction Purpose: These Terms of Service (&#8220;Terms&#8221;) govern your use of Rent a Mac&#8217;s services and website. By using our services, you agree to the terms outlined in this agreement, which form a legally binding contract between you (&#8220;the user&#8221;) and WLF Digital Solutions LTD. This agreement protects both parties by [&hellip;]<\/p>\n","protected":false},"author":1,"featured_media":0,"parent":0,"menu_order":0,"comment_status":"closed","ping_status":"closed","template":"","meta":{"footnotes":""},"class_list":["post-729","page","type-page","status-publish","hentry"],"_links":{"self":[{"href":"https:\/\/rentamac.io\/fr\/wp-json\/wp\/v2\/pages\/729","targetHints":{"allow":["GET"]}}],"collection":[{"href":"https:\/\/rentamac.io\/fr\/wp-json\/wp\/v2\/pages"}],"about":[{"href":"https:\/\/rentamac.io\/fr\/wp-json\/wp\/v2\/types\/page"}],"author":[{"embeddable":true,"href":"https:\/\/rentamac.io\/fr\/wp-json\/wp\/v2\/users\/1"}],"replies":[{"embeddable":true,"href":"https:\/\/rentamac.io\/fr\/wp-json\/wp\/v2\/comments?post=729"}],"version-history":[{"count":39,"href":"https:\/\/rentamac.io\/fr\/wp-json\/wp\/v2\/pages\/729\/revisions"}],"predecessor-version":[{"id":4111,"href":"https:\/\/rentamac.io\/fr\/wp-json\/wp\/v2\/pages\/729\/revisions\/4111"}],"wp:attachment":[{"href":"https:\/\/rentamac.io\/fr\/wp-json\/wp\/v2\/media?parent=729"}],"curies":[{"name":"wp","href":"https:\/\/api.w.org\/{rel}","templated":true}]}}