{"id":59,"date":"2024-12-11T14:56:31","date_gmt":"2024-12-11T14:56:31","guid":{"rendered":"https:\/\/rentamac.io\/?page_id=59"},"modified":"2025-01-13T18:38:32","modified_gmt":"2025-01-13T18:38:32","slug":"soutien-2","status":"publish","type":"page","link":"https:\/\/rentamac.io\/fr\/support-2\/","title":{"rendered":"Tout ce qu'il faut savoir"},"content":{"rendered":"<div data-elementor-type=\"wp-page\" data-elementor-id=\"59\" class=\"elementor elementor-59\" data-elementor-settings=\"{&quot;ha_cmc_init_switcher&quot;:&quot;no&quot;}\" data-elementor-post-type=\"page\">\n\t\t\t\t<div class=\"elementor-element elementor-element-bb8587f e-flex e-con-boxed e-con e-parent\" data-id=\"bb8587f\" data-element_type=\"container\" data-e-type=\"container\" data-settings=\"{&quot;background_background&quot;:&quot;classic&quot;,&quot;_ha_eqh_enable&quot;:false}\">\n\t\t\t\t\t<div class=\"e-con-inner\">\n\t\t\t\t<div class=\"elementor-element elementor-element-7860d22 elementor-widget__width-inherit elementor-absolute elementor-hidden-tablet elementor-hidden-mobile ha-has-bg-overlay elementor-widget elementor-widget-spacer\" data-id=\"7860d22\" data-element_type=\"widget\" data-e-type=\"widget\" data-settings=\"{&quot;_position&quot;:&quot;absolute&quot;}\" data-widget_type=\"spacer.default\">\n\t\t\t\t<div class=\"elementor-widget-container\">\n\t\t\t\t\t\t\t<div class=\"elementor-spacer\">\n\t\t\t<div class=\"elementor-spacer-inner\"><\/div>\n\t\t<\/div>\n\t\t\t\t\t\t<\/div>\n\t\t\t\t<\/div>\n\t\t\t\t<div class=\"elementor-element elementor-element-e017306 elementor-widget__width-inherit elementor-absolute elementor-hidden-tablet elementor-hidden-mobile ha-has-bg-overlay elementor-widget elementor-widget-spacer\" data-id=\"e017306\" data-element_type=\"widget\" data-e-type=\"widget\" data-settings=\"{&quot;_position&quot;:&quot;absolute&quot;}\" data-widget_type=\"spacer.default\">\n\t\t\t\t<div class=\"elementor-widget-container\">\n\t\t\t\t\t\t\t<div class=\"elementor-spacer\">\n\t\t\t<div class=\"elementor-spacer-inner\"><\/div>\n\t\t<\/div>\n\t\t\t\t\t\t<\/div>\n\t\t\t\t<\/div>\n\t\t\t\t<div class=\"elementor-element elementor-element-5b061a3 elementor-widget__width-inherit elementor-absolute elementor-hidden-tablet elementor-hidden-mobile ha-has-bg-overlay elementor-widget elementor-widget-spacer\" data-id=\"5b061a3\" data-element_type=\"widget\" data-e-type=\"widget\" data-settings=\"{&quot;_position&quot;:&quot;absolute&quot;}\" data-widget_type=\"spacer.default\">\n\t\t\t\t<div class=\"elementor-widget-container\">\n\t\t\t\t\t\t\t<div class=\"elementor-spacer\">\n\t\t\t<div class=\"elementor-spacer-inner\"><\/div>\n\t\t<\/div>\n\t\t\t\t\t\t<\/div>\n\t\t\t\t<\/div>\n\t\t\t\t<div class=\"elementor-element elementor-element-624c19f elementor-widget__width-inherit elementor-absolute elementor-hidden-tablet elementor-hidden-mobile ha-has-bg-overlay elementor-widget elementor-widget-spacer\" data-id=\"624c19f\" data-element_type=\"widget\" data-e-type=\"widget\" data-settings=\"{&quot;_position&quot;:&quot;absolute&quot;}\" data-widget_type=\"spacer.default\">\n\t\t\t\t<div class=\"elementor-widget-container\">\n\t\t\t\t\t\t\t<div class=\"elementor-spacer\">\n\t\t\t<div class=\"elementor-spacer-inner\"><\/div>\n\t\t<\/div>\n\t\t\t\t\t\t<\/div>\n\t\t\t\t<\/div>\n\t\t\t\t<div class=\"elementor-element elementor-element-41fce97 elementor-widget__width-inherit elementor-absolute elementor-hidden-tablet elementor-hidden-mobile ha-has-bg-overlay elementor-widget elementor-widget-spacer\" data-id=\"41fce97\" data-element_type=\"widget\" data-e-type=\"widget\" data-settings=\"{&quot;_position&quot;:&quot;absolute&quot;}\" data-widget_type=\"spacer.default\">\n\t\t\t\t<div class=\"elementor-widget-container\">\n\t\t\t\t\t\t\t<div class=\"elementor-spacer\">\n\t\t\t<div class=\"elementor-spacer-inner\"><\/div>\n\t\t<\/div>\n\t\t\t\t\t\t<\/div>\n\t\t\t\t<\/div>\n\t\t\t\t<div class=\"elementor-element elementor-element-96227b7 elementor-widget__width-inherit elementor-absolute elementor-hidden-tablet elementor-hidden-mobile ha-has-bg-overlay elementor-widget elementor-widget-spacer\" data-id=\"96227b7\" data-element_type=\"widget\" data-e-type=\"widget\" data-settings=\"{&quot;_position&quot;:&quot;absolute&quot;}\" data-widget_type=\"spacer.default\">\n\t\t\t\t<div class=\"elementor-widget-container\">\n\t\t\t\t\t\t\t<div class=\"elementor-spacer\">\n\t\t\t<div class=\"elementor-spacer-inner\"><\/div>\n\t\t<\/div>\n\t\t\t\t\t\t<\/div>\n\t\t\t\t<\/div>\n\t\t\t\t<div class=\"elementor-element elementor-element-de4858b elementor-widget__width-inherit elementor-absolute elementor-hidden-tablet elementor-hidden-mobile ha-has-bg-overlay elementor-widget elementor-widget-spacer\" data-id=\"de4858b\" data-element_type=\"widget\" data-e-type=\"widget\" data-settings=\"{&quot;_position&quot;:&quot;absolute&quot;}\" data-widget_type=\"spacer.default\">\n\t\t\t\t<div class=\"elementor-widget-container\">\n\t\t\t\t\t\t\t<div class=\"elementor-spacer\">\n\t\t\t<div class=\"elementor-spacer-inner\"><\/div>\n\t\t<\/div>\n\t\t\t\t\t\t<\/div>\n\t\t\t\t<\/div>\n\t\t\t\t<div class=\"elementor-element elementor-element-91539ca elementor-widget__width-inherit elementor-absolute elementor-hidden-tablet elementor-hidden-mobile ha-has-bg-overlay elementor-widget elementor-widget-spacer\" data-id=\"91539ca\" data-element_type=\"widget\" data-e-type=\"widget\" data-settings=\"{&quot;_position&quot;:&quot;absolute&quot;}\" data-widget_type=\"spacer.default\">\n\t\t\t\t<div class=\"elementor-widget-container\">\n\t\t\t\t\t\t\t<div class=\"elementor-spacer\">\n\t\t\t<div class=\"elementor-spacer-inner\"><\/div>\n\t\t<\/div>\n\t\t\t\t\t\t<\/div>\n\t\t\t\t<\/div>\n\t\t\t\t<div class=\"elementor-element elementor-element-9cc9c20 elementor-widget__width-inherit elementor-absolute elementor-hidden-tablet elementor-hidden-mobile ha-has-bg-overlay elementor-widget elementor-widget-spacer\" data-id=\"9cc9c20\" data-element_type=\"widget\" data-e-type=\"widget\" data-settings=\"{&quot;_position&quot;:&quot;absolute&quot;}\" data-widget_type=\"spacer.default\">\n\t\t\t\t<div class=\"elementor-widget-container\">\n\t\t\t\t\t\t\t<div class=\"elementor-spacer\">\n\t\t\t<div class=\"elementor-spacer-inner\"><\/div>\n\t\t<\/div>\n\t\t\t\t\t\t<\/div>\n\t\t\t\t<\/div>\n\t\t\t\t<div class=\"elementor-element elementor-element-cb979a9 elementor-widget elementor-widget-spacer\" data-id=\"cb979a9\" data-element_type=\"widget\" data-e-type=\"widget\" data-widget_type=\"spacer.default\">\n\t\t\t\t<div class=\"elementor-widget-container\">\n\t\t\t\t\t\t\t<div class=\"elementor-spacer\">\n\t\t\t<div class=\"elementor-spacer-inner\"><\/div>\n\t\t<\/div>\n\t\t\t\t\t\t<\/div>\n\t\t\t\t<\/div>\n\t\t\t\t<div class=\"elementor-element elementor-element-58b8097 elementor-widget elementor-widget-heading\" data-id=\"58b8097\" data-element_type=\"widget\" data-e-type=\"widget\" data-widget_type=\"heading.default\">\n\t\t\t\t<div class=\"elementor-widget-container\">\n\t\t\t\t\t<h2 class=\"elementor-heading-title elementor-size-default\">Comment d\u00e9velopper des applications iOS sur Windows : Guide pas \u00e0 pas pour les d\u00e9veloppeurs<\/h2>\t\t\t\t<\/div>\n\t\t\t\t<\/div>\n\t\t\t\t\t<\/div>\n\t\t\t\t<\/div>\n\t\t<div class=\"elementor-element elementor-element-2c7c189 e-flex e-con-boxed e-con e-parent\" data-id=\"2c7c189\" data-element_type=\"container\" data-e-type=\"container\" data-settings=\"{&quot;background_background&quot;:&quot;classic&quot;,&quot;_ha_eqh_enable&quot;:false}\">\n\t\t\t\t\t<div class=\"e-con-inner\">\n\t\t\t\t<div class=\"elementor-element elementor-element-1b2e0ce elementor-widget elementor-widget-image\" data-id=\"1b2e0ce\" data-element_type=\"widget\" data-e-type=\"widget\" data-widget_type=\"image.default\">\n\t\t\t\t<div class=\"elementor-widget-container\">\n\t\t\t\t\t\t\t\t\t\t\t\t\t\t\t<img fetchpriority=\"high\" decoding=\"async\" width=\"1826\" height=\"1137\" src=\"https:\/\/rentamac.io\/wp-content\/uploads\/2025\/01\/BLOGPIC.png\" class=\"attachment-2048x2048 size-2048x2048 wp-image-776\" alt=\"\" srcset=\"https:\/\/rentamac.io\/wp-content\/uploads\/2025\/01\/BLOGPIC.png 1826w, https:\/\/rentamac.io\/wp-content\/uploads\/2025\/01\/BLOGPIC-300x187.png 300w, https:\/\/rentamac.io\/wp-content\/uploads\/2025\/01\/BLOGPIC-1024x638.png 1024w, https:\/\/rentamac.io\/wp-content\/uploads\/2025\/01\/BLOGPIC-768x478.png 768w, https:\/\/rentamac.io\/wp-content\/uploads\/2025\/01\/BLOGPIC-1536x956.png 1536w\" sizes=\"(max-width: 1826px) 100vw, 1826px\" \/>\t\t\t\t\t\t\t\t\t\t\t\t\t\t\t<\/div>\n\t\t\t\t<\/div>\n\t\t<div class=\"elementor-element elementor-element-96c2246 e-con-full e-flex e-con e-child\" data-id=\"96c2246\" data-element_type=\"container\" data-e-type=\"container\" data-settings=\"{&quot;_ha_eqh_enable&quot;:false}\">\n\t\t\t\t<div class=\"elementor-element elementor-element-e61ef3e elementor-widget elementor-widget-text-editor\" data-id=\"e61ef3e\" data-element_type=\"widget\" data-e-type=\"widget\" data-widget_type=\"text-editor.default\">\n\t\t\t\t<div class=\"elementor-widget-container\">\n\t\t\t\t\t\t\t\t\t<h2 data-pm-slice=\"1 1 []\">Pendant des ann\u00e9es, le d\u00e9veloppement d'applications iOS a \u00e9t\u00e9 consid\u00e9r\u00e9 comme un club exclusif, n\u00e9cessitant un Mac rutilant et tous les outils qui l'accompagnent. Mais qu'en est-il si vous \u00eates un passionn\u00e9 de Windows et que vous r\u00eavez de cr\u00e9er la prochaine grande application pour l'\u00e9cosyst\u00e8me Apple ?\u00a0<\/h2>\t\t\t\t\t\t\t\t<\/div>\n\t\t\t\t<\/div>\n\t\t\t\t<\/div>\n\t\t<div class=\"elementor-element elementor-element-d8cecac e-con-full e-flex e-con e-child\" data-id=\"d8cecac\" data-element_type=\"container\" data-e-type=\"container\" data-settings=\"{&quot;_ha_eqh_enable&quot;:false}\">\n\t\t<div class=\"elementor-element elementor-element-d8ef8de e-con-full e-flex e-con e-child\" data-id=\"d8ef8de\" data-element_type=\"container\" data-e-type=\"container\" data-settings=\"{&quot;background_background&quot;:&quot;gradient&quot;,&quot;_ha_eqh_enable&quot;:false}\">\n\t\t<div class=\"elementor-element elementor-element-215ea91 e-con-full e-flex e-con e-child\" data-id=\"215ea91\" data-element_type=\"container\" data-e-type=\"container\" data-settings=\"{&quot;_ha_eqh_enable&quot;:false}\">\n\t\t\t\t<div class=\"elementor-element elementor-element-18752a0 elementor-widget elementor-widget-heading\" data-id=\"18752a0\" data-element_type=\"widget\" data-e-type=\"widget\" data-widget_type=\"heading.default\">\n\t\t\t\t<div class=\"elementor-widget-container\">\n\t\t\t\t\t<h2 class=\"elementor-heading-title elementor-size-default\">Cadres de d\u00e9veloppement multiplateforme<\/h2>\t\t\t\t<\/div>\n\t\t\t\t<\/div>\n\t\t\t\t<\/div>\n\t\t\t\t<div class=\"elementor-element elementor-element-0469eac elementor-widget elementor-widget-spacer\" data-id=\"0469eac\" data-element_type=\"widget\" data-e-type=\"widget\" data-widget_type=\"spacer.default\">\n\t\t\t\t<div class=\"elementor-widget-container\">\n\t\t\t\t\t\t\t<div class=\"elementor-spacer\">\n\t\t\t<div class=\"elementor-spacer-inner\"><\/div>\n\t\t<\/div>\n\t\t\t\t\t\t<\/div>\n\t\t\t\t<\/div>\n\t\t\t\t<div class=\"elementor-element elementor-element-71851bd elementor-widget elementor-widget-text-editor\" data-id=\"71851bd\" data-element_type=\"widget\" data-e-type=\"widget\" data-widget_type=\"text-editor.default\">\n\t\t\t\t<div class=\"elementor-widget-container\">\n\t\t\t\t\t\t\t\t\t<p><strong>Les outils multiplateformes permettent aux d\u00e9veloppeurs d'\u00e9crire du code une seule fois et de le d\u00e9ployer sur plusieurs plateformes, y compris iOS et Android.<\/strong><\/p><p><strong>Si les outils multiplateformes comme React Native, notamment avec Expo Application Services (EAS), permettent aux d\u00e9veloppeurs de cr\u00e9er des apps iOS sans acc\u00e8s direct \u00e0 macOS, il existe certaines limites. Par exemple, certains modules natifs avanc\u00e9s ou du code natif personnalis\u00e9 peuvent n\u00e9cessiter un environnement macOS pour une configuration et des tests appropri\u00e9s. En outre, la cr\u00e9ation et la distribution d'applications iOS sans compte Apple Developer payant peuvent s'av\u00e9rer difficiles, car certaines fonctionnalit\u00e9s et capacit\u00e9s sont restreintes. \u00a0 \u00a0 \u00a0 \u00a0 \u00a0 \u00a0 \u00a0 \u00a0 \u00a0 \u00a0 \u00a0 \u00a0 <\/strong><\/p>\t\t\t\t\t\t\t\t<\/div>\n\t\t\t\t<\/div>\n\t\t\t\t<div class=\"elementor-element elementor-element-85af91f elementor-widget elementor-widget-spacer\" data-id=\"85af91f\" data-element_type=\"widget\" data-e-type=\"widget\" data-widget_type=\"spacer.default\">\n\t\t\t\t<div class=\"elementor-widget-container\">\n\t\t\t\t\t\t\t<div class=\"elementor-spacer\">\n\t\t\t<div class=\"elementor-spacer-inner\"><\/div>\n\t\t<\/div>\n\t\t\t\t\t\t<\/div>\n\t\t\t\t<\/div>\n\t\t\t\t<\/div>\n\t\t<div class=\"elementor-element elementor-element-91a9f98 e-grid e-con-full e-con e-child\" data-id=\"91a9f98\" data-element_type=\"container\" data-e-type=\"container\" data-settings=\"{&quot;background_background&quot;:&quot;classic&quot;,&quot;_ha_eqh_enable&quot;:false}\">\n\t\t\t\t<div class=\"elementor-element elementor-element-762b2aa elementor-widget elementor-widget-heading\" data-id=\"762b2aa\" data-element_type=\"widget\" data-e-type=\"widget\" data-widget_type=\"heading.default\">\n\t\t\t\t<div class=\"elementor-widget-container\">\n\t\t\t\t\t<h2 class=\"elementor-heading-title elementor-size-default\">Machines virtuelles\net Hackintosh<\/h2>\t\t\t\t<\/div>\n\t\t\t\t<\/div>\n\t\t\t\t<div class=\"elementor-element elementor-element-5fd12bd elementor-widget elementor-widget-text-editor\" data-id=\"5fd12bd\" data-element_type=\"widget\" data-e-type=\"widget\" data-widget_type=\"text-editor.default\">\n\t\t\t\t<div class=\"elementor-widget-container\">\n\t\t\t\t\t\t\t\t\t<p>La mise en place d'une machine virtuelle macOS ou d'un Hackintosh (installation de macOS sur du mat\u00e9riel autre que celui d'Apple) sont des m\u00e9thodes possibles, mais elles s'accompagnent de difficult\u00e9s juridiques et techniques. Les accords de licence d'Apple interdisent l'ex\u00e9cution de macOS sur du mat\u00e9riel autre que celui d'Apple, et les machines virtuelles peuvent ne pas offrir les performances ou la stabilit\u00e9 requises pour le d\u00e9veloppement.<\/p>\t\t\t\t\t\t\t\t<\/div>\n\t\t\t\t<\/div>\n\t\t\t\t<\/div>\n\t\t<div class=\"elementor-element elementor-element-99123a6 e-grid e-con-full e-con e-child\" data-id=\"99123a6\" data-element_type=\"container\" data-e-type=\"container\" data-settings=\"{&quot;_ha_eqh_enable&quot;:false}\">\n\t\t\t\t<div class=\"elementor-element elementor-element-ef0a2d7 elementor-widget elementor-widget-image\" data-id=\"ef0a2d7\" data-element_type=\"widget\" data-e-type=\"widget\" data-widget_type=\"image.default\">\n\t\t\t\t<div class=\"elementor-widget-container\">\n\t\t\t\t\t\t\t\t\t\t\t\t\t\t\t<img decoding=\"async\" width=\"800\" height=\"533\" src=\"https:\/\/rentamac.io\/wp-content\/uploads\/2025\/01\/freepik__upload__50571-1024x682.jpeg\" class=\"attachment-large size-large wp-image-778\" alt=\"\" srcset=\"https:\/\/rentamac.io\/wp-content\/uploads\/2025\/01\/freepik__upload__50571-1024x682.jpeg 1024w, https:\/\/rentamac.io\/wp-content\/uploads\/2025\/01\/freepik__upload__50571-300x200.jpeg 300w, https:\/\/rentamac.io\/wp-content\/uploads\/2025\/01\/freepik__upload__50571-768x512.jpeg 768w, https:\/\/rentamac.io\/wp-content\/uploads\/2025\/01\/freepik__upload__50571-1536x1024.jpeg 1536w, https:\/\/rentamac.io\/wp-content\/uploads\/2025\/01\/freepik__upload__50571-1200x800.jpeg 1200w, https:\/\/rentamac.io\/wp-content\/uploads\/2025\/01\/freepik__upload__50571.jpeg 2000w\" sizes=\"(max-width: 800px) 100vw, 800px\" \/>\t\t\t\t\t\t\t\t\t\t\t\t\t\t\t<\/div>\n\t\t\t\t<\/div>\n\t\t\t\t<div class=\"elementor-element elementor-element-dd18dea elementor-widget elementor-widget-text-editor\" data-id=\"dd18dea\" data-element_type=\"widget\" data-e-type=\"widget\" data-widget_type=\"text-editor.default\">\n\t\t\t\t<div class=\"elementor-widget-container\">\n\t\t\t\t\t\t\t\t\t<h3><strong>Services Mac en nuage<\/strong><\/h3><p>La location d'un Mac dans le nuage offre un acc\u00e8s \u00e0 distance \u00e0 macOS, ce qui permet d'utiliser Xcode et d'autres outils natifs \u00e0 partir d'un PC Windows.<\/p><p>\u00a0<\/p><p><strong>Louer un Mac<\/strong>: Offre un acc\u00e8s flexible et sans probl\u00e8me aux appareils Apple de premier plan par le biais de connexions de bureau \u00e0 distance. Avec des privil\u00e8ges administratifs complets, les d\u00e9veloppeurs peuvent installer les logiciels n\u00e9cessaires et g\u00e9rer efficacement leur environnement de d\u00e9veloppement. Fournit des serveurs Mac cloud g\u00e9r\u00e9s et d\u00e9di\u00e9s, permettant aux d\u00e9veloppeurs d'acc\u00e9der \u00e0 distance \u00e0 des environnements macOS pour le d\u00e9veloppement et le test d'applications.<\/p>\t\t\t\t\t\t\t\t<\/div>\n\t\t\t\t<\/div>\n\t\t\t\t<\/div>\n\t\t\t\t<\/div>\n\t\t<div class=\"elementor-element elementor-element-c0ba9af e-con-full e-flex e-con e-child\" data-id=\"c0ba9af\" data-element_type=\"container\" data-e-type=\"container\" data-settings=\"{&quot;_ha_eqh_enable&quot;:false}\">\n\t\t\t\t<div class=\"elementor-element elementor-element-671ff10 elementor-widget elementor-widget-spacer\" data-id=\"671ff10\" data-element_type=\"widget\" data-e-type=\"widget\" data-widget_type=\"spacer.default\">\n\t\t\t\t<div class=\"elementor-widget-container\">\n\t\t\t\t\t\t\t<div class=\"elementor-spacer\">\n\t\t\t<div class=\"elementor-spacer-inner\"><\/div>\n\t\t<\/div>\n\t\t\t\t\t\t<\/div>\n\t\t\t\t<\/div>\n\t\t\t\t<div class=\"elementor-element elementor-element-cccefef elementor-widget elementor-widget-text-editor\" data-id=\"cccefef\" data-element_type=\"widget\" data-e-type=\"widget\" data-widget_type=\"text-editor.default\">\n\t\t\t\t<div class=\"elementor-widget-container\">\n\t\t\t\t\t\t\t\t\t<h1>En utilisant les services de Rentamac.io, les d\u00e9veloppeurs peuvent :<\/h1>\t\t\t\t\t\t\t\t<\/div>\n\t\t\t\t<\/div>\n\t\t<div class=\"elementor-element elementor-element-4e54e17 e-grid e-con-full e-con e-child\" data-id=\"4e54e17\" data-element_type=\"container\" data-e-type=\"container\" data-settings=\"{&quot;background_background&quot;:&quot;classic&quot;,&quot;_ha_eqh_enable&quot;:false}\">\n\t\t\t\t<div class=\"elementor-element elementor-element-5c7d12a elementor-widget elementor-widget-heading\" data-id=\"5c7d12a\" data-element_type=\"widget\" data-e-type=\"widget\" data-widget_type=\"heading.default\">\n\t\t\t\t<div class=\"elementor-widget-container\">\n\t\t\t\t\t<h2 class=\"elementor-heading-title elementor-size-default\">Acc\u00e9der \u00e0 un environnement macOS complet : Ceci est crucial pour les t\u00e2ches qui n\u00e9cessitent Xcode ou d'autres outils sp\u00e9cifiques \u00e0 macOS.<\/h2>\t\t\t\t<\/div>\n\t\t\t\t<\/div>\n\t\t\t\t<div class=\"elementor-element elementor-element-dc70118 elementor-widget elementor-widget-heading\" data-id=\"dc70118\" data-element_type=\"widget\" data-e-type=\"widget\" data-widget_type=\"heading.default\">\n\t\t\t\t<div class=\"elementor-widget-container\">\n\t\t\t\t\t<h2 class=\"elementor-heading-title elementor-size-default\">Tester et d\u00e9boguer sur du vrai mat\u00e9riel macOS : S'assurer que les applications fonctionnent de mani\u00e8re optimale sur le mat\u00e9riel Apple r\u00e9el.<\/h2>\t\t\t\t<\/div>\n\t\t\t\t<\/div>\n\t\t\t\t<div class=\"elementor-element elementor-element-4db48a9 elementor-widget elementor-widget-heading\" data-id=\"4db48a9\" data-element_type=\"widget\" data-e-type=\"widget\" data-widget_type=\"heading.default\">\n\t\t\t\t<div class=\"elementor-widget-container\">\n\t\t\t\t\t<h2 class=\"elementor-heading-title elementor-size-default\">G\u00e9rer les int\u00e9grations avanc\u00e9es de code natif : Certains modules natifs peuvent n\u00e9cessiter macOS pour \u00eatre correctement configur\u00e9s et test\u00e9s.<\/h2>\t\t\t\t<\/div>\n\t\t\t\t<\/div>\n\t\t\t\t<div class=\"elementor-element elementor-element-1f08f72 elementor-widget elementor-widget-heading\" data-id=\"1f08f72\" data-element_type=\"widget\" data-e-type=\"widget\" data-widget_type=\"heading.default\">\n\t\t\t\t<div class=\"elementor-widget-container\">\n\t\t\t\t\t<h2 class=\"elementor-heading-title elementor-size-default\">Se conformer aux exigences de l'App Store d'Apple : Certains processus de soumission \u00e0 l'App Store requi\u00e8rent des actions qui ne peuvent \u00eatre effectu\u00e9es que sur macOS.<\/h2>\t\t\t\t<\/div>\n\t\t\t\t<\/div>\n\t\t\t\t<\/div>\n\t\t\t\t<\/div>\n\t\t<div class=\"elementor-element elementor-element-98a16a7 e-con-full e-flex e-con e-child\" data-id=\"98a16a7\" data-element_type=\"container\" data-e-type=\"container\" data-settings=\"{&quot;_ha_eqh_enable&quot;:false}\">\n\t\t\t\t<div class=\"elementor-element elementor-element-feea531 elementor-widget elementor-widget-spacer\" data-id=\"feea531\" data-element_type=\"widget\" data-e-type=\"widget\" data-widget_type=\"spacer.default\">\n\t\t\t\t<div class=\"elementor-widget-container\">\n\t\t\t\t\t\t\t<div class=\"elementor-spacer\">\n\t\t\t<div class=\"elementor-spacer-inner\"><\/div>\n\t\t<\/div>\n\t\t\t\t\t\t<\/div>\n\t\t\t\t<\/div>\n\t\t\t\t<div class=\"elementor-element elementor-element-9063ba8 elementor-widget elementor-widget-heading\" data-id=\"9063ba8\" data-element_type=\"widget\" data-e-type=\"widget\" data-widget_type=\"heading.default\">\n\t\t\t\t<div class=\"elementor-widget-container\">\n\t\t\t\t\t<h1 class=\"elementor-heading-title elementor-size-default\">Comment configurer votre Mac \u00e0 distance.<\/h1>\t\t\t\t<\/div>\n\t\t\t\t<\/div>\n\t\t\t\t<div class=\"elementor-element elementor-element-aefec63 elementor-widget elementor-widget-spacer\" data-id=\"aefec63\" data-element_type=\"widget\" data-e-type=\"widget\" data-widget_type=\"spacer.default\">\n\t\t\t\t<div class=\"elementor-widget-container\">\n\t\t\t\t\t\t\t<div class=\"elementor-spacer\">\n\t\t\t<div class=\"elementor-spacer-inner\"><\/div>\n\t\t<\/div>\n\t\t\t\t\t\t<\/div>\n\t\t\t\t<\/div>\n\t\t\t\t<\/div>\n\t\t<div class=\"elementor-element elementor-element-d10bb4f e-grid e-con-full e-con e-child\" data-id=\"d10bb4f\" data-element_type=\"container\" data-e-type=\"container\" data-settings=\"{&quot;_ha_eqh_enable&quot;:false}\">\n\t\t\t\t<div class=\"elementor-element elementor-element-e9e0064 elementor-widget elementor-widget-image\" data-id=\"e9e0064\" data-element_type=\"widget\" data-e-type=\"widget\" data-widget_type=\"image.default\">\n\t\t\t\t<div class=\"elementor-widget-container\">\n\t\t\t\t\t\t\t\t\t\t\t\t\t\t\t<img decoding=\"async\" width=\"640\" height=\"640\" src=\"https:\/\/rentamac.io\/wp-content\/uploads\/2025\/01\/remote-access.gif\" class=\"attachment-medium_large size-medium_large wp-image-784\" alt=\"\" \/>\t\t\t\t\t\t\t\t\t\t\t\t\t\t\t<\/div>\n\t\t\t\t<\/div>\n\t\t\t\t<div class=\"elementor-element elementor-element-e556f7d ha-has-bg-overlay elementor-widget elementor-widget-text-editor\" data-id=\"e556f7d\" data-element_type=\"widget\" data-e-type=\"widget\" data-widget_type=\"text-editor.default\">\n\t\t\t\t<div class=\"elementor-widget-container\">\n\t\t\t\t\t\t\t\t\t<p>Si vous poss\u00e9dez un Mac, vous pouvez le configurer pour l'acc\u00e8s \u00e0 distance et vous y connecter \u00e0 partir de votre PC Windows. Cette m\u00e9thode n\u00e9cessite une connectivit\u00e9 internet fiable et une configuration ad\u00e9quate, mais vous permet d'utiliser votre mat\u00e9riel existant.<\/p><h6>\u00a0<\/h6><p>Si le d\u00e9veloppement d'applications iOS sur un PC Windows pr\u00e9sente des difficult\u00e9s, ces m\u00e9thodes offrent des solutions viables. Pour de nombreux d\u00e9veloppeurs, l'utilisation de services Mac bas\u00e9s sur le cloud tels que <a href=\"https:\/\/rentamac.io\/fr\/\" target=\"_new\" rel=\"noopener\">Louer un Mac<\/a> offre une approche rentable et efficace, \u00e9liminant le besoin de mat\u00e9riel Mac physique tout en donnant acc\u00e8s aux outils de d\u00e9veloppement n\u00e9cessaires.<\/p>\t\t\t\t\t\t\t\t<\/div>\n\t\t\t\t<\/div>\n\t\t\t\t<\/div>\n\t\t\t\t<div class=\"elementor-element elementor-element-8d9a947 elementor-widget elementor-widget-spacer\" data-id=\"8d9a947\" data-element_type=\"widget\" data-e-type=\"widget\" data-widget_type=\"spacer.default\">\n\t\t\t\t<div class=\"elementor-widget-container\">\n\t\t\t\t\t\t\t<div class=\"elementor-spacer\">\n\t\t\t<div class=\"elementor-spacer-inner\"><\/div>\n\t\t<\/div>\n\t\t\t\t\t\t<\/div>\n\t\t\t\t<\/div>\n\t\t\t\t\t<\/div>\n\t\t\t\t<\/div>\n\t\t\t\t<\/div>","protected":false},"excerpt":{"rendered":"<p>How to Develop iOS Apps on Windows: Step-by-Step Guide for Developers For years, developing iOS apps was thought to be an exclusive club, requiring a shiny Mac and all the tools that come with it. But what if you\u2019re a Windows enthusiast with dreams of creating the next big app for the Apple ecosystem?\u00a0 Cross-Platform [&hellip;]<\/p>\n","protected":false},"author":1,"featured_media":0,"parent":0,"menu_order":0,"comment_status":"closed","ping_status":"closed","template":"elementor_header_footer","meta":{"footnotes":""},"class_list":["post-59","page","type-page","status-publish","hentry"],"_links":{"self":[{"href":"https:\/\/rentamac.io\/fr\/wp-json\/wp\/v2\/pages\/59","targetHints":{"allow":["GET"]}}],"collection":[{"href":"https:\/\/rentamac.io\/fr\/wp-json\/wp\/v2\/pages"}],"about":[{"href":"https:\/\/rentamac.io\/fr\/wp-json\/wp\/v2\/types\/page"}],"author":[{"embeddable":true,"href":"https:\/\/rentamac.io\/fr\/wp-json\/wp\/v2\/users\/1"}],"replies":[{"embeddable":true,"href":"https:\/\/rentamac.io\/fr\/wp-json\/wp\/v2\/comments?post=59"}],"version-history":[{"count":33,"href":"https:\/\/rentamac.io\/fr\/wp-json\/wp\/v2\/pages\/59\/revisions"}],"predecessor-version":[{"id":978,"href":"https:\/\/rentamac.io\/fr\/wp-json\/wp\/v2\/pages\/59\/revisions\/978"}],"wp:attachment":[{"href":"https:\/\/rentamac.io\/fr\/wp-json\/wp\/v2\/media?parent=59"}],"curies":[{"name":"wp","href":"https:\/\/api.w.org\/{rel}","templated":true}]}}