{"id":2705,"date":"2025-04-24T10:19:54","date_gmt":"2025-04-24T10:19:54","guid":{"rendered":"https:\/\/rentamac.io\/?page_id=2705"},"modified":"2025-04-24T10:22:00","modified_gmt":"2025-04-24T10:22:00","slug":"comment-commencer","status":"publish","type":"page","link":"https:\/\/rentamac.io\/fr\/how-to-get-started\/","title":{"rendered":"D\u00e9marrer avec Rentamac.io"},"content":{"rendered":"<div data-elementor-type=\"wp-page\" data-elementor-id=\"2705\" class=\"elementor elementor-2705\" data-elementor-settings=\"{&quot;ha_cmc_init_switcher&quot;:&quot;no&quot;}\" data-elementor-post-type=\"page\">\n\t\t\t\t<div class=\"elementor-element elementor-element-b60e170 e-flex e-con-boxed e-con e-parent\" data-id=\"b60e170\" data-element_type=\"container\" data-e-type=\"container\" data-settings=\"{&quot;_ha_eqh_enable&quot;:false}\">\n\t\t\t\t\t<div class=\"e-con-inner\">\n\t\t\t\t<div class=\"elementor-element elementor-element-93dffa1 elementor-widget elementor-widget-image\" data-id=\"93dffa1\" data-element_type=\"widget\" data-e-type=\"widget\" data-widget_type=\"image.default\">\n\t\t\t\t<div class=\"elementor-widget-container\">\n\t\t\t\t\t\t\t\t\t\t\t\t\t\t\t<img fetchpriority=\"high\" decoding=\"async\" width=\"800\" height=\"533\" src=\"https:\/\/rentamac.io\/wp-content\/uploads\/2025\/04\/how_to_get_started_with_rentamac-1-1024x682.jpg\" class=\"attachment-large size-large wp-image-2714\" alt=\"Comment d\u00e9marrer avec rentamac\" srcset=\"https:\/\/rentamac.io\/wp-content\/uploads\/2025\/04\/how_to_get_started_with_rentamac-1-1024x682.jpg 1024w, https:\/\/rentamac.io\/wp-content\/uploads\/2025\/04\/how_to_get_started_with_rentamac-1-300x200.jpg 300w, https:\/\/rentamac.io\/wp-content\/uploads\/2025\/04\/how_to_get_started_with_rentamac-1-768x512.jpg 768w, https:\/\/rentamac.io\/wp-content\/uploads\/2025\/04\/how_to_get_started_with_rentamac-1.jpg 1229w\" sizes=\"(max-width: 800px) 100vw, 800px\" \/>\t\t\t\t\t\t\t\t\t\t\t\t\t\t\t<\/div>\n\t\t\t\t<\/div>\n\t\t\t\t<div class=\"elementor-element elementor-element-ebf012e elementor-widget elementor-widget-text-editor\" data-id=\"ebf012e\" data-element_type=\"widget\" data-e-type=\"widget\" data-widget_type=\"text-editor.default\">\n\t\t\t\t<div class=\"elementor-widget-container\">\n\t\t\t\t\t\t\t\t\t<p>Pour commencer avec RentAMac.io, vous devez s\u00e9lectionner un plan, choisir l'option de paiement pr\u00e9f\u00e9r\u00e9e, vous connecter \u00e0 un Mac mini et configurer votre espace de travail.<\/p><h3 style=\"font-family: Arial, sans-serif; color: #ffffff;\"><span style=\"font-weight: 400;\">\u00c9tape 1. S\u00e9lectionner un plan<\/span><\/h3><p>\u00c0 ce stade, il convient de se rendre sur le site\u00a0<a href=\"https:\/\/rentamac.io\/fr\/la-tarification\/\">Tarification<\/a>\u00a0dans le menu, v\u00e9rifiez les plans disponibles et cliquez sur le bouton Acheter un plan. Vous serez alors redirig\u00e9 vers la page de paiement.\u00a0<\/p><h3 style=\"font-family: Arial, sans-serif; color: #ffffff;\"><span style=\"font-weight: 400;\">\u00c9tape 2. S\u00e9lectionnez la m\u00e9thode de paiement et continuez<\/span><\/h3><p>RentAMac.io propose plusieurs m\u00e9thodes de paiement, notamment Link, Amazon Pay, Apple Pay et une option de carte de cr\u00e9dit.<\/p><p><img decoding=\"async\" class=\"aligncenter wp-image-2669 size-full\" src=\"https:\/\/rentamac.io\/wp-content\/uploads\/2025\/04\/subscribe-rentamac.jpg\" alt=\"S&#039;abonner \u00e0 rentamac\" width=\"1781\" height=\"1176\" srcset=\"https:\/\/rentamac.io\/wp-content\/uploads\/2025\/04\/subscribe-rentamac.jpg 1781w, https:\/\/rentamac.io\/wp-content\/uploads\/2025\/04\/subscribe-rentamac-300x198.jpg 300w, https:\/\/rentamac.io\/wp-content\/uploads\/2025\/04\/subscribe-rentamac-1024x676.jpg 1024w, https:\/\/rentamac.io\/wp-content\/uploads\/2025\/04\/subscribe-rentamac-768x507.jpg 768w, https:\/\/rentamac.io\/wp-content\/uploads\/2025\/04\/subscribe-rentamac-1536x1014.jpg 1536w\" sizes=\"(max-width: 1781px) 100vw, 1781px\" \/><\/p><h3 style=\"font-family: Arial, sans-serif; color: #ffffff;\"><span style=\"font-weight: 400;\">\u00c9tape 3. S\u00e9lectionnez et connectez votre Mac mini<\/span><\/h3><p>Une fois le paiement effectu\u00e9, vous \u00eates redirig\u00e9 vers la page de configuration, qui indique l'\u00e9tat d'avancement de la configuration de l'appareil Mac.<\/p><p><img decoding=\"async\" class=\"aligncenter wp-image-2672 size-full\" src=\"https:\/\/rentamac.io\/wp-content\/uploads\/2025\/04\/mac-mini-setup-1-scaled.jpg\" alt=\"Installation du Mac mini\" width=\"2560\" height=\"1273\" srcset=\"https:\/\/rentamac.io\/wp-content\/uploads\/2025\/04\/mac-mini-setup-1-scaled.jpg 2560w, https:\/\/rentamac.io\/wp-content\/uploads\/2025\/04\/mac-mini-setup-1-300x149.jpg 300w, https:\/\/rentamac.io\/wp-content\/uploads\/2025\/04\/mac-mini-setup-1-1024x509.jpg 1024w, https:\/\/rentamac.io\/wp-content\/uploads\/2025\/04\/mac-mini-setup-1-768x382.jpg 768w, https:\/\/rentamac.io\/wp-content\/uploads\/2025\/04\/mac-mini-setup-1-1536x764.jpg 1536w, https:\/\/rentamac.io\/wp-content\/uploads\/2025\/04\/mac-mini-setup-1-2048x1018.jpg 2048w\" sizes=\"(max-width: 2560px) 100vw, 2560px\" \/><\/p><p>Lorsque vous vous connectez \u00e0 votre Mac mini, vous \u00eates sur le tableau de bord, o\u00f9 vous pouvez voir les informations d'identification pour les connexions AnyDesk et les informations d'identification de l'administrateur du Mac mini.<\/p><p><img loading=\"lazy\" decoding=\"async\" class=\"aligncenter size-full wp-image-2615\" src=\"https:\/\/rentamac.io\/wp-content\/uploads\/2025\/04\/rentamac-anydesk-download.jpg\" alt=\"rentamac-anydesk-download\" width=\"1920\" height=\"1080\" srcset=\"https:\/\/rentamac.io\/wp-content\/uploads\/2025\/04\/rentamac-anydesk-download.jpg 1920w, https:\/\/rentamac.io\/wp-content\/uploads\/2025\/04\/rentamac-anydesk-download-300x169.jpg 300w, https:\/\/rentamac.io\/wp-content\/uploads\/2025\/04\/rentamac-anydesk-download-1024x576.jpg 1024w, https:\/\/rentamac.io\/wp-content\/uploads\/2025\/04\/rentamac-anydesk-download-768x432.jpg 768w, https:\/\/rentamac.io\/wp-content\/uploads\/2025\/04\/rentamac-anydesk-download-1536x864.jpg 1536w\" sizes=\"(max-width: 1920px) 100vw, 1920px\" \/><\/p><p>Une fois l'AnyDesk install\u00e9 et pr\u00eat, copiez votre AnyDesk ID et collez-le dans le champ de connexion de votre application AnyDesk :<\/p><p><img loading=\"lazy\" decoding=\"async\" class=\"aligncenter size-full wp-image-2614\" src=\"https:\/\/rentamac.io\/wp-content\/uploads\/2025\/04\/rentamac-anydesk-connect.jpg\" alt=\"rentamac-anydesk-connect\" width=\"1920\" height=\"1080\" srcset=\"https:\/\/rentamac.io\/wp-content\/uploads\/2025\/04\/rentamac-anydesk-connect.jpg 1920w, https:\/\/rentamac.io\/wp-content\/uploads\/2025\/04\/rentamac-anydesk-connect-300x169.jpg 300w, https:\/\/rentamac.io\/wp-content\/uploads\/2025\/04\/rentamac-anydesk-connect-1024x576.jpg 1024w, https:\/\/rentamac.io\/wp-content\/uploads\/2025\/04\/rentamac-anydesk-connect-768x432.jpg 768w, https:\/\/rentamac.io\/wp-content\/uploads\/2025\/04\/rentamac-anydesk-connect-1536x864.jpg 1536w\" sizes=\"(max-width: 1920px) 100vw, 1920px\" \/><\/p><p>La fen\u00eatre d'autorisation appara\u00eet ensuite. Collez votre mot de passe et appuyez sur OK.<\/p><h3 style=\"font-family: Arial, sans-serif; color: #ffffff;\"><span style=\"font-weight: 400;\">\u00c9tape 5. Profitez-en !<\/span><\/h3><p>\u00c0 cette \u00e9tape, vous \u00eates connect\u00e9 \u00e0 votre Mac mini distant et vous pouvez commencer \u00e0 travailler sur vos t\u00e2ches.<\/p><p><img loading=\"lazy\" decoding=\"async\" class=\"aligncenter wp-image-2673 size-full\" src=\"https:\/\/rentamac.io\/wp-content\/uploads\/2025\/04\/anydesk-view.jpg\" alt=\"Vue Anydesk\" width=\"1536\" height=\"864\" srcset=\"https:\/\/rentamac.io\/wp-content\/uploads\/2025\/04\/anydesk-view.jpg 1536w, https:\/\/rentamac.io\/wp-content\/uploads\/2025\/04\/anydesk-view-300x169.jpg 300w, https:\/\/rentamac.io\/wp-content\/uploads\/2025\/04\/anydesk-view-1024x576.jpg 1024w, https:\/\/rentamac.io\/wp-content\/uploads\/2025\/04\/anydesk-view-768x432.jpg 768w\" sizes=\"(max-width: 1536px) 100vw, 1536px\" \/><\/p><p>Sur l'\u00e9cran, vous disposez \u00e9galement d'une fen\u00eatre affichant vos droits d'administration.\u00a0<\/p><p><img loading=\"lazy\" decoding=\"async\" class=\"aligncenter wp-image-2674 size-full\" src=\"https:\/\/rentamac.io\/wp-content\/uploads\/2025\/04\/anydesk-view-2.jpg\" alt=\"anydesk view 2\" width=\"1536\" height=\"864\" srcset=\"https:\/\/rentamac.io\/wp-content\/uploads\/2025\/04\/anydesk-view-2.jpg 1536w, https:\/\/rentamac.io\/wp-content\/uploads\/2025\/04\/anydesk-view-2-300x169.jpg 300w, https:\/\/rentamac.io\/wp-content\/uploads\/2025\/04\/anydesk-view-2-1024x576.jpg 1024w, https:\/\/rentamac.io\/wp-content\/uploads\/2025\/04\/anydesk-view-2-768x432.jpg 768w\" sizes=\"(max-width: 1536px) 100vw, 1536px\" \/><\/p><p>Vous \u00eates maintenant pr\u00eat \u00e0 d\u00e9couvrir les avantages de travailler sur un Mac mini avec RentAMac.\u00a0<\/p><p><span style=\"font-weight: bold;\"><i>Vous souhaitez b\u00e9n\u00e9ficier d'un acc\u00e8s en ligne \u00e0 un ordinateur Mac d\u00e9di\u00e9 ?\u00a0<\/i><\/span><\/p><p><a href=\"https:\/\/rentamac.io\/fr\/\"><i>Louer un Mac<\/i><\/a><i>\u00a0et obtenez l'acc\u00e8s au Mac mini d\u00e9di\u00e9 avec tous les droits d'administration pour la dur\u00e9e de la location !\u00a0<\/i><\/p>\t\t\t\t\t\t\t\t<\/div>\n\t\t\t\t<\/div>\n\t\t\t\t\t<\/div>\n\t\t\t\t<\/div>\n\t\t\t\t<\/div>","protected":false},"excerpt":{"rendered":"<p>To get started with RentAMac.io, you must select a plan, choose the preferred payment option, connect to a Mac mini, and set up your workspace. Step 1. Select a plan At this step, go to the\u00a0Pricing\u00a0tab in the menu, check the available plans, and click the Buy Plan button. You will then be redirected to [&hellip;]<\/p>\n","protected":false},"author":3,"featured_media":0,"parent":0,"menu_order":0,"comment_status":"closed","ping_status":"closed","template":"","meta":{"footnotes":""},"class_list":["post-2705","page","type-page","status-publish","hentry"],"_links":{"self":[{"href":"https:\/\/rentamac.io\/fr\/wp-json\/wp\/v2\/pages\/2705","targetHints":{"allow":["GET"]}}],"collection":[{"href":"https:\/\/rentamac.io\/fr\/wp-json\/wp\/v2\/pages"}],"about":[{"href":"https:\/\/rentamac.io\/fr\/wp-json\/wp\/v2\/types\/page"}],"author":[{"embeddable":true,"href":"https:\/\/rentamac.io\/fr\/wp-json\/wp\/v2\/users\/3"}],"replies":[{"embeddable":true,"href":"https:\/\/rentamac.io\/fr\/wp-json\/wp\/v2\/comments?post=2705"}],"version-history":[{"count":15,"href":"https:\/\/rentamac.io\/fr\/wp-json\/wp\/v2\/pages\/2705\/revisions"}],"predecessor-version":[{"id":2726,"href":"https:\/\/rentamac.io\/fr\/wp-json\/wp\/v2\/pages\/2705\/revisions\/2726"}],"wp:attachment":[{"href":"https:\/\/rentamac.io\/fr\/wp-json\/wp\/v2\/media?parent=2705"}],"curies":[{"name":"wp","href":"https:\/\/api.w.org\/{rel}","templated":true}]}}