{"id":809,"date":"2025-01-10T19:26:17","date_gmt":"2025-01-10T19:26:17","guid":{"rendered":"https:\/\/rentamac.io\/?page_id=809"},"modified":"2025-02-20T16:47:55","modified_gmt":"2025-02-20T16:47:55","slug":"contacto","status":"publish","type":"page","link":"https:\/\/rentamac.io\/es\/contact-us\/","title":{"rendered":"P\u00f3ngase en contacto con nosotros"},"content":{"rendered":"<div data-elementor-type=\"wp-page\" data-elementor-id=\"809\" class=\"elementor elementor-809\" data-elementor-settings=\"{&quot;ha_cmc_init_switcher&quot;:&quot;no&quot;}\" data-elementor-post-type=\"page\">\n\t\t\t\t<div class=\"elementor-element elementor-element-17f60a2 e-flex e-con-boxed e-con e-parent\" data-id=\"17f60a2\" data-element_type=\"container\" data-e-type=\"container\" data-settings=\"{&quot;_ha_eqh_enable&quot;:false}\">\n\t\t\t\t\t<div class=\"e-con-inner\">\n\t\t\t\t<div class=\"elementor-element elementor-element-386e801 elementor-widget elementor-widget-heading\" data-id=\"386e801\" data-element_type=\"widget\" data-e-type=\"widget\" data-widget_type=\"heading.default\">\n\t\t\t\t<div class=\"elementor-widget-container\">\n\t\t\t\t\t<h2 class=\"elementor-heading-title elementor-size-default\">P\u00f3ngase en contacto con nosotros <\/h2>\t\t\t\t<\/div>\n\t\t\t\t<\/div>\n\t\t\t\t<div class=\"elementor-element elementor-element-83f7499 elementor-widget elementor-widget-heading\" data-id=\"83f7499\" data-element_type=\"widget\" data-e-type=\"widget\" data-widget_type=\"heading.default\">\n\t\t\t\t<div class=\"elementor-widget-container\">\n\t\t\t\t\t<h3 class=\"elementor-heading-title elementor-size-default\">Con\u00e9ctese con Rent a Mac para todas sus consultas sobre el alquiler de Mac. Proporcionamos canales de comunicaci\u00f3n directa con nuestro equipo de soporte, garantizando una asistencia r\u00e1pida para sus necesidades.<\/h3>\t\t\t\t<\/div>\n\t\t\t\t<\/div>\n\t\t\t\t\t<\/div>\n\t\t\t\t<\/div>\n\t\t<div class=\"elementor-element elementor-element-fa7694c e-flex e-con-boxed e-con e-parent\" data-id=\"fa7694c\" data-element_type=\"container\" data-e-type=\"container\" data-settings=\"{&quot;_ha_eqh_enable&quot;:false}\">\n\t\t\t\t\t<div class=\"e-con-inner\">\n\t\t\t\t\t<\/div>\n\t\t\t\t<\/div>\n\t\t\t\t<\/div>","protected":false},"excerpt":{"rendered":"<p>P\u00f3ngase en contacto con nosotros Con\u00e9ctese con Rent a Mac para todas sus consultas sobre el alquiler de Mac. Proporcionamos canales de comunicaci\u00f3n directa con nuestro equipo de soporte, garantizando una asistencia r\u00e1pida para sus necesidades. Nombre Email Mensaje Enviar<\/p>","protected":false},"author":1,"featured_media":0,"parent":0,"menu_order":0,"comment_status":"closed","ping_status":"closed","template":"","meta":{"footnotes":""},"class_list":["post-809","page","type-page","status-publish","hentry"],"_links":{"self":[{"href":"https:\/\/rentamac.io\/es\/wp-json\/wp\/v2\/pages\/809","targetHints":{"allow":["GET"]}}],"collection":[{"href":"https:\/\/rentamac.io\/es\/wp-json\/wp\/v2\/pages"}],"about":[{"href":"https:\/\/rentamac.io\/es\/wp-json\/wp\/v2\/types\/page"}],"author":[{"embeddable":true,"href":"https:\/\/rentamac.io\/es\/wp-json\/wp\/v2\/users\/1"}],"replies":[{"embeddable":true,"href":"https:\/\/rentamac.io\/es\/wp-json\/wp\/v2\/comments?post=809"}],"version-history":[{"count":13,"href":"https:\/\/rentamac.io\/es\/wp-json\/wp\/v2\/pages\/809\/revisions"}],"predecessor-version":[{"id":1109,"href":"https:\/\/rentamac.io\/es\/wp-json\/wp\/v2\/pages\/809\/revisions\/1109"}],"wp:attachment":[{"href":"https:\/\/rentamac.io\/es\/wp-json\/wp\/v2\/media?parent=809"}],"curies":[{"name":"wp","href":"https:\/\/api.w.org\/{rel}","templated":true}]}}