{"id":59,"date":"2024-12-11T14:56:31","date_gmt":"2024-12-11T14:56:31","guid":{"rendered":"https:\/\/rentamac.io\/?page_id=59"},"modified":"2025-01-13T18:38:32","modified_gmt":"2025-01-13T18:38:32","slug":"apoyo-2","status":"publish","type":"page","link":"https:\/\/rentamac.io\/es\/support-2\/","title":{"rendered":"Todo lo que debe saber"},"content":{"rendered":"<div data-elementor-type=\"wp-page\" data-elementor-id=\"59\" class=\"elementor elementor-59\" data-elementor-settings=\"{&quot;ha_cmc_init_switcher&quot;:&quot;no&quot;}\" data-elementor-post-type=\"page\">\n\t\t\t\t<div class=\"elementor-element elementor-element-bb8587f e-flex e-con-boxed e-con e-parent\" data-id=\"bb8587f\" data-element_type=\"container\" data-e-type=\"container\" data-settings=\"{&quot;background_background&quot;:&quot;classic&quot;,&quot;_ha_eqh_enable&quot;:false}\">\n\t\t\t\t\t<div class=\"e-con-inner\">\n\t\t\t\t<div class=\"elementor-element elementor-element-7860d22 elementor-widget__width-inherit elementor-absolute elementor-hidden-tablet elementor-hidden-mobile ha-has-bg-overlay elementor-widget elementor-widget-spacer\" data-id=\"7860d22\" data-element_type=\"widget\" data-e-type=\"widget\" data-settings=\"{&quot;_position&quot;:&quot;absolute&quot;}\" data-widget_type=\"spacer.default\">\n\t\t\t\t<div class=\"elementor-widget-container\">\n\t\t\t\t\t\t\t<div class=\"elementor-spacer\">\n\t\t\t<div class=\"elementor-spacer-inner\"><\/div>\n\t\t<\/div>\n\t\t\t\t\t\t<\/div>\n\t\t\t\t<\/div>\n\t\t\t\t<div class=\"elementor-element elementor-element-e017306 elementor-widget__width-inherit elementor-absolute elementor-hidden-tablet elementor-hidden-mobile ha-has-bg-overlay elementor-widget elementor-widget-spacer\" data-id=\"e017306\" data-element_type=\"widget\" data-e-type=\"widget\" data-settings=\"{&quot;_position&quot;:&quot;absolute&quot;}\" data-widget_type=\"spacer.default\">\n\t\t\t\t<div class=\"elementor-widget-container\">\n\t\t\t\t\t\t\t<div class=\"elementor-spacer\">\n\t\t\t<div class=\"elementor-spacer-inner\"><\/div>\n\t\t<\/div>\n\t\t\t\t\t\t<\/div>\n\t\t\t\t<\/div>\n\t\t\t\t<div class=\"elementor-element elementor-element-5b061a3 elementor-widget__width-inherit elementor-absolute elementor-hidden-tablet elementor-hidden-mobile ha-has-bg-overlay elementor-widget elementor-widget-spacer\" data-id=\"5b061a3\" data-element_type=\"widget\" data-e-type=\"widget\" data-settings=\"{&quot;_position&quot;:&quot;absolute&quot;}\" data-widget_type=\"spacer.default\">\n\t\t\t\t<div class=\"elementor-widget-container\">\n\t\t\t\t\t\t\t<div class=\"elementor-spacer\">\n\t\t\t<div class=\"elementor-spacer-inner\"><\/div>\n\t\t<\/div>\n\t\t\t\t\t\t<\/div>\n\t\t\t\t<\/div>\n\t\t\t\t<div class=\"elementor-element elementor-element-624c19f elementor-widget__width-inherit elementor-absolute elementor-hidden-tablet elementor-hidden-mobile ha-has-bg-overlay elementor-widget elementor-widget-spacer\" data-id=\"624c19f\" data-element_type=\"widget\" data-e-type=\"widget\" data-settings=\"{&quot;_position&quot;:&quot;absolute&quot;}\" data-widget_type=\"spacer.default\">\n\t\t\t\t<div class=\"elementor-widget-container\">\n\t\t\t\t\t\t\t<div class=\"elementor-spacer\">\n\t\t\t<div class=\"elementor-spacer-inner\"><\/div>\n\t\t<\/div>\n\t\t\t\t\t\t<\/div>\n\t\t\t\t<\/div>\n\t\t\t\t<div class=\"elementor-element elementor-element-41fce97 elementor-widget__width-inherit elementor-absolute elementor-hidden-tablet elementor-hidden-mobile ha-has-bg-overlay elementor-widget elementor-widget-spacer\" data-id=\"41fce97\" data-element_type=\"widget\" data-e-type=\"widget\" data-settings=\"{&quot;_position&quot;:&quot;absolute&quot;}\" data-widget_type=\"spacer.default\">\n\t\t\t\t<div class=\"elementor-widget-container\">\n\t\t\t\t\t\t\t<div class=\"elementor-spacer\">\n\t\t\t<div class=\"elementor-spacer-inner\"><\/div>\n\t\t<\/div>\n\t\t\t\t\t\t<\/div>\n\t\t\t\t<\/div>\n\t\t\t\t<div class=\"elementor-element elementor-element-96227b7 elementor-widget__width-inherit elementor-absolute elementor-hidden-tablet elementor-hidden-mobile ha-has-bg-overlay elementor-widget elementor-widget-spacer\" data-id=\"96227b7\" data-element_type=\"widget\" data-e-type=\"widget\" data-settings=\"{&quot;_position&quot;:&quot;absolute&quot;}\" data-widget_type=\"spacer.default\">\n\t\t\t\t<div class=\"elementor-widget-container\">\n\t\t\t\t\t\t\t<div class=\"elementor-spacer\">\n\t\t\t<div class=\"elementor-spacer-inner\"><\/div>\n\t\t<\/div>\n\t\t\t\t\t\t<\/div>\n\t\t\t\t<\/div>\n\t\t\t\t<div class=\"elementor-element elementor-element-de4858b elementor-widget__width-inherit elementor-absolute elementor-hidden-tablet elementor-hidden-mobile ha-has-bg-overlay elementor-widget elementor-widget-spacer\" data-id=\"de4858b\" data-element_type=\"widget\" data-e-type=\"widget\" data-settings=\"{&quot;_position&quot;:&quot;absolute&quot;}\" data-widget_type=\"spacer.default\">\n\t\t\t\t<div class=\"elementor-widget-container\">\n\t\t\t\t\t\t\t<div class=\"elementor-spacer\">\n\t\t\t<div class=\"elementor-spacer-inner\"><\/div>\n\t\t<\/div>\n\t\t\t\t\t\t<\/div>\n\t\t\t\t<\/div>\n\t\t\t\t<div class=\"elementor-element elementor-element-91539ca elementor-widget__width-inherit elementor-absolute elementor-hidden-tablet elementor-hidden-mobile ha-has-bg-overlay elementor-widget elementor-widget-spacer\" data-id=\"91539ca\" data-element_type=\"widget\" data-e-type=\"widget\" data-settings=\"{&quot;_position&quot;:&quot;absolute&quot;}\" data-widget_type=\"spacer.default\">\n\t\t\t\t<div class=\"elementor-widget-container\">\n\t\t\t\t\t\t\t<div class=\"elementor-spacer\">\n\t\t\t<div class=\"elementor-spacer-inner\"><\/div>\n\t\t<\/div>\n\t\t\t\t\t\t<\/div>\n\t\t\t\t<\/div>\n\t\t\t\t<div class=\"elementor-element elementor-element-9cc9c20 elementor-widget__width-inherit elementor-absolute elementor-hidden-tablet elementor-hidden-mobile ha-has-bg-overlay elementor-widget elementor-widget-spacer\" data-id=\"9cc9c20\" data-element_type=\"widget\" data-e-type=\"widget\" data-settings=\"{&quot;_position&quot;:&quot;absolute&quot;}\" data-widget_type=\"spacer.default\">\n\t\t\t\t<div class=\"elementor-widget-container\">\n\t\t\t\t\t\t\t<div class=\"elementor-spacer\">\n\t\t\t<div class=\"elementor-spacer-inner\"><\/div>\n\t\t<\/div>\n\t\t\t\t\t\t<\/div>\n\t\t\t\t<\/div>\n\t\t\t\t<div class=\"elementor-element elementor-element-cb979a9 elementor-widget elementor-widget-spacer\" data-id=\"cb979a9\" data-element_type=\"widget\" data-e-type=\"widget\" data-widget_type=\"spacer.default\">\n\t\t\t\t<div class=\"elementor-widget-container\">\n\t\t\t\t\t\t\t<div class=\"elementor-spacer\">\n\t\t\t<div class=\"elementor-spacer-inner\"><\/div>\n\t\t<\/div>\n\t\t\t\t\t\t<\/div>\n\t\t\t\t<\/div>\n\t\t\t\t<div class=\"elementor-element elementor-element-58b8097 elementor-widget elementor-widget-heading\" data-id=\"58b8097\" data-element_type=\"widget\" data-e-type=\"widget\" data-widget_type=\"heading.default\">\n\t\t\t\t<div class=\"elementor-widget-container\">\n\t\t\t\t\t<h2 class=\"elementor-heading-title elementor-size-default\">C\u00f3mo desarrollar aplicaciones iOS en Windows: Gu\u00eda paso a paso para desarrolladores<\/h2>\t\t\t\t<\/div>\n\t\t\t\t<\/div>\n\t\t\t\t\t<\/div>\n\t\t\t\t<\/div>\n\t\t<div class=\"elementor-element elementor-element-2c7c189 e-flex e-con-boxed e-con e-parent\" data-id=\"2c7c189\" data-element_type=\"container\" data-e-type=\"container\" data-settings=\"{&quot;background_background&quot;:&quot;classic&quot;,&quot;_ha_eqh_enable&quot;:false}\">\n\t\t\t\t\t<div class=\"e-con-inner\">\n\t\t\t\t<div class=\"elementor-element elementor-element-1b2e0ce elementor-widget elementor-widget-image\" data-id=\"1b2e0ce\" data-element_type=\"widget\" data-e-type=\"widget\" data-widget_type=\"image.default\">\n\t\t\t\t<div class=\"elementor-widget-container\">\n\t\t\t\t\t\t\t\t\t\t\t\t\t\t\t<img fetchpriority=\"high\" decoding=\"async\" width=\"1826\" height=\"1137\" src=\"https:\/\/rentamac.io\/wp-content\/uploads\/2025\/01\/BLOGPIC.png\" class=\"attachment-2048x2048 size-2048x2048 wp-image-776\" alt=\"\" srcset=\"https:\/\/rentamac.io\/wp-content\/uploads\/2025\/01\/BLOGPIC.png 1826w, https:\/\/rentamac.io\/wp-content\/uploads\/2025\/01\/BLOGPIC-300x187.png 300w, https:\/\/rentamac.io\/wp-content\/uploads\/2025\/01\/BLOGPIC-1024x638.png 1024w, https:\/\/rentamac.io\/wp-content\/uploads\/2025\/01\/BLOGPIC-768x478.png 768w, https:\/\/rentamac.io\/wp-content\/uploads\/2025\/01\/BLOGPIC-1536x956.png 1536w\" sizes=\"(max-width: 1826px) 100vw, 1826px\" \/>\t\t\t\t\t\t\t\t\t\t\t\t\t\t\t<\/div>\n\t\t\t\t<\/div>\n\t\t<div class=\"elementor-element elementor-element-96c2246 e-con-full e-flex e-con e-child\" data-id=\"96c2246\" data-element_type=\"container\" data-e-type=\"container\" data-settings=\"{&quot;_ha_eqh_enable&quot;:false}\">\n\t\t\t\t<div class=\"elementor-element elementor-element-e61ef3e elementor-widget elementor-widget-text-editor\" data-id=\"e61ef3e\" data-element_type=\"widget\" data-e-type=\"widget\" data-widget_type=\"text-editor.default\">\n\t\t\t\t<div class=\"elementor-widget-container\">\n\t\t\t\t\t\t\t\t\t<h2 data-pm-slice=\"1 1 []\">Durante a\u00f1os, se pens\u00f3 que el desarrollo de aplicaciones para iOS era un club exclusivo, que requer\u00eda un Mac reluciente y todas las herramientas que lo acompa\u00f1an. Pero, \u00bfy si eres un entusiasta de Windows con el sue\u00f1o de crear la pr\u00f3xima gran aplicaci\u00f3n para el ecosistema Apple?\u00a0<\/h2>\t\t\t\t\t\t\t\t<\/div>\n\t\t\t\t<\/div>\n\t\t\t\t<\/div>\n\t\t<div class=\"elementor-element elementor-element-d8cecac e-con-full e-flex e-con e-child\" data-id=\"d8cecac\" data-element_type=\"container\" data-e-type=\"container\" data-settings=\"{&quot;_ha_eqh_enable&quot;:false}\">\n\t\t<div class=\"elementor-element elementor-element-d8ef8de e-con-full e-flex e-con e-child\" data-id=\"d8ef8de\" data-element_type=\"container\" data-e-type=\"container\" data-settings=\"{&quot;background_background&quot;:&quot;gradient&quot;,&quot;_ha_eqh_enable&quot;:false}\">\n\t\t<div class=\"elementor-element elementor-element-215ea91 e-con-full e-flex e-con e-child\" data-id=\"215ea91\" data-element_type=\"container\" data-e-type=\"container\" data-settings=\"{&quot;_ha_eqh_enable&quot;:false}\">\n\t\t\t\t<div class=\"elementor-element elementor-element-18752a0 elementor-widget elementor-widget-heading\" data-id=\"18752a0\" data-element_type=\"widget\" data-e-type=\"widget\" data-widget_type=\"heading.default\">\n\t\t\t\t<div class=\"elementor-widget-container\">\n\t\t\t\t\t<h2 class=\"elementor-heading-title elementor-size-default\">Marcos de desarrollo multiplataforma<\/h2>\t\t\t\t<\/div>\n\t\t\t\t<\/div>\n\t\t\t\t<\/div>\n\t\t\t\t<div class=\"elementor-element elementor-element-0469eac elementor-widget elementor-widget-spacer\" data-id=\"0469eac\" data-element_type=\"widget\" data-e-type=\"widget\" data-widget_type=\"spacer.default\">\n\t\t\t\t<div class=\"elementor-widget-container\">\n\t\t\t\t\t\t\t<div class=\"elementor-spacer\">\n\t\t\t<div class=\"elementor-spacer-inner\"><\/div>\n\t\t<\/div>\n\t\t\t\t\t\t<\/div>\n\t\t\t\t<\/div>\n\t\t\t\t<div class=\"elementor-element elementor-element-71851bd elementor-widget elementor-widget-text-editor\" data-id=\"71851bd\" data-element_type=\"widget\" data-e-type=\"widget\" data-widget_type=\"text-editor.default\">\n\t\t\t\t<div class=\"elementor-widget-container\">\n\t\t\t\t\t\t\t\t\t<p><strong>Las herramientas multiplataforma permiten a los desarrolladores escribir el c\u00f3digo una sola vez y desplegarlo en m\u00faltiples plataformas, incluidas iOS y Android.<\/strong><\/p><p><strong>Aunque las herramientas multiplataforma como React Native, especialmente con Expo Application Services (EAS), permiten a los desarrolladores crear apps para iOS sin acceso directo a macOS, existen ciertas limitaciones. Por ejemplo, algunos m\u00f3dulos nativos avanzados o c\u00f3digo nativo personalizado pueden requerir un entorno macOS para una configuraci\u00f3n y pruebas adecuadas. Adem\u00e1s, crear y distribuir aplicaciones iOS sin una cuenta de desarrollador de Apple de pago puede ser complicado, ya que algunas funciones y capacidades est\u00e1n restringidas. \u00a0 \u00a0 \u00a0 \u00a0 \u00a0 \u00a0 \u00a0 \u00a0 \u00a0 \u00a0 \u00a0 \u00a0 <\/strong><\/p>\t\t\t\t\t\t\t\t<\/div>\n\t\t\t\t<\/div>\n\t\t\t\t<div class=\"elementor-element elementor-element-85af91f elementor-widget elementor-widget-spacer\" data-id=\"85af91f\" data-element_type=\"widget\" data-e-type=\"widget\" data-widget_type=\"spacer.default\">\n\t\t\t\t<div class=\"elementor-widget-container\">\n\t\t\t\t\t\t\t<div class=\"elementor-spacer\">\n\t\t\t<div class=\"elementor-spacer-inner\"><\/div>\n\t\t<\/div>\n\t\t\t\t\t\t<\/div>\n\t\t\t\t<\/div>\n\t\t\t\t<\/div>\n\t\t<div class=\"elementor-element elementor-element-91a9f98 e-grid e-con-full e-con e-child\" data-id=\"91a9f98\" data-element_type=\"container\" data-e-type=\"container\" data-settings=\"{&quot;background_background&quot;:&quot;classic&quot;,&quot;_ha_eqh_enable&quot;:false}\">\n\t\t\t\t<div class=\"elementor-element elementor-element-762b2aa elementor-widget elementor-widget-heading\" data-id=\"762b2aa\" data-element_type=\"widget\" data-e-type=\"widget\" data-widget_type=\"heading.default\">\n\t\t\t\t<div class=\"elementor-widget-container\">\n\t\t\t\t\t<h2 class=\"elementor-heading-title elementor-size-default\">M\u00e1quinas virtuales\ny Hackintosh<\/h2>\t\t\t\t<\/div>\n\t\t\t\t<\/div>\n\t\t\t\t<div class=\"elementor-element elementor-element-5fd12bd elementor-widget elementor-widget-text-editor\" data-id=\"5fd12bd\" data-element_type=\"widget\" data-e-type=\"widget\" data-widget_type=\"text-editor.default\">\n\t\t\t\t<div class=\"elementor-widget-container\">\n\t\t\t\t\t\t\t\t\t<p>Configurar una m\u00e1quina virtual de macOS o un Hackintosh (instalar macOS en hardware que no sea de Apple) son m\u00e9todos potenciales, pero conllevan desaf\u00edos legales y t\u00e9cnicos. Los acuerdos de licencia de Apple proh\u00edben ejecutar macOS en hardware que no sea de Apple, y las m\u00e1quinas virtuales pueden no ofrecer el rendimiento o la estabilidad necesarios para el desarrollo.<\/p>\t\t\t\t\t\t\t\t<\/div>\n\t\t\t\t<\/div>\n\t\t\t\t<\/div>\n\t\t<div class=\"elementor-element elementor-element-99123a6 e-grid e-con-full e-con e-child\" data-id=\"99123a6\" data-element_type=\"container\" data-e-type=\"container\" data-settings=\"{&quot;_ha_eqh_enable&quot;:false}\">\n\t\t\t\t<div class=\"elementor-element elementor-element-ef0a2d7 elementor-widget elementor-widget-image\" data-id=\"ef0a2d7\" data-element_type=\"widget\" data-e-type=\"widget\" data-widget_type=\"image.default\">\n\t\t\t\t<div class=\"elementor-widget-container\">\n\t\t\t\t\t\t\t\t\t\t\t\t\t\t\t<img decoding=\"async\" width=\"800\" height=\"533\" src=\"https:\/\/rentamac.io\/wp-content\/uploads\/2025\/01\/freepik__upload__50571-1024x682.jpeg\" class=\"attachment-large size-large wp-image-778\" alt=\"\" srcset=\"https:\/\/rentamac.io\/wp-content\/uploads\/2025\/01\/freepik__upload__50571-1024x682.jpeg 1024w, https:\/\/rentamac.io\/wp-content\/uploads\/2025\/01\/freepik__upload__50571-300x200.jpeg 300w, https:\/\/rentamac.io\/wp-content\/uploads\/2025\/01\/freepik__upload__50571-768x512.jpeg 768w, https:\/\/rentamac.io\/wp-content\/uploads\/2025\/01\/freepik__upload__50571-1536x1024.jpeg 1536w, https:\/\/rentamac.io\/wp-content\/uploads\/2025\/01\/freepik__upload__50571-1200x800.jpeg 1200w, https:\/\/rentamac.io\/wp-content\/uploads\/2025\/01\/freepik__upload__50571.jpeg 2000w\" sizes=\"(max-width: 800px) 100vw, 800px\" \/>\t\t\t\t\t\t\t\t\t\t\t\t\t\t\t<\/div>\n\t\t\t\t<\/div>\n\t\t\t\t<div class=\"elementor-element elementor-element-dd18dea elementor-widget elementor-widget-text-editor\" data-id=\"dd18dea\" data-element_type=\"widget\" data-e-type=\"widget\" data-widget_type=\"text-editor.default\">\n\t\t\t\t<div class=\"elementor-widget-container\">\n\t\t\t\t\t\t\t\t\t<h3><strong>Servicios Mac basados en la nube<\/strong><\/h3><p>Alquilar un Mac en la nube proporciona acceso remoto a macOS, lo que permite utilizar Xcode y otras herramientas nativas desde un PC con Windows.<\/p><p>\u00a0<\/p><p><strong>Alquilar un Mac<\/strong>: Ofrece un acceso flexible y sin complicaciones a dispositivos Apple de primer nivel mediante conexiones de escritorio remoto. Con plenos privilegios administrativos, los desarrolladores pueden instalar el software necesario y gestionar su entorno de desarrollo de forma eficiente. Proporciona servidores Mac en la nube gestionados y dedicados, que permiten a los desarrolladores acceder a entornos macOS de forma remota para desarrollar y probar apps.<\/p>\t\t\t\t\t\t\t\t<\/div>\n\t\t\t\t<\/div>\n\t\t\t\t<\/div>\n\t\t\t\t<\/div>\n\t\t<div class=\"elementor-element elementor-element-c0ba9af e-con-full e-flex e-con e-child\" data-id=\"c0ba9af\" data-element_type=\"container\" data-e-type=\"container\" data-settings=\"{&quot;_ha_eqh_enable&quot;:false}\">\n\t\t\t\t<div class=\"elementor-element elementor-element-671ff10 elementor-widget elementor-widget-spacer\" data-id=\"671ff10\" data-element_type=\"widget\" data-e-type=\"widget\" data-widget_type=\"spacer.default\">\n\t\t\t\t<div class=\"elementor-widget-container\">\n\t\t\t\t\t\t\t<div class=\"elementor-spacer\">\n\t\t\t<div class=\"elementor-spacer-inner\"><\/div>\n\t\t<\/div>\n\t\t\t\t\t\t<\/div>\n\t\t\t\t<\/div>\n\t\t\t\t<div class=\"elementor-element elementor-element-cccefef elementor-widget elementor-widget-text-editor\" data-id=\"cccefef\" data-element_type=\"widget\" data-e-type=\"widget\" data-widget_type=\"text-editor.default\">\n\t\t\t\t<div class=\"elementor-widget-container\">\n\t\t\t\t\t\t\t\t\t<h1>Utilizando los servicios de Rentamac.io, los desarrolladores pueden:<\/h1>\t\t\t\t\t\t\t\t<\/div>\n\t\t\t\t<\/div>\n\t\t<div class=\"elementor-element elementor-element-4e54e17 e-grid e-con-full e-con e-child\" data-id=\"4e54e17\" data-element_type=\"container\" data-e-type=\"container\" data-settings=\"{&quot;background_background&quot;:&quot;classic&quot;,&quot;_ha_eqh_enable&quot;:false}\">\n\t\t\t\t<div class=\"elementor-element elementor-element-5c7d12a elementor-widget elementor-widget-heading\" data-id=\"5c7d12a\" data-element_type=\"widget\" data-e-type=\"widget\" data-widget_type=\"heading.default\">\n\t\t\t\t<div class=\"elementor-widget-container\">\n\t\t\t\t\t<h2 class=\"elementor-heading-title elementor-size-default\">Accede a un entorno macOS completo: Esto es crucial para las tareas que requieren Xcode u otras herramientas espec\u00edficas de macOS.<\/h2>\t\t\t\t<\/div>\n\t\t\t\t<\/div>\n\t\t\t\t<div class=\"elementor-element elementor-element-dc70118 elementor-widget elementor-widget-heading\" data-id=\"dc70118\" data-element_type=\"widget\" data-e-type=\"widget\" data-widget_type=\"heading.default\">\n\t\t\t\t<div class=\"elementor-widget-container\">\n\t\t\t\t\t<h2 class=\"elementor-heading-title elementor-size-default\">Pruebe y depure en hardware macOS real: Garantizar que las aplicaciones funcionan de forma \u00f3ptima en el hardware real de Apple.<\/h2>\t\t\t\t<\/div>\n\t\t\t\t<\/div>\n\t\t\t\t<div class=\"elementor-element elementor-element-4db48a9 elementor-widget elementor-widget-heading\" data-id=\"4db48a9\" data-element_type=\"widget\" data-e-type=\"widget\" data-widget_type=\"heading.default\">\n\t\t\t\t<div class=\"elementor-widget-container\">\n\t\t\t\t\t<h2 class=\"elementor-heading-title elementor-size-default\">Manejar integraciones avanzadas de c\u00f3digo nativo: Algunos m\u00f3dulos nativos pueden requerir macOS para su correcta configuraci\u00f3n y prueba.<\/h2>\t\t\t\t<\/div>\n\t\t\t\t<\/div>\n\t\t\t\t<div class=\"elementor-element elementor-element-1f08f72 elementor-widget elementor-widget-heading\" data-id=\"1f08f72\" data-element_type=\"widget\" data-e-type=\"widget\" data-widget_type=\"heading.default\">\n\t\t\t\t<div class=\"elementor-widget-container\">\n\t\t\t\t\t<h2 class=\"elementor-heading-title elementor-size-default\">Cumpla los requisitos del App Store de Apple: Algunos procesos de env\u00edo a la tienda de aplicaciones requieren acciones que solo pueden realizarse en macOS.<\/h2>\t\t\t\t<\/div>\n\t\t\t\t<\/div>\n\t\t\t\t<\/div>\n\t\t\t\t<\/div>\n\t\t<div class=\"elementor-element elementor-element-98a16a7 e-con-full e-flex e-con e-child\" data-id=\"98a16a7\" data-element_type=\"container\" data-e-type=\"container\" data-settings=\"{&quot;_ha_eqh_enable&quot;:false}\">\n\t\t\t\t<div class=\"elementor-element elementor-element-feea531 elementor-widget elementor-widget-spacer\" data-id=\"feea531\" data-element_type=\"widget\" data-e-type=\"widget\" data-widget_type=\"spacer.default\">\n\t\t\t\t<div class=\"elementor-widget-container\">\n\t\t\t\t\t\t\t<div class=\"elementor-spacer\">\n\t\t\t<div class=\"elementor-spacer-inner\"><\/div>\n\t\t<\/div>\n\t\t\t\t\t\t<\/div>\n\t\t\t\t<\/div>\n\t\t\t\t<div class=\"elementor-element elementor-element-9063ba8 elementor-widget elementor-widget-heading\" data-id=\"9063ba8\" data-element_type=\"widget\" data-e-type=\"widget\" data-widget_type=\"heading.default\">\n\t\t\t\t<div class=\"elementor-widget-container\">\n\t\t\t\t\t<h1 class=\"elementor-heading-title elementor-size-default\">C\u00f3mo configurar tu Mac de forma remota.<\/h1>\t\t\t\t<\/div>\n\t\t\t\t<\/div>\n\t\t\t\t<div class=\"elementor-element elementor-element-aefec63 elementor-widget elementor-widget-spacer\" data-id=\"aefec63\" data-element_type=\"widget\" data-e-type=\"widget\" data-widget_type=\"spacer.default\">\n\t\t\t\t<div class=\"elementor-widget-container\">\n\t\t\t\t\t\t\t<div class=\"elementor-spacer\">\n\t\t\t<div class=\"elementor-spacer-inner\"><\/div>\n\t\t<\/div>\n\t\t\t\t\t\t<\/div>\n\t\t\t\t<\/div>\n\t\t\t\t<\/div>\n\t\t<div class=\"elementor-element elementor-element-d10bb4f e-grid e-con-full e-con e-child\" data-id=\"d10bb4f\" data-element_type=\"container\" data-e-type=\"container\" data-settings=\"{&quot;_ha_eqh_enable&quot;:false}\">\n\t\t\t\t<div class=\"elementor-element elementor-element-e9e0064 elementor-widget elementor-widget-image\" data-id=\"e9e0064\" data-element_type=\"widget\" data-e-type=\"widget\" data-widget_type=\"image.default\">\n\t\t\t\t<div class=\"elementor-widget-container\">\n\t\t\t\t\t\t\t\t\t\t\t\t\t\t\t<img decoding=\"async\" width=\"640\" height=\"640\" src=\"https:\/\/rentamac.io\/wp-content\/uploads\/2025\/01\/remote-access.gif\" class=\"attachment-medium_large size-medium_large wp-image-784\" alt=\"\" \/>\t\t\t\t\t\t\t\t\t\t\t\t\t\t\t<\/div>\n\t\t\t\t<\/div>\n\t\t\t\t<div class=\"elementor-element elementor-element-e556f7d ha-has-bg-overlay elementor-widget elementor-widget-text-editor\" data-id=\"e556f7d\" data-element_type=\"widget\" data-e-type=\"widget\" data-widget_type=\"text-editor.default\">\n\t\t\t\t<div class=\"elementor-widget-container\">\n\t\t\t\t\t\t\t\t\t<p>Si tienes un Mac, puedes configurarlo para el acceso remoto y conectarte a \u00e9l desde tu PC con Windows. Este m\u00e9todo requiere una conexi\u00f3n a Internet fiable y una configuraci\u00f3n adecuada, pero te permite utilizar el hardware que ya tienes.<\/p><h6>\u00a0<\/h6><p>Aunque el desarrollo de aplicaciones iOS en un PC con Windows presenta desaf\u00edos, estos m\u00e9todos ofrecen soluciones viables. Para muchos desarrolladores, utilizar servicios Mac basados en la nube como <a href=\"https:\/\/rentamac.io\/es\/\" target=\"_new\" rel=\"noopener\">Alquilar un Mac<\/a> ofrece un enfoque rentable y eficaz, ya que elimina la necesidad de disponer de hardware Mac f\u00edsico al tiempo que proporciona acceso a las herramientas de desarrollo necesarias.<\/p>\t\t\t\t\t\t\t\t<\/div>\n\t\t\t\t<\/div>\n\t\t\t\t<\/div>\n\t\t\t\t<div class=\"elementor-element elementor-element-8d9a947 elementor-widget elementor-widget-spacer\" data-id=\"8d9a947\" data-element_type=\"widget\" data-e-type=\"widget\" data-widget_type=\"spacer.default\">\n\t\t\t\t<div class=\"elementor-widget-container\">\n\t\t\t\t\t\t\t<div class=\"elementor-spacer\">\n\t\t\t<div class=\"elementor-spacer-inner\"><\/div>\n\t\t<\/div>\n\t\t\t\t\t\t<\/div>\n\t\t\t\t<\/div>\n\t\t\t\t\t<\/div>\n\t\t\t\t<\/div>\n\t\t\t\t<\/div>","protected":false},"excerpt":{"rendered":"<p>How to Develop iOS Apps on Windows: Step-by-Step Guide for Developers For years, developing iOS apps was thought to be an exclusive club, requiring a shiny Mac and all the tools that come with it. But what if you\u2019re a Windows enthusiast with dreams of creating the next big app for the Apple ecosystem?\u00a0 Cross-Platform [&hellip;]<\/p>\n","protected":false},"author":1,"featured_media":0,"parent":0,"menu_order":0,"comment_status":"closed","ping_status":"closed","template":"elementor_header_footer","meta":{"footnotes":""},"class_list":["post-59","page","type-page","status-publish","hentry"],"_links":{"self":[{"href":"https:\/\/rentamac.io\/es\/wp-json\/wp\/v2\/pages\/59","targetHints":{"allow":["GET"]}}],"collection":[{"href":"https:\/\/rentamac.io\/es\/wp-json\/wp\/v2\/pages"}],"about":[{"href":"https:\/\/rentamac.io\/es\/wp-json\/wp\/v2\/types\/page"}],"author":[{"embeddable":true,"href":"https:\/\/rentamac.io\/es\/wp-json\/wp\/v2\/users\/1"}],"replies":[{"embeddable":true,"href":"https:\/\/rentamac.io\/es\/wp-json\/wp\/v2\/comments?post=59"}],"version-history":[{"count":33,"href":"https:\/\/rentamac.io\/es\/wp-json\/wp\/v2\/pages\/59\/revisions"}],"predecessor-version":[{"id":978,"href":"https:\/\/rentamac.io\/es\/wp-json\/wp\/v2\/pages\/59\/revisions\/978"}],"wp:attachment":[{"href":"https:\/\/rentamac.io\/es\/wp-json\/wp\/v2\/media?parent=59"}],"curies":[{"name":"wp","href":"https:\/\/api.w.org\/{rel}","templated":true}]}}