{"id":2705,"date":"2025-04-24T10:19:54","date_gmt":"2025-04-24T10:19:54","guid":{"rendered":"https:\/\/rentamac.io\/?page_id=2705"},"modified":"2025-04-24T10:22:00","modified_gmt":"2025-04-24T10:22:00","slug":"como-empezar","status":"publish","type":"page","link":"https:\/\/rentamac.io\/es\/how-to-get-started\/","title":{"rendered":"Empieza con Rentamac.io"},"content":{"rendered":"<div data-elementor-type=\"wp-page\" data-elementor-id=\"2705\" class=\"elementor elementor-2705\" data-elementor-settings=\"{&quot;ha_cmc_init_switcher&quot;:&quot;no&quot;}\" data-elementor-post-type=\"page\">\n\t\t\t\t<div class=\"elementor-element elementor-element-b60e170 e-flex e-con-boxed e-con e-parent\" data-id=\"b60e170\" data-element_type=\"container\" data-e-type=\"container\" data-settings=\"{&quot;_ha_eqh_enable&quot;:false}\">\n\t\t\t\t\t<div class=\"e-con-inner\">\n\t\t\t\t<div class=\"elementor-element elementor-element-93dffa1 elementor-widget elementor-widget-image\" data-id=\"93dffa1\" data-element_type=\"widget\" data-e-type=\"widget\" data-widget_type=\"image.default\">\n\t\t\t\t<div class=\"elementor-widget-container\">\n\t\t\t\t\t\t\t\t\t\t\t\t\t\t\t<img fetchpriority=\"high\" decoding=\"async\" width=\"800\" height=\"533\" src=\"https:\/\/rentamac.io\/wp-content\/uploads\/2025\/04\/how_to_get_started_with_rentamac-1-1024x682.jpg\" class=\"attachment-large size-large wp-image-2714\" alt=\"C\u00f3mo empezar con rentamac\" srcset=\"https:\/\/rentamac.io\/wp-content\/uploads\/2025\/04\/how_to_get_started_with_rentamac-1-1024x682.jpg 1024w, https:\/\/rentamac.io\/wp-content\/uploads\/2025\/04\/how_to_get_started_with_rentamac-1-300x200.jpg 300w, https:\/\/rentamac.io\/wp-content\/uploads\/2025\/04\/how_to_get_started_with_rentamac-1-768x512.jpg 768w, https:\/\/rentamac.io\/wp-content\/uploads\/2025\/04\/how_to_get_started_with_rentamac-1.jpg 1229w\" sizes=\"(max-width: 800px) 100vw, 800px\" \/>\t\t\t\t\t\t\t\t\t\t\t\t\t\t\t<\/div>\n\t\t\t\t<\/div>\n\t\t\t\t<div class=\"elementor-element elementor-element-ebf012e elementor-widget elementor-widget-text-editor\" data-id=\"ebf012e\" data-element_type=\"widget\" data-e-type=\"widget\" data-widget_type=\"text-editor.default\">\n\t\t\t\t<div class=\"elementor-widget-container\">\n\t\t\t\t\t\t\t\t\t<p>Para empezar con RentAMac.io, debes seleccionar un plan, elegir la opci\u00f3n de pago preferida, conectarte a un Mac mini y configurar tu espacio de trabajo.<\/p><h3 style=\"font-family: Arial, sans-serif; color: #ffffff;\"><span style=\"font-weight: 400;\">Paso 1. Seleccione un plan Seleccione un plan<\/span><\/h3><p>En este paso, vaya a\u00a0<a href=\"https:\/\/rentamac.io\/es\/precios\/\">Precios<\/a>\u00a0en el men\u00fa, compruebe los planes disponibles y haga clic en el bot\u00f3n Comprar plan. A continuaci\u00f3n, se le redirigir\u00e1 a la p\u00e1gina de pago.\u00a0<\/p><h3 style=\"font-family: Arial, sans-serif; color: #ffffff;\"><span style=\"font-weight: 400;\">Segundo paso Seleccione el m\u00e9todo de pago y proceda<\/span><\/h3><p>RentAMac.io ofrece varios m\u00e9todos de pago, como Link, Amazon Pay, Apple Pay y una opci\u00f3n de tarjeta de cr\u00e9dito.<\/p><p><img decoding=\"async\" class=\"aligncenter wp-image-2669 size-full\" src=\"https:\/\/rentamac.io\/wp-content\/uploads\/2025\/04\/subscribe-rentamac.jpg\" alt=\"Suscribirse a rentamac\" width=\"1781\" height=\"1176\" srcset=\"https:\/\/rentamac.io\/wp-content\/uploads\/2025\/04\/subscribe-rentamac.jpg 1781w, https:\/\/rentamac.io\/wp-content\/uploads\/2025\/04\/subscribe-rentamac-300x198.jpg 300w, https:\/\/rentamac.io\/wp-content\/uploads\/2025\/04\/subscribe-rentamac-1024x676.jpg 1024w, https:\/\/rentamac.io\/wp-content\/uploads\/2025\/04\/subscribe-rentamac-768x507.jpg 768w, https:\/\/rentamac.io\/wp-content\/uploads\/2025\/04\/subscribe-rentamac-1536x1014.jpg 1536w\" sizes=\"(max-width: 1781px) 100vw, 1781px\" \/><\/p><h3 style=\"font-family: Arial, sans-serif; color: #ffffff;\"><span style=\"font-weight: 400;\">Paso 3. Seleccione y conecte su Mac mini<\/span><\/h3><p>Una vez procesado el pago, se le redirige a la p\u00e1gina de configuraci\u00f3n, que refleja el estado de la configuraci\u00f3n del dispositivo Mac.<\/p><p><img decoding=\"async\" class=\"aligncenter wp-image-2672 size-full\" src=\"https:\/\/rentamac.io\/wp-content\/uploads\/2025\/04\/mac-mini-setup-1-scaled.jpg\" alt=\"Configuraci\u00f3n del Mac mini\" width=\"2560\" height=\"1273\" srcset=\"https:\/\/rentamac.io\/wp-content\/uploads\/2025\/04\/mac-mini-setup-1-scaled.jpg 2560w, https:\/\/rentamac.io\/wp-content\/uploads\/2025\/04\/mac-mini-setup-1-300x149.jpg 300w, https:\/\/rentamac.io\/wp-content\/uploads\/2025\/04\/mac-mini-setup-1-1024x509.jpg 1024w, https:\/\/rentamac.io\/wp-content\/uploads\/2025\/04\/mac-mini-setup-1-768x382.jpg 768w, https:\/\/rentamac.io\/wp-content\/uploads\/2025\/04\/mac-mini-setup-1-1536x764.jpg 1536w, https:\/\/rentamac.io\/wp-content\/uploads\/2025\/04\/mac-mini-setup-1-2048x1018.jpg 2048w\" sizes=\"(max-width: 2560px) 100vw, 2560px\" \/><\/p><p>Al conectarse a su Mac mini, se encontrar\u00e1 en el panel de control, donde podr\u00e1 ver las credenciales de las conexiones de AnyDesk y las credenciales de administrador del Mac mini.<\/p><p><img loading=\"lazy\" decoding=\"async\" class=\"aligncenter size-full wp-image-2615\" src=\"https:\/\/rentamac.io\/wp-content\/uploads\/2025\/04\/rentamac-anydesk-download.jpg\" alt=\"rentamac-anydesk-download\" width=\"1920\" height=\"1080\" srcset=\"https:\/\/rentamac.io\/wp-content\/uploads\/2025\/04\/rentamac-anydesk-download.jpg 1920w, https:\/\/rentamac.io\/wp-content\/uploads\/2025\/04\/rentamac-anydesk-download-300x169.jpg 300w, https:\/\/rentamac.io\/wp-content\/uploads\/2025\/04\/rentamac-anydesk-download-1024x576.jpg 1024w, https:\/\/rentamac.io\/wp-content\/uploads\/2025\/04\/rentamac-anydesk-download-768x432.jpg 768w, https:\/\/rentamac.io\/wp-content\/uploads\/2025\/04\/rentamac-anydesk-download-1536x864.jpg 1536w\" sizes=\"(max-width: 1920px) 100vw, 1920px\" \/><\/p><p>Una vez que haya configurado y preparado AnyDesk, copie su ID de AnyDesk y p\u00e9guelo en el campo de inicio de sesi\u00f3n de la aplicaci\u00f3n AnyDesk:<\/p><p><img loading=\"lazy\" decoding=\"async\" class=\"aligncenter size-full wp-image-2614\" src=\"https:\/\/rentamac.io\/wp-content\/uploads\/2025\/04\/rentamac-anydesk-connect.jpg\" alt=\"rentamac-anydesk-connect\" width=\"1920\" height=\"1080\" srcset=\"https:\/\/rentamac.io\/wp-content\/uploads\/2025\/04\/rentamac-anydesk-connect.jpg 1920w, https:\/\/rentamac.io\/wp-content\/uploads\/2025\/04\/rentamac-anydesk-connect-300x169.jpg 300w, https:\/\/rentamac.io\/wp-content\/uploads\/2025\/04\/rentamac-anydesk-connect-1024x576.jpg 1024w, https:\/\/rentamac.io\/wp-content\/uploads\/2025\/04\/rentamac-anydesk-connect-768x432.jpg 768w, https:\/\/rentamac.io\/wp-content\/uploads\/2025\/04\/rentamac-anydesk-connect-1536x864.jpg 1536w\" sizes=\"(max-width: 1920px) 100vw, 1920px\" \/><\/p><p>A continuaci\u00f3n, aparecer\u00e1 la ventana de autorizaci\u00f3n. Introduzca su contrase\u00f1a y pulse OK.<\/p><h3 style=\"font-family: Arial, sans-serif; color: #ffffff;\"><span style=\"font-weight: 400;\">Paso 5. Paso 5. \u00a1Disfrute!<\/span><\/h3><p>En este paso, estar\u00e1 conectado a su Mac mini remoto y podr\u00e1 empezar a trabajar en sus tareas.<\/p><p><img loading=\"lazy\" decoding=\"async\" class=\"aligncenter wp-image-2673 size-full\" src=\"https:\/\/rentamac.io\/wp-content\/uploads\/2025\/04\/anydesk-view.jpg\" alt=\"Vista Anydesk\" width=\"1536\" height=\"864\" srcset=\"https:\/\/rentamac.io\/wp-content\/uploads\/2025\/04\/anydesk-view.jpg 1536w, https:\/\/rentamac.io\/wp-content\/uploads\/2025\/04\/anydesk-view-300x169.jpg 300w, https:\/\/rentamac.io\/wp-content\/uploads\/2025\/04\/anydesk-view-1024x576.jpg 1024w, https:\/\/rentamac.io\/wp-content\/uploads\/2025\/04\/anydesk-view-768x432.jpg 768w\" sizes=\"(max-width: 1536px) 100vw, 1536px\" \/><\/p><p>En la pantalla, tambi\u00e9n tiene una ventana que muestra sus derechos administrativos.\u00a0<\/p><p><img loading=\"lazy\" decoding=\"async\" class=\"aligncenter wp-image-2674 size-full\" src=\"https:\/\/rentamac.io\/wp-content\/uploads\/2025\/04\/anydesk-view-2.jpg\" alt=\"anydesk vista 2\" width=\"1536\" height=\"864\" srcset=\"https:\/\/rentamac.io\/wp-content\/uploads\/2025\/04\/anydesk-view-2.jpg 1536w, https:\/\/rentamac.io\/wp-content\/uploads\/2025\/04\/anydesk-view-2-300x169.jpg 300w, https:\/\/rentamac.io\/wp-content\/uploads\/2025\/04\/anydesk-view-2-1024x576.jpg 1024w, https:\/\/rentamac.io\/wp-content\/uploads\/2025\/04\/anydesk-view-2-768x432.jpg 768w\" sizes=\"(max-width: 1536px) 100vw, 1536px\" \/><\/p><p>As\u00ed pues, ya est\u00e1 listo para explorar las ventajas de trabajar en un Mac mini con RentAMac.\u00a0<\/p><p><span style=\"font-weight: bold;\"><i>\u00bfDesea obtener acceso en l\u00ednea a un ordenador Mac dedicado?\u00a0<\/i><\/span><\/p><p><a href=\"https:\/\/rentamac.io\/es\/\"><i>Alquilar un Mac<\/i><\/a><i>\u00a0y tendr\u00e1s acceso al Mac mini dedicado con todos los derechos de administrador durante todo el alquiler.\u00a0<\/i><\/p>\t\t\t\t\t\t\t\t<\/div>\n\t\t\t\t<\/div>\n\t\t\t\t\t<\/div>\n\t\t\t\t<\/div>\n\t\t\t\t<\/div>","protected":false},"excerpt":{"rendered":"<p>To get started with RentAMac.io, you must select a plan, choose the preferred payment option, connect to a Mac mini, and set up your workspace. Step 1. Select a plan At this step, go to the\u00a0Pricing\u00a0tab in the menu, check the available plans, and click the Buy Plan button. You will then be redirected to [&hellip;]<\/p>\n","protected":false},"author":3,"featured_media":0,"parent":0,"menu_order":0,"comment_status":"closed","ping_status":"closed","template":"","meta":{"footnotes":""},"class_list":["post-2705","page","type-page","status-publish","hentry"],"_links":{"self":[{"href":"https:\/\/rentamac.io\/es\/wp-json\/wp\/v2\/pages\/2705","targetHints":{"allow":["GET"]}}],"collection":[{"href":"https:\/\/rentamac.io\/es\/wp-json\/wp\/v2\/pages"}],"about":[{"href":"https:\/\/rentamac.io\/es\/wp-json\/wp\/v2\/types\/page"}],"author":[{"embeddable":true,"href":"https:\/\/rentamac.io\/es\/wp-json\/wp\/v2\/users\/3"}],"replies":[{"embeddable":true,"href":"https:\/\/rentamac.io\/es\/wp-json\/wp\/v2\/comments?post=2705"}],"version-history":[{"count":15,"href":"https:\/\/rentamac.io\/es\/wp-json\/wp\/v2\/pages\/2705\/revisions"}],"predecessor-version":[{"id":2726,"href":"https:\/\/rentamac.io\/es\/wp-json\/wp\/v2\/pages\/2705\/revisions\/2726"}],"wp:attachment":[{"href":"https:\/\/rentamac.io\/es\/wp-json\/wp\/v2\/media?parent=2705"}],"curies":[{"name":"wp","href":"https:\/\/api.w.org\/{rel}","templated":true}]}}